{"id":658524,"date":"2025-04-29T04:40:24","date_gmt":"2025-04-29T03:40:24","guid":{"rendered":"https:\/\/shop.kustom.ch\/?post_type=product&#038;p=658524"},"modified":"2026-03-31T08:37:27","modified_gmt":"2026-03-31T07:37:27","slug":"striker-piratenshorts-mit-stretch","status":"publish","type":"product","link":"https:\/\/shop.kustom.ch\/it\/prodotto\/striker-piratenshorts-mit-stretch\/","title":{"rendered":"Pantaloncini da pirata STRIKER con elastico"},"content":{"rendered":"<p>Resistenti pantaloncini da pirata in twill elasticizzato CORDURA\u00ae a 2 vie che offrono davvero il massimo comfort, con pannelli elasticizzati sul cavallo, sul carr\u00e9 e sul retro delle ginocchia per una libert\u00e0 di movimento ottimale. I pantaloncini da pirata sono dotati di vita alta sul retro, tasche con chiodi staccabili e ventilazione sulle ginocchia e sul carr\u00e9. Le tasche per ginocchiere in CORDURA\u00ae stretch offrono protezione e comfort quando ci si inginocchia.* Twill elasticizzato CORDURA\u00ae a 2 vie con migliorata solidit\u00e0 dei colori e durata nel tempo* Elastico a 4 vie nel cavallo, nel carr\u00e9 e nella parte posteriore delle ginocchia* Nuove tasche per ginocchiere in CORDURA\u00ae elasticizzato di alta qualit\u00e0* Ventilazione nel carr\u00e9 e nella parte posteriore delle ginocchia* Linea di vita rialzata sul retro* Tasca per chiodi rimovibile e sostituibile* Tasche per cellulare in rete* Passante rimovibile e sostituibile per portamartello<\/p>\n<p>FUNZIONALIT\u00c0: elasticizzato a 2 vie con inserti elasticizzati a 4 vie. Ventilazione nel carr\u00e9, nella parte posteriore del ginocchio e all'interno delle tasche del ginocchio. Inserti elasticizzati nel cavallo, nel polpaccio e nella tasca della ginocchiera. Gambe dei pantaloni particolarmente ergonomiche. Schienale rialzato in vita per un maggiore comfort quando si \u00e8 in ginocchio. Vestibilit\u00e0 regolare. DETTAGLI: Tasca per carte d'identit\u00e0 staccabile. Passante per martello sul lato. Bottoni in metallo. Cucitura interna della gamba con tripla impuntura. Zip in plastica sul cavallo. Tirazip con cordino riflettente. Ampio passante sul retro. Anello a D sulla cintura. Vita alta sul retro. Vita regolabile. TASCHE: Tasca sulla gamba con soffietto e patta con chiusura a velcro e tasca interna per cellulare in rete. Tasca sulla gamba con zip. Tasca posteriore con soffietto. Tasche per ginocchiere con materiale elastico all'interno e all'esterno per una migliore vestibilit\u00e0 ergonomica. Tasche laterali. Tasche portautensili - staccabili ed extra larghe, con passanti per utensili e scomparti supplementari per utensili. Tasca rinforzata per regolo pieghevole con portacoltelli e portapenne. RINFORZO: tasche per ginocchiere rinforzate in CORDURA\u00ae. Tasche rinforzate in CORDURA\u00ae. REFLEX: strisce nere riflettenti sul retro della gamba. ISTRUZIONI DI LAVAGGIO: 60\u00b0 C. Stiratura bassa. Non candeggiare. Non lavare a secco. Non centrifugare. PROPRIET\u00c0 PRINCIPALI: Elettricista. Giardiniere. Tuttofare. Idraulico. Magazziniere. Idraulico. Uomo. EN 14004. TESSUTO: Uomo. marrone. verde. nero. Tasche per ginocchiere. elasticizzato. Tasche per attrezzi. Artigianale. Stretch. USP: Tasche portautensili staccabili. Vita rialzata sul retro. Tasche per ginocchiere in CORDURA\u00ae stretch rinforzato. Dettagli riflettenti neri. Inserti elasticizzati. Gambe preformate. CERTIFICAZIONE: EN 14404:2004+A1:2010 insieme alle ginocchiere 4027, 4057, 4058 e 4032.<\/p>\n<p>Cotone 51%, poliestere 32%, poliammide 17%, twill, elasticizzato, 340 g\/m\u00b2.<\/p>","protected":false},"excerpt":{"rendered":"<p>Strapazierf\u00e4hige Piratenshorts aus 2-Wege-CORDURA\u00ae Stretch Twill, die wirklich ultimativen Komfort bieten, mit Stretcheins\u00e4tzen im Schritt, an der Passe und in den Kniekehlen f\u00fcr optimale Bewegungsfreiheit. Die Piratenshorts haben einen hohen Bund hinten, abnehmbare Nageltaschen und Bel\u00fcftung an den Knien und der Passe. Kniepolstertaschen aus CORDURA\u00ae-Stretch bieten Schutz und Komfort beim Knien.* 2-Wege CORDURA\u00ae Stretch Twill [&hellip;]<\/p>\n","protected":false},"featured_media":658570,"template":"","meta":[],"product_brand":[],"product_cat":[4198],"product_tag":[],"class_list":{"0":"post-658524","1":"product","2":"type-product","3":"status-publish","4":"has-post-thumbnail","6":"product_cat-shorts","7":"pa_brand-blaklaeder","8":"pa_brand-type-workwear","9":"pa_filter-color-blau","10":"pa_filter-color-gruen","11":"pa_filter-color-orange","12":"pa_filter-color-schwarz","14":"first","15":"instock","16":"sale","17":"taxable","18":"shipping-taxable","19":"purchasable","20":"product-type-variable","21":"add-to-wishlist-before_image"},"exclude_global_add_ons":[],"addons":[],"acf":[],"_links":{"self":[{"href":"https:\/\/shop.kustom.ch\/it\/wp-json\/wp\/v2\/product\/658524"}],"collection":[{"href":"https:\/\/shop.kustom.ch\/it\/wp-json\/wp\/v2\/product"}],"about":[{"href":"https:\/\/shop.kustom.ch\/it\/wp-json\/wp\/v2\/types\/product"}],"wp:featuredmedia":[{"embeddable":true,"href":"https:\/\/shop.kustom.ch\/it\/wp-json\/wp\/v2\/media\/658570"}],"wp:attachment":[{"href":"https:\/\/shop.kustom.ch\/it\/wp-json\/wp\/v2\/media?parent=658524"}],"wp:term":[{"taxonomy":"product_brand","embeddable":true,"href":"https:\/\/shop.kustom.ch\/it\/wp-json\/wp\/v2\/product_brand?post=658524"},{"taxonomy":"product_cat","embeddable":true,"href":"https:\/\/shop.kustom.ch\/it\/wp-json\/wp\/v2\/product_cat?post=658524"},{"taxonomy":"product_tag","embeddable":true,"href":"https:\/\/shop.kustom.ch\/it\/wp-json\/wp\/v2\/product_tag?post=658524"}],"curies":[{"name":"wp","href":"https:\/\/api.w.org\/{rel}","templated":true}]}}