{"id":658461,"date":"2025-04-29T04:40:01","date_gmt":"2025-04-29T03:40:01","guid":{"rendered":"https:\/\/shop.kustom.ch\/?post_type=product&#038;p=658461"},"modified":"2026-03-31T08:37:20","modified_gmt":"2026-03-31T07:37:20","slug":"striker-handwerkershorts-mit-stretch","status":"publish","type":"product","link":"https:\/\/shop.kustom.ch\/it\/prodotto\/striker-handwerkershorts-mit-stretch\/","title":{"rendered":"Pantaloncini artigianali STRIKER con elastico"},"content":{"rendered":"<p>Robusti pantaloncini da artigiano in twill elasticizzato CORDURA\u00ae a 2 vie che offrono davvero il massimo comfort, con pannelli elasticizzati nel cavallo e nel carr\u00e9 per una libert\u00e0 di movimento ottimale. I pantaloncini hanno una vita alta sul retro, tasche per le unghie facilmente rimovibili e una serie di tasche funzionali. Disponibile anche come modello da donna 7175* Twill elasticizzato CORDURA\u00ae a 2 vie con migliorata solidit\u00e0 del colore e durata* Stretch a 4 vie nel cavallo e nel carr\u00e9* Ventilazione nel carr\u00e9* Linea di vita rialzata sul retro* Tasca per chiodi staccabile e sostituibile* Tasche per cellulare in rete* Passante staccabile e sostituibile per portamartello<\/p>\n<p>FUNZIONALIT\u00c0: elasticizzato a 2 vie con inserti elasticizzati a 4 vie. Ventilazione sul carr\u00e9. Schienale rialzato in vita per un maggiore comfort quando ci si inginocchia. Vestibilit\u00e0 regolare. DETTAGLI: Tasca per carte d'identit\u00e0 staccabile. Passante per martello sul lato. Bottoni in metallo. Cucitura interna della gamba con tripla impuntura. Zip in plastica sul cavallo. Ciondolo con zip e cordino riflettente. Ampio passante sul retro. Anello a D sulla cintura. Vita alta sul retro. Vita regolabile. TASCHE: Tasca sulla gamba con soffietto e patta con chiusura a velcro e tasca interna per cellulare in rete. Tasca sulla gamba con zip. Tasca posteriore con soffietto. Tasche laterali. Tasche portautensili sospese, rimovibili e intercambiabili, extra larghe, dotate di ganci portautensili, vano portautensili e tasche supplementari con cerniera. Tasca rinforzata per regolo pieghevole con portacoltelli e portapenne. RINFORZO: tasche rinforzate in CORDURA\u00ae. REFLEX: strisce nere riflettenti sul retro della gamba. ISTRUZIONI DI LAVAGGIO: 60\u00b0 C. Stiratura bassa. Non candeggiare. Non lavare a secco. Non centrifugare. PROPRIET\u00c0 PRINCIPALI: Elettricista. Giardiniere. Tuttofare. Idraulico. Magazziniere. Idraulico. Uomo. TESSUTO: Uomo. marrone. verde. nero. allungato. Borse per attrezzi. artigianali. Stretch. USP: Tasche portautensili rimovibili. Inserti in rete traspirante. Vita rialzata sul retro. Dettagli riflettenti neri. Inserti elasticizzati<\/p>\n<p>Cotone 51%, poliestere 32%, poliammide 17%, twill, elasticizzato, 340 g\/m\u00b2.<\/p>","protected":false},"excerpt":{"rendered":"<p>Strapazierf\u00e4hige Handwerkershorts aus 2-Wege-CORDURA\u00ae Stretch Twill, die wirklich ultimativen Komfort bietet, mit Stretcheins\u00e4tzen im Schritt und in der Passe f\u00fcr optimale Bewegungsfreiheit. Die Shorts hat einen hohen Bund am R\u00fccken, leicht abnehmbare Nageltaschen und eine Vielzahl von Funktionstaschen. Auch als Damenmodell 7175 erh\u00e4ltlich.* 2-Wege CORDURA\u00ae Stretch Twill mit verbesserter Farbechtheit und Haltbarkeit* 4-Wege-Stretch im Schritt [&hellip;]<\/p>\n","protected":false},"featured_media":658509,"template":"","meta":[],"product_brand":[],"product_cat":[4198],"product_tag":[],"class_list":{"0":"post-658461","1":"product","2":"type-product","3":"status-publish","4":"has-post-thumbnail","6":"product_cat-shorts","7":"pa_brand-blaklaeder","8":"pa_brand-type-workwear","9":"pa_filter-color-blau","10":"pa_filter-color-gruen","11":"pa_filter-color-orange","12":"pa_filter-color-schwarz","14":"first","15":"instock","16":"sale","17":"taxable","18":"shipping-taxable","19":"purchasable","20":"product-type-variable","21":"add-to-wishlist-before_image"},"exclude_global_add_ons":[],"addons":[],"acf":[],"_links":{"self":[{"href":"https:\/\/shop.kustom.ch\/it\/wp-json\/wp\/v2\/product\/658461"}],"collection":[{"href":"https:\/\/shop.kustom.ch\/it\/wp-json\/wp\/v2\/product"}],"about":[{"href":"https:\/\/shop.kustom.ch\/it\/wp-json\/wp\/v2\/types\/product"}],"wp:featuredmedia":[{"embeddable":true,"href":"https:\/\/shop.kustom.ch\/it\/wp-json\/wp\/v2\/media\/658509"}],"wp:attachment":[{"href":"https:\/\/shop.kustom.ch\/it\/wp-json\/wp\/v2\/media?parent=658461"}],"wp:term":[{"taxonomy":"product_brand","embeddable":true,"href":"https:\/\/shop.kustom.ch\/it\/wp-json\/wp\/v2\/product_brand?post=658461"},{"taxonomy":"product_cat","embeddable":true,"href":"https:\/\/shop.kustom.ch\/it\/wp-json\/wp\/v2\/product_cat?post=658461"},{"taxonomy":"product_tag","embeddable":true,"href":"https:\/\/shop.kustom.ch\/it\/wp-json\/wp\/v2\/product_tag?post=658461"}],"curies":[{"name":"wp","href":"https:\/\/api.w.org\/{rel}","templated":true}]}}