{"id":657722,"date":"2025-04-15T23:08:33","date_gmt":"2025-04-15T22:08:33","guid":{"rendered":"https:\/\/shop.kustom.ch\/?post_type=product&#038;p=657722"},"modified":"2026-03-27T16:04:38","modified_gmt":"2026-03-27T15:04:38","slug":"kype-pro-m","status":"publish","type":"product","link":"https:\/\/shop.kustom.ch\/it\/prodotto\/kype-pro-m\/","title":{"rendered":"Kype PRO M"},"content":{"rendered":"<p>Kype Pro rappresenta la nuova generazione di scarpe da corsa veloci di CRAFT ed \u00e8 progettata per chi vuole superare i limiti e battere i record. I maratoneti beneficiano di una combinazione avanzata di velocit\u00e0, comfort e tecnologia.<\/p>\n<p>Combinando una tecnologia all'avanguardia con un'efficienza senza pari, queste scarpe da corsa tecnicamente avanzate sono state sviluppate per i corridori d'\u00e9lite. Al centro del design c'\u00e8 l'intersuola Xx-Foam\u2122 con Pebax\u2122, un'innovazione arricchita di azoto che fornisce un'ammortizzazione leggera, resistente e altamente resiliente. L'avanzata piastra in fibra di carbonio di ARRIS rende queste scarpe da corsa leggere e resistenti allo stesso tempo, consentendo di raggiungere velocit\u00e0 elevate e una migliore propulsione. La caratteristica principale della scarpa \u00e8 l'esclusivo design del tallone diviso, che fornisce una sospensione indipendente per una decelerazione superiore, un trasferimento stabile dell'energia a ogni passo e la massima propulsione. La nuova suola Lightsole\u2122 \u00e8 stata sviluppata in collaborazione con Vittoria, ispirandosi al pneumatico da bicicletta Corsa PRO Control, e colpisce per la sua aderenza senza pari. Inoltre, la tomaia \u00e8 realizzata in tessuto AeroMesh, leggero e robusto, che offre traspirabilit\u00e0 e comfort eccellenti. Il design aderente e aderente alla figura assicura una sensazione di potenza in gara. <\/p>\n<p>Xx Schiuma\u2122<br \/>\nXx Foam\u2122 \u00e8 rinforzata con il rivoluzionario Pebax\u2122 perlato di Arkema. Questa tecnologia di schiuma d'\u00e9lite combina un potente ritorno di energia con una leggerezza duratura ed \u00e8 progettata per i corridori pi\u00f9 esigenti. Il materiale Pebax\u2122 \u00e8 noto per la sua combinazione unica di flessibilit\u00e0, resistenza e bassa densit\u00e0. Offre un rimbalzo impareggiabile che trasforma ogni passo in una vera e propria prova di forza. In Xx Foam\u2122, queste innovative perle sono state accuratamente progettate per fornire una corsa costante e reattiva dall'inizio alla fine, assicurando che il dispendio energetico sia ridotto al minimo e che velocit\u00e0 e comfort siano massimizzati.<\/p>\n<p>Luci artigianali<br \/>\nQuesta suola leggera e ad alte prestazioni \u00e8 stata sviluppata in collaborazione con Vittoria, leader mondiale nella produzione di pneumatici per biciclette. Ispirata al pneumatico da bicicletta Corsa PRO Control, questa suola \u00e8 stata progettata per le esigenze pi\u00f9 elevate del running.<\/p>\n<p>Craft Endurance Fit\u00ae<br \/>\nLa calzata Craft Endurance Fit\u00ae \u00e8 caratterizzata da un contrafforte del tallone stretto, un ponte di sostegno nella parte centrale del piede e un avampiede spazioso. Il contrafforte del tallone stretto assicura una calzata aderente senza scivolare e una stabilit\u00e0 impareggiabile su qualsiasi terreno. Il ponte sul mesopiede garantisce una tenuta sicura e offre fiducia a ogni passo. La spaziosa area dell'avampiede consente alle dita dei piedi e ai metatarsi di muoversi naturalmente, offrendo un comfort ancora maggiore.<\/p>\n<p>- Intersuola Xx-Foam\u2122 leggera e altamente resiliente con Pebax\u00ae.<br \/>\n- Piastra in fibra di carbonio di ARRIS per stabilit\u00e0 e velocit\u00e0<br \/>\n- Design del tallone diviso per migliorare l'assorbimento degli urti e il trasferimento di energia<br \/>\n- Suola Lightsole\u2122 progettata da Vittoria per una trazione eccezionale, ispirata al pneumatico da bicicletta Corsa PRO Control<br \/>\n- Tomaia traspirante e flessibile in tessuto AeroMesh aperto, realizzato in poliestere riciclato 50 %.<br \/>\n- Dettagli in microfibra realizzati con materiale riciclato 50 %<br \/>\nCraft Endurance Fit\u00ae<br \/>\n- Peso: 200 g nella taglia UK8<br \/>\n- Tacco 40 mm, avampiede 32 mm incl. soletta<br \/>\n- Svasatura: 8 mm<\/p>\n<p>Materiale: Tomaia 49% Poliestere, 49% Poliestere riciclato, 2% Uuretani termoplastici, Intersuola 100% Schiuma ETPU, Inserto intersuola 100% Fibra di carbonio, Suola 100% Gomma GCU, Soletta 20% Poliestere, 80% Poliestere riciclato<\/p>","protected":false},"excerpt":{"rendered":"<p>Kype Pro repr\u00e4sentiert die neue Generation von schnellen Laufschuhen von CRAFT und wurde f\u00fcr alle entwickelt, die Grenzen \u00fcberschreiten und Rekorde brechen m\u00f6chten. Marathonl\u00e4ufer profitieren aus einer fortschrittlichen Kombination aus Geschwindigkeit, Komfort und Technologie. Diese technisch fortschrittlichen Laufschuhe, die Spitzentechnologie mit beispielloser Effizienz kombinieren, wurden f\u00fcr Spitzenl\u00e4ufer entwickelt. Im Mittelpunkt des Designs steht die Xx-Foam\u2122-Zwischensohle [&hellip;]<\/p>\n","protected":false},"featured_media":706234,"template":"","meta":[],"product_brand":[],"product_cat":[4197],"product_tag":[],"class_list":{"0":"post-657722","1":"product","2":"type-product","3":"status-publish","4":"has-post-thumbnail","6":"product_cat-schuhe-sandalen","7":"pa_brand-craft","8":"pa_brand-type-sportswear","9":"pa_filter-color-gruen","10":"pa_filter-color-orange","12":"first","13":"instock","14":"sale","15":"taxable","16":"shipping-taxable","17":"purchasable","18":"product-type-variable","19":"add-to-wishlist-before_image"},"exclude_global_add_ons":[],"addons":[],"acf":[],"_links":{"self":[{"href":"https:\/\/shop.kustom.ch\/it\/wp-json\/wp\/v2\/product\/657722"}],"collection":[{"href":"https:\/\/shop.kustom.ch\/it\/wp-json\/wp\/v2\/product"}],"about":[{"href":"https:\/\/shop.kustom.ch\/it\/wp-json\/wp\/v2\/types\/product"}],"wp:featuredmedia":[{"embeddable":true,"href":"https:\/\/shop.kustom.ch\/it\/wp-json\/wp\/v2\/media\/706234"}],"wp:attachment":[{"href":"https:\/\/shop.kustom.ch\/it\/wp-json\/wp\/v2\/media?parent=657722"}],"wp:term":[{"taxonomy":"product_brand","embeddable":true,"href":"https:\/\/shop.kustom.ch\/it\/wp-json\/wp\/v2\/product_brand?post=657722"},{"taxonomy":"product_cat","embeddable":true,"href":"https:\/\/shop.kustom.ch\/it\/wp-json\/wp\/v2\/product_cat?post=657722"},{"taxonomy":"product_tag","embeddable":true,"href":"https:\/\/shop.kustom.ch\/it\/wp-json\/wp\/v2\/product_tag?post=657722"}],"curies":[{"name":"wp","href":"https:\/\/api.w.org\/{rel}","templated":true}]}}