{"id":653027,"date":"2025-04-15T04:10:00","date_gmt":"2025-04-15T03:10:00","guid":{"rendered":"https:\/\/shop.kustom.ch\/?post_type=product&#038;p=653027"},"modified":"2026-03-31T13:24:21","modified_gmt":"2026-03-31T12:24:21","slug":"trainingsball-glory","status":"publish","type":"product","link":"https:\/\/shop.kustom.ch\/it\/prodotto\/trainingsball-glory\/","title":{"rendered":"Palla da allenamento Glory"},"content":{"rendered":"<p>Pallone da allenamento certificato FIFA BASIC<br \/>\nTecnologia di incollaggio<br \/>\n14 Pannello<br \/>\nVescica di gomma avvolta<br \/>\nParticolarmente adatto per l'erba artificiale grazie alla sua superficie resistente con strato di poliuretano<\/p>","protected":false},"excerpt":{"rendered":"<p>FIFA BASIC-zertifizierter Trainingsball Bonding Technologie 14 Panel Umwickelte-Gummi-Blase Durch widerstandsf\u00e4hige Oberfl\u00e4che mit Polyurethan-Schicht besonders f\u00fcr Kunstrasen geeignet<\/p>","protected":false},"featured_media":653071,"template":"","meta":[],"product_brand":[],"product_cat":[4175,4209],"product_tag":[],"class_list":{"0":"post-653027","1":"product","2":"type-product","3":"status-publish","4":"has-post-thumbnail","6":"product_cat-baelle","7":"product_cat-zubehoer","8":"pa_brand-jako","9":"pa_brand-type-sportswear","10":"pa_filter-color-weiss","12":"first","13":"instock","14":"sale","15":"taxable","16":"shipping-taxable","17":"purchasable","18":"product-type-variable","19":"add-to-wishlist-before_image"},"exclude_global_add_ons":[],"addons":[],"acf":[],"_links":{"self":[{"href":"https:\/\/shop.kustom.ch\/it\/wp-json\/wp\/v2\/product\/653027"}],"collection":[{"href":"https:\/\/shop.kustom.ch\/it\/wp-json\/wp\/v2\/product"}],"about":[{"href":"https:\/\/shop.kustom.ch\/it\/wp-json\/wp\/v2\/types\/product"}],"wp:featuredmedia":[{"embeddable":true,"href":"https:\/\/shop.kustom.ch\/it\/wp-json\/wp\/v2\/media\/653071"}],"wp:attachment":[{"href":"https:\/\/shop.kustom.ch\/it\/wp-json\/wp\/v2\/media?parent=653027"}],"wp:term":[{"taxonomy":"product_brand","embeddable":true,"href":"https:\/\/shop.kustom.ch\/it\/wp-json\/wp\/v2\/product_brand?post=653027"},{"taxonomy":"product_cat","embeddable":true,"href":"https:\/\/shop.kustom.ch\/it\/wp-json\/wp\/v2\/product_cat?post=653027"},{"taxonomy":"product_tag","embeddable":true,"href":"https:\/\/shop.kustom.ch\/it\/wp-json\/wp\/v2\/product_tag?post=653027"}],"curies":[{"name":"wp","href":"https:\/\/api.w.org\/{rel}","templated":true}]}}