{"id":651795,"date":"2025-04-15T04:01:10","date_gmt":"2025-04-15T03:01:10","guid":{"rendered":"https:\/\/shop.kustom.ch\/?post_type=product&#038;p=651795"},"modified":"2026-03-31T13:28:27","modified_gmt":"2026-03-31T12:28:27","slug":"rs89-team-fg-ag","status":"publish","type":"product","link":"https:\/\/shop.kustom.ch\/it\/prodotto\/rs89-team-fg-ag\/","title":{"rendered":"RS89 Squadra FG\/AG"},"content":{"rendered":"<p>Prodotto in Europa<br \/>\nScarpa Cam per adulti<br \/>\nAdatto per erba naturale e artificiale<br \/>\nVestibilit\u00e0 ottimale grazie alle forme europee<br \/>\nProduzione con tecnologia di iniezione diretta all'avanguardia<br \/>\nTomaia in materiale tecnico e leggero per un maggiore dinamismo<br \/>\nLinguetta in maglia con allacciatura asimmetrica<br \/>\nTomaia: Tessuto + Sintetico<br \/>\nFodera: Sintetico<br \/>\nSoletta: Tessuto + Sintetico<\/p>","protected":false},"excerpt":{"rendered":"<p>Made in Europe Nockenschuh f\u00fcr Erwachsene Geeignet f\u00fcr Natur- und Kunstrasen Optimaler Fit durch europ\u00e4ischen Leisten Fertigung mit modernster Direct Injection Technologie Leichtes, technisches Obermaterial f\u00fcr mehr Dynamik Gestrickte Zungenkonstruktion mit asymmetrischer Schn\u00fcrung Obermaterial: Textile + Synthetic Futter: Synthetik Innensohle: Textile + Synthetic<\/p>","protected":false},"featured_media":651843,"template":"","meta":[],"product_brand":[],"product_cat":[4197,4209],"product_tag":[],"class_list":{"0":"post-651795","1":"product","2":"type-product","3":"status-publish","4":"has-post-thumbnail","6":"product_cat-schuhe-sandalen","7":"product_cat-zubehoer","8":"pa_brand-jako","9":"pa_brand-type-sportswear","10":"pa_filter-color-schwarz","11":"pa_filter-color-weiss","13":"first","14":"instock","15":"sale","16":"taxable","17":"shipping-taxable","18":"purchasable","19":"product-type-variable","20":"add-to-wishlist-before_image"},"exclude_global_add_ons":[],"addons":[],"acf":[],"_links":{"self":[{"href":"https:\/\/shop.kustom.ch\/it\/wp-json\/wp\/v2\/product\/651795"}],"collection":[{"href":"https:\/\/shop.kustom.ch\/it\/wp-json\/wp\/v2\/product"}],"about":[{"href":"https:\/\/shop.kustom.ch\/it\/wp-json\/wp\/v2\/types\/product"}],"wp:featuredmedia":[{"embeddable":true,"href":"https:\/\/shop.kustom.ch\/it\/wp-json\/wp\/v2\/media\/651843"}],"wp:attachment":[{"href":"https:\/\/shop.kustom.ch\/it\/wp-json\/wp\/v2\/media?parent=651795"}],"wp:term":[{"taxonomy":"product_brand","embeddable":true,"href":"https:\/\/shop.kustom.ch\/it\/wp-json\/wp\/v2\/product_brand?post=651795"},{"taxonomy":"product_cat","embeddable":true,"href":"https:\/\/shop.kustom.ch\/it\/wp-json\/wp\/v2\/product_cat?post=651795"},{"taxonomy":"product_tag","embeddable":true,"href":"https:\/\/shop.kustom.ch\/it\/wp-json\/wp\/v2\/product_tag?post=651795"}],"curies":[{"name":"wp","href":"https:\/\/api.w.org\/{rel}","templated":true}]}}