{"id":651072,"date":"2025-04-15T03:55:33","date_gmt":"2025-04-15T02:55:33","guid":{"rendered":"https:\/\/shop.kustom.ch\/?post_type=product&#038;p=651072"},"modified":"2026-03-31T13:23:57","modified_gmt":"2026-03-31T12:23:57","slug":"gymsack-team-2-0","status":"publish","type":"product","link":"https:\/\/shop.kustom.ch\/it\/prodotto\/gymsack-team-2-0\/","title":{"rendered":"Squadra Gymsack 2.0"},"content":{"rendered":"<p>Per gli sport scolastici e del tempo libero<br \/>\nPu\u00f2 essere indossato con un cordino sulla spalla o sulla schiena.<br \/>\nAdatto anche come borsa per scarpe<br \/>\nDimensioni: 34 x 44 cm (LxA)<br \/>\n100 Poliestere %<\/p>","protected":false},"excerpt":{"rendered":"<p>F\u00fcr Schul- und Freizeitsport Mit Kordel \u00fcber der Schulter oder auf dem R\u00fccken zu tragen Auch als Schuhbeutel geeignet Gr\u00f6sse: 34 x 44 cm (LxH) 100 % Polyester<\/p>","protected":false},"featured_media":651081,"template":"","meta":[],"product_brand":[],"product_cat":[4195,4209],"product_tag":[],"class_list":{"0":"post-651072","1":"product","2":"type-product","3":"status-publish","4":"has-post-thumbnail","6":"product_cat-rucksaecke-taschen","7":"product_cat-zubehoer","8":"pa_brand-jako","9":"pa_brand-type-sportswear","10":"pa_filter-color-blau","11":"pa_filter-color-rot","12":"pa_filter-color-schwarz","14":"first","15":"instock","16":"sale","17":"taxable","18":"shipping-taxable","19":"purchasable","20":"product-type-variable","21":"add-to-wishlist-before_image"},"exclude_global_add_ons":[],"addons":[],"acf":[],"_links":{"self":[{"href":"https:\/\/shop.kustom.ch\/it\/wp-json\/wp\/v2\/product\/651072"}],"collection":[{"href":"https:\/\/shop.kustom.ch\/it\/wp-json\/wp\/v2\/product"}],"about":[{"href":"https:\/\/shop.kustom.ch\/it\/wp-json\/wp\/v2\/types\/product"}],"wp:featuredmedia":[{"embeddable":true,"href":"https:\/\/shop.kustom.ch\/it\/wp-json\/wp\/v2\/media\/651081"}],"wp:attachment":[{"href":"https:\/\/shop.kustom.ch\/it\/wp-json\/wp\/v2\/media?parent=651072"}],"wp:term":[{"taxonomy":"product_brand","embeddable":true,"href":"https:\/\/shop.kustom.ch\/it\/wp-json\/wp\/v2\/product_brand?post=651072"},{"taxonomy":"product_cat","embeddable":true,"href":"https:\/\/shop.kustom.ch\/it\/wp-json\/wp\/v2\/product_cat?post=651072"},{"taxonomy":"product_tag","embeddable":true,"href":"https:\/\/shop.kustom.ch\/it\/wp-json\/wp\/v2\/product_tag?post=651072"}],"curies":[{"name":"wp","href":"https:\/\/api.w.org\/{rel}","templated":true}]}}