{"id":650424,"date":"2025-04-08T03:21:59","date_gmt":"2025-04-08T02:21:59","guid":{"rendered":"https:\/\/shop.kustom.ch\/?post_type=product&#038;p=650424"},"modified":"2026-03-30T12:51:16","modified_gmt":"2026-03-30T11:51:16","slug":"softshell-jacke-accelerate-multisafe-2","status":"publish","type":"product","link":"https:\/\/shop.kustom.ch\/it\/prodotto\/softshell-jacke-accelerate-multisafe-2\/","title":{"rendered":"Giacca softshell ACCELERATE MULTISAFE"},"content":{"rendered":"<p>Antivento e idrorepellente. Bicolore. Fluorescente e con riflessi diagonali. Antistatico, ignifugo e con protezione dagli acidi. Protegge dagli archi elettrici e dalle saldature occasionali. Colletto rialzato. Zip a sgancio rapido e doppia fascia di protezione dalle intemperie con chiusura magnetica. Fettuccia per allarme gas. Predisposizione per l'aggancio di un porta carte d'identit\u00e0. Tasche sul petto con cerniera. Tasche anteriori con cerniera. Con effetti di stampa.<\/p>\n<p>OEKO-TEX\u00ae STANDARD 100; EN 1149-5; EN ISO 11611 Classe 2 (A1, A2); EN ISO 11612 (A1, A2, B1, C1, E2, F1); EN 13034 (Tipo 6); EN 13034, categoria J; EN 61482-1-2 APC 2; EN IEC 61482-1-1 (ELIM 25 cal\/cm\u00b2, ATPV 27 cal\/cm\u00b2); EN ISO 20471 - Classe 2; Hi-Vis Gruppo A<br \/>\n26% modacrilico\/25% poliestere\/23% poliuretano\/21% cotone\/4% aramide\/1% fibre di carbonio<br \/>\nSoftshell a 3 strati. Pu\u00f2 restringersi fino a un massimo di 3%. Il prodotto \u00e8 certificato secondo la norma EN ISO 20471 per mantenere le sue propriet\u00e0 per 25 lavaggi domestici. Per rispettare la norma EN 13034, si raccomanda l'impregnazione fin dal primo lavaggio.<br \/>\n410 g\/m\u00b2<br \/>\nLavaggio colorato, max. 60\u00b0 C; Non candeggiare; Resiste all'asciugatrice - temperatura massima di uscita 60\u00b0 C; Non stirare; Non adatto al lavaggio a secco<\/p>\n<p><a href=\"https:\/\/mascotsitecore-1ccb8.kxcdn.com\/pdf\/21002-335-17010-de.pdf\" target=\"_blank\" rel=\"noopener\"><u>Aprire la scheda tecnica del prodotto<\/u><\/a><\/p>","protected":false},"excerpt":{"rendered":"<ul>\n<li>Alta protezione con propriet\u00e0 antistatiche, antiacido e ritardanti di fiamma.<\/li>\n<li>Protegge dagli archi elettrici.<\/li>\n<li>Antivento e idrorepellente.<\/li>\n<li>Zip e doppia fascia di protezione dalle intemperie con chiusura magnetica.<\/li>\n<li>La cerniera a sgancio rapido consente di aprire rapidamente la cerniera dall'alto.<\/li>\n<li>Fettuccia per allarme gas.<\/li>\n<\/ul>","protected":false},"featured_media":650426,"template":"","meta":[],"product_brand":[],"product_cat":[4186],"product_tag":[],"class_list":{"0":"post-650424","1":"product","2":"type-product","3":"status-publish","4":"has-post-thumbnail","6":"product_cat-jacken","7":"pa_brand-mascot","8":"pa_brand-type-workwear","9":"pa_filter-color-blau","10":"pa_filter-color-gelb","11":"pa_filter-color-schwarz","13":"first","14":"instock","15":"sale","16":"taxable","17":"shipping-taxable","18":"purchasable","19":"product-type-variable","20":"add-to-wishlist-before_image"},"exclude_global_add_ons":[],"addons":[],"acf":[],"_links":{"self":[{"href":"https:\/\/shop.kustom.ch\/it\/wp-json\/wp\/v2\/product\/650424"}],"collection":[{"href":"https:\/\/shop.kustom.ch\/it\/wp-json\/wp\/v2\/product"}],"about":[{"href":"https:\/\/shop.kustom.ch\/it\/wp-json\/wp\/v2\/types\/product"}],"wp:featuredmedia":[{"embeddable":true,"href":"https:\/\/shop.kustom.ch\/it\/wp-json\/wp\/v2\/media\/650426"}],"wp:attachment":[{"href":"https:\/\/shop.kustom.ch\/it\/wp-json\/wp\/v2\/media?parent=650424"}],"wp:term":[{"taxonomy":"product_brand","embeddable":true,"href":"https:\/\/shop.kustom.ch\/it\/wp-json\/wp\/v2\/product_brand?post=650424"},{"taxonomy":"product_cat","embeddable":true,"href":"https:\/\/shop.kustom.ch\/it\/wp-json\/wp\/v2\/product_cat?post=650424"},{"taxonomy":"product_tag","embeddable":true,"href":"https:\/\/shop.kustom.ch\/it\/wp-json\/wp\/v2\/product_tag?post=650424"}],"curies":[{"name":"wp","href":"https:\/\/api.w.org\/{rel}","templated":true}]}}