{"id":650100,"date":"2025-04-08T03:19:55","date_gmt":"2025-04-08T02:19:55","guid":{"rendered":"https:\/\/shop.kustom.ch\/?post_type=product&#038;p=650100"},"modified":"2026-03-30T12:54:44","modified_gmt":"2026-03-30T11:54:44","slug":"winteroverall-accelerate-safe","status":"publish","type":"product","link":"https:\/\/shop.kustom.ch\/it\/prodotto\/winteroverall-accelerate-safe\/","title":{"rendered":"ACCELERATE SAFE inverno complessivo"},"content":{"rendered":"<p>Fluorescente e con riflessi diagonali. Tessuto altamente resistente, traspirante, antivento e impermeabile. Con isolamento leggero CLIMASCOT\u00ae. Cuciture nastrate. Colletto rialzato. Cappuccio foderato e staccabile con cordoncini elastici regolabili. Chiusura con zip a due vie, patta di protezione dalle intemperie e bottoni a pressione. Porta carte d'identit\u00e0 staccabile. Tasca sul petto con cerniera impermeabile. Tasche interne: due con cerniera e una aperta in rete. Polsi elasticizzati. Zip nella fodera sul retro per l'applicazione di un logo\/ricamo. Vita elasticizzata. Gambe dei pantaloni di forma ergonomica. Passanti per cintura. Tasche anteriori. Tasche posteriori rinforzate e con patta.  Passanti per martello nascosti su entrambi i lati. Tasca porta metro pieghevole con rinforzi in Kevlar\u00ae. Tasche anteriori sulla coscia con patta. Tasca sulla coscia con tasca per cellulare foderata e chiusura magnetica. Gonna antineve interna sulle gambe. Zip con striscia di protezione dalle intemperie sul lato interno delle gambe. Con effetti di stampa.<\/p>\n<p>OEKO-TEX\u00ae STANDARD 100; EN ISO 20471 - Classe 3; Gruppo Hi-Vis Y; EN 342 3\/WP (1,7 clo); EN 343 4-1-X<br \/>\n100% Poliestere<br \/>\nRipstop. Pu\u00f2 restringersi fino a un massimo di 2%. Il prodotto \u00e8 certificato secondo la norma EN ISO 20471 per mantenere le sue propriet\u00e0 per 50 lavaggi domestici.<br \/>\n210 g\/m\u00b2<br \/>\nLavaggio delicato max. 40\u00b0 C; non candeggiare; non asciugare in tamburo; non stirare; resiste ai normali lavaggi<\/p>\n<p><a href=\"https:\/\/mascotsitecore-1ccb8.kxcdn.com\/pdf\/19019-449-14010-de.pdf\" target=\"_blank\" rel=\"noopener\"><u>Aprire la scheda tecnica del prodotto<\/u><\/a><\/p>","protected":false},"excerpt":{"rendered":"<ul>\n<li>Traspirante, antivento e impermeabile con cuciture nastrate.<\/li>\n<li>Estremamente resistente.<\/li>\n<li>L'esclusivo isolamento CLIMASCOT\u00ae riscalda efficacemente, \u00e8 leggero, morbido e pu\u00f2 essere compresso in un volume ridotto.<\/li>\n<li>Gambe dei pantaloni dal taglio ergonomico, modellate secondo i movimenti naturali del corpo.<\/li>\n<li>Tasca porta metro pieghevole con rinforzi in Kevlar\u00ae - particolarmente resistente agli oggetti appuntiti e taglienti.<\/li>\n<li>Il paraneve sul lato interno della gamba impedisce l'ingresso di neve e sporcizia.<\/li>\n<\/ul>","protected":false},"featured_media":650103,"template":"","meta":[],"product_brand":[],"product_cat":[10454],"product_tag":[],"class_list":{"0":"post-650100","1":"product","2":"type-product","3":"status-publish","4":"has-post-thumbnail","6":"product_cat-overalls","7":"pa_brand-mascot","8":"pa_brand-type-workwear","9":"pa_filter-color-blau","10":"pa_filter-color-gelb","11":"pa_filter-color-grau","12":"pa_filter-color-orange","13":"pa_filter-color-rot","14":"pa_filter-color-schwarz","16":"first","17":"instock","18":"sale","19":"taxable","20":"shipping-taxable","21":"purchasable","22":"product-type-variable","23":"add-to-wishlist-before_image"},"exclude_global_add_ons":[],"addons":[],"acf":[],"_links":{"self":[{"href":"https:\/\/shop.kustom.ch\/it\/wp-json\/wp\/v2\/product\/650100"}],"collection":[{"href":"https:\/\/shop.kustom.ch\/it\/wp-json\/wp\/v2\/product"}],"about":[{"href":"https:\/\/shop.kustom.ch\/it\/wp-json\/wp\/v2\/types\/product"}],"wp:featuredmedia":[{"embeddable":true,"href":"https:\/\/shop.kustom.ch\/it\/wp-json\/wp\/v2\/media\/650103"}],"wp:attachment":[{"href":"https:\/\/shop.kustom.ch\/it\/wp-json\/wp\/v2\/media?parent=650100"}],"wp:term":[{"taxonomy":"product_brand","embeddable":true,"href":"https:\/\/shop.kustom.ch\/it\/wp-json\/wp\/v2\/product_brand?post=650100"},{"taxonomy":"product_cat","embeddable":true,"href":"https:\/\/shop.kustom.ch\/it\/wp-json\/wp\/v2\/product_cat?post=650100"},{"taxonomy":"product_tag","embeddable":true,"href":"https:\/\/shop.kustom.ch\/it\/wp-json\/wp\/v2\/product_tag?post=650100"}],"curies":[{"name":"wp","href":"https:\/\/api.w.org\/{rel}","templated":true}]}}