{"id":650019,"date":"2025-04-08T03:19:33","date_gmt":"2025-04-08T02:19:33","guid":{"rendered":"https:\/\/shop.kustom.ch\/?post_type=product&#038;p=650019"},"modified":"2026-03-30T12:52:04","modified_gmt":"2026-03-30T11:52:04","slug":"hose-mit-knietaschen-accelerate-multisafe-5","status":"publish","type":"product","link":"https:\/\/shop.kustom.ch\/it\/prodotto\/hose-mit-knietaschen-accelerate-multisafe-5\/","title":{"rendered":"Pantaloni con tasche al ginocchio ACCELERATE MULTISAFE"},"content":{"rendered":"<p>TRATTO FINALE. Riflessi sulla gamba. Antistatico, ignifugo e con protezione dagli acidi. Protegge dagli archi elettrici. Predisposizione per tasche pendenti con sistema click pocket. Doppie impunture sulle gambe e sul cavallo. Gambe dei pantaloni dalla forma ergonomica. Passanti per cintura. Chiusura con bottoni nascosti. Chiusura con cerniera. Tasche anteriori. Tasca rinforzata per il righello con patta. Tasca sulla coscia con tasca per cellulare, patta e bottone a pressione nascosto e porta carte d'identit\u00e0 integrato. Il portacarta d'identit\u00e0 \u00e8 staccabile. Tasche posteriori, rinforzate e con patta.  Tasche al ginocchio in tessuto CORDURA\u00ae, regolabili in altezza, con patta e accesso dall'alto. La lunghezza del cavallo pu\u00f2 essere allungata di 3 cm srotolando la cucitura rossa all'interno dell'estremit\u00e0 della gamba. Con effetti di stampa.<\/p>\n<p>OEKO-TEX\u00ae STANDARD 100; EN 1149-5; EN ISO 11612 (A1, A2, B1, C1, E1, F1); EN 13034 (Tipo 6); EN 13034, categoria K; EN 61482-1-2 APC 1; EN IEC 61482-1-1 (ELIM 7,7 cal\/cm\u00b2, ATPV 9,5 cal\/cm\u00b2)<br \/>\n40% modacrilico\/28% cotone\/19% poliammide\/7% elastolefina\/5% aramide\/1% fibre di carbonio<br \/>\nESTENSIBILIT\u00c0 ESTREMA. Il prodotto \u00e8 certificato secondo la norma EN ISO 20471 per mantenere le sue propriet\u00e0 dopo 50 lavaggi domestici o 40 lavaggi industriali. Per soddisfare la norma EN 13034, si raccomanda l'impregnazione fin dal primo lavaggio.<br \/>\n290 g\/m\u00b2<br \/>\nLavaggio colorato, max. 60\u00b0 C; Non candeggiare; Resiste all'asciugatrice - temperatura massima di uscita 80\u00b0 C; Non stirare; Non adatto al lavaggio a secco<\/p>\n<p><a href=\"https:\/\/mascotsitecore-1ccb8.kxcdn.com\/pdf\/21279-284-01017-de.pdf\" target=\"_blank\" rel=\"noopener\"><u>Aprire la scheda tecnica del prodotto<\/u><\/a><\/p>","protected":false},"excerpt":{"rendered":"<ul>\n<li>Alta protezione con propriet\u00e0 antistatiche, antiacido e ritardanti di fiamma.<\/li>\n<li>Protegge dagli archi elettrici.<\/li>\n<li>Alta resistenza e massima libert\u00e0 di movimento.<\/li>\n<li>Rinforzi in CORDURA\u00ae sulla parte anteriore della gamba - l'elasticit\u00e0 del materiale CORDURA\u00ae garantisce libert\u00e0 di movimento.<\/li>\n<li>Facile aggancio delle borse appese grazie al sistema Click Pocket.<\/li>\n<li>Le gambe dei pantaloni possono essere facilmente rimosse e allungate di 3 cm.<\/li>\n<li>Adatto al lavaggio industriale.<\/li>\n<\/ul>","protected":false},"featured_media":650060,"template":"","meta":[],"product_brand":[],"product_cat":[4185],"product_tag":[],"class_list":{"0":"post-650019","1":"product","2":"type-product","3":"status-publish","4":"has-post-thumbnail","6":"product_cat-hosen","7":"pa_brand-mascot","8":"pa_brand-type-workwear","9":"pa_filter-color-gelb","10":"pa_filter-color-schwarz","12":"first","13":"instock","14":"sale","15":"taxable","16":"shipping-taxable","17":"purchasable","18":"product-type-variable","19":"add-to-wishlist-before_image"},"exclude_global_add_ons":[],"addons":[],"acf":[],"_links":{"self":[{"href":"https:\/\/shop.kustom.ch\/it\/wp-json\/wp\/v2\/product\/650019"}],"collection":[{"href":"https:\/\/shop.kustom.ch\/it\/wp-json\/wp\/v2\/product"}],"about":[{"href":"https:\/\/shop.kustom.ch\/it\/wp-json\/wp\/v2\/types\/product"}],"wp:featuredmedia":[{"embeddable":true,"href":"https:\/\/shop.kustom.ch\/it\/wp-json\/wp\/v2\/media\/650060"}],"wp:attachment":[{"href":"https:\/\/shop.kustom.ch\/it\/wp-json\/wp\/v2\/media?parent=650019"}],"wp:term":[{"taxonomy":"product_brand","embeddable":true,"href":"https:\/\/shop.kustom.ch\/it\/wp-json\/wp\/v2\/product_brand?post=650019"},{"taxonomy":"product_cat","embeddable":true,"href":"https:\/\/shop.kustom.ch\/it\/wp-json\/wp\/v2\/product_cat?post=650019"},{"taxonomy":"product_tag","embeddable":true,"href":"https:\/\/shop.kustom.ch\/it\/wp-json\/wp\/v2\/product_tag?post=650019"}],"curies":[{"name":"wp","href":"https:\/\/api.w.org\/{rel}","templated":true}]}}