{"id":649903,"date":"2025-04-08T03:18:43","date_gmt":"2025-04-08T02:18:43","guid":{"rendered":"https:\/\/shop.kustom.ch\/?post_type=product&#038;p=649903"},"modified":"2026-03-30T14:39:38","modified_gmt":"2026-03-30T13:39:38","slug":"sicherheitsstiefel-footwear-industry-17","status":"publish","type":"product","link":"https:\/\/shop.kustom.ch\/it\/prodotto\/sicherheitsstiefel-footwear-industry-17\/","title":{"rendered":"INDUSTRIA CALZATURE stivali di sicurezza"},"content":{"rendered":"<p>Chiusura e apertura con BOA\u00ae Fit System, un sistema composto da pomello, corda e guide per il laccio. Puntale in materiale composito. Protezione tessile MASCOLAYER\u00ae contro la penetrazione delle unghie. Con snodo multifunzionale stabilizzante con schiuma comfort integrata. Intersuola in PU. Suola in gomma con inserti in gomma per attrito. Solette sostituibili, antistatiche e resistenti. Soletta ammortizzante. L'umidit\u00e0 viene assorbita e rilasciata nuovamente in modo efficace. La suola \u00e8 resistente all'olio e alla benzina. La suola \u00e8 resistente al calore fino a 300\u00b0C per contatto. Bordo del tallone. Fodera interna isolante con isolamento Thinsulate\u2122. Membrana impermeabile in tessuto MASCOTEX\u00ae. Materiale della tomaia idrorepellente e traspirante. Adatto per lavori in ginocchio. Protezione del tallone in TPU. La suola antiscivolo e autopulente garantisce stabilit\u00e0 su tutte le superfici. Suola antitraccia - non si sfrega.<\/p>\n<p>Classe di sicurezza S7S; Suola resistente agli oli e alla benzina (FO); Suola resistente al calore (HRO); Calzatura isolante dal calore (HI); Calzatura isolante dal freddo (CI); Bordo del tallone (LG); Puntale resistente (SC); Resistenza allo scivolamento (SR); Dissipazione dell'elettricit\u00e0 statica (ESD); EN ISO 20345: 2022<br \/>\nTomaia in pelle pieno fiore<br \/>\nTaglia 1142: 860 g<\/p>\n<p><a href=\"https:\/\/mascotsitecore-1ccb8.kxcdn.com\/pdf\/F1301-902-09-de.pdf\" target=\"_blank\" rel=\"noopener\"><u>Aprire la scheda tecnica del prodotto<\/u><\/a><\/p>","protected":false},"excerpt":{"rendered":"<ul>\n<li>Stivali di sicurezza estremamente resistenti per tutti coloro che devono dare il meglio di s\u00e9 in condizioni estreme.<\/li>\n<li>Lo stivale \u00e8 isolante dal freddo e dal calore, impermeabile e traspirante, per non lasciarsi fermare dalle intemperie.<\/li>\n<li>La tomaia in materiale ignifugo protegge i piedi da fiamme e scintille.<\/li>\n<li>La suola antiscivolo e resistente al calore (fino a 300\u00b0C di calore di contatto) con bordo del tallone per una presa sicura sulle scale, garantisce una buona presa sulle superfici scivolose.<\/li>\n<li>BOA\u00ae Fit System sul lato della scarpa per una regolazione facile e veloce.<\/li>\n<\/ul>","protected":false},"featured_media":649944,"template":"","meta":[],"product_brand":[],"product_cat":[4197],"product_tag":[],"class_list":{"0":"post-649903","1":"product","2":"type-product","3":"status-publish","4":"has-post-thumbnail","6":"product_cat-schuhe-sandalen","7":"pa_brand-mascot","8":"pa_brand-type-workwear","9":"pa_filter-color-schwarz","11":"first","12":"instock","13":"sale","14":"taxable","15":"shipping-taxable","16":"purchasable","17":"product-type-variable","18":"add-to-wishlist-before_image"},"exclude_global_add_ons":[],"addons":[],"acf":[],"_links":{"self":[{"href":"https:\/\/shop.kustom.ch\/it\/wp-json\/wp\/v2\/product\/649903"}],"collection":[{"href":"https:\/\/shop.kustom.ch\/it\/wp-json\/wp\/v2\/product"}],"about":[{"href":"https:\/\/shop.kustom.ch\/it\/wp-json\/wp\/v2\/types\/product"}],"wp:featuredmedia":[{"embeddable":true,"href":"https:\/\/shop.kustom.ch\/it\/wp-json\/wp\/v2\/media\/649944"}],"wp:attachment":[{"href":"https:\/\/shop.kustom.ch\/it\/wp-json\/wp\/v2\/media?parent=649903"}],"wp:term":[{"taxonomy":"product_brand","embeddable":true,"href":"https:\/\/shop.kustom.ch\/it\/wp-json\/wp\/v2\/product_brand?post=649903"},{"taxonomy":"product_cat","embeddable":true,"href":"https:\/\/shop.kustom.ch\/it\/wp-json\/wp\/v2\/product_cat?post=649903"},{"taxonomy":"product_tag","embeddable":true,"href":"https:\/\/shop.kustom.ch\/it\/wp-json\/wp\/v2\/product_tag?post=649903"}],"curies":[{"name":"wp","href":"https:\/\/api.w.org\/{rel}","templated":true}]}}