{"id":649829,"date":"2025-04-08T03:18:09","date_gmt":"2025-04-08T02:18:09","guid":{"rendered":"https:\/\/shop.kustom.ch\/?post_type=product&#038;p=649829"},"modified":"2026-03-30T13:08:34","modified_gmt":"2026-03-30T12:08:34","slug":"winterjacke-accelerate-safe-6","status":"publish","type":"product","link":"https:\/\/shop.kustom.ch\/it\/prodotto\/winterjacke-accelerate-safe-6\/","title":{"rendered":"Giacca invernale ACCELERATE SAFE"},"content":{"rendered":"<p>Fluorescente e con strisce riflettenti sulle spalle ed elementi riflettenti diagonali. Tessuto altamente resistente, traspirante, antivento e impermeabile. Con isolamento leggero CLIMASCOT\u00ae. Cuciture nastrate. Cappuccio foderato e staccabile con cordoncini elastici regolabili. Chiusura con cerniera e doppia striscia di protezione dalle intemperie. Tasche interne: due con cerniera e una aperta in rete. Porta carte d'identit\u00e0 rimovibile. Tasca sul petto con zip. Tasche anteriori con zip. Colletto rialzato. Vita a coste sul davanti, parte interna inferiore dell'orlo. La parte posteriore allungata pu\u00f2 essere sbottonata per una migliore protezione dal vento e dalle intemperie. Polsini a coste (nascosti sotto la patta di protezione dalle intemperie) ai polsi. Chiusura in velcro ai polsi. Zip nella fodera posteriore per l'applicazione di un logo\/ricamo.<\/p>\n<p>OEKO-TEX\u00ae STANDARD 100; EN ISO 20471 - Classe 3; EN 342 3\/WP (2.258 clo); EN 343 4-1-X; Gruppo Hi-Vis A; ; ProWash<br \/>\n100% Poliestere<br \/>\nRipstop. Colonna d'acqua &gt; 10.000 mm secondo la norma EN ISO 811. Il prodotto \u00e8 certificato secondo la norma EN ISO 20471 per mantenere le sue propriet\u00e0 per 50 lavaggi domestici. Pu\u00f2 restringersi fino a 2%.<br \/>\n210 g\/m\u00b2<br \/>\nLavaggio colorato, max. 60\u00b0 C; non candeggiare; non asciugare in tamburo; non stirare; resiste alla normale pulizia<\/p>\n<p><a href=\"https:\/\/mascotsitecore-1ccb8.kxcdn.com\/pdf\/24435-231-14-de.pdf\" target=\"_blank\" rel=\"noopener\"><u>Aprire la scheda tecnica del prodotto<\/u><\/a><\/p>","protected":false},"excerpt":{"rendered":"<ul>\n<li>Traspirante, antivento e impermeabile con cuciture nastrate.<\/li>\n<li>L'esclusivo isolamento CLIMASCOT\u00ae riscalda efficacemente, \u00e8 leggero, morbido e pu\u00f2 essere compresso in un volume ridotto.<\/li>\n<li>Doppia striscia di protezione dalle intemperie per una maggiore protezione in caso di maltempo.<\/li>\n<li>Schiena allungata con tessuto abbottonato per una migliore protezione dal vento e dalle intemperie.<\/li>\n<\/ul>","protected":false},"featured_media":649830,"template":"","meta":[],"product_brand":[],"product_cat":[4186],"product_tag":[],"class_list":{"0":"post-649829","1":"product","2":"type-product","3":"status-publish","4":"has-post-thumbnail","6":"product_cat-jacken","7":"pa_brand-mascot","8":"pa_brand-type-workwear","9":"pa_filter-color-orange","11":"first","12":"instock","13":"sale","14":"taxable","15":"shipping-taxable","16":"purchasable","17":"product-type-variable","18":"add-to-wishlist-before_image"},"exclude_global_add_ons":[],"addons":[],"acf":[],"_links":{"self":[{"href":"https:\/\/shop.kustom.ch\/it\/wp-json\/wp\/v2\/product\/649829"}],"collection":[{"href":"https:\/\/shop.kustom.ch\/it\/wp-json\/wp\/v2\/product"}],"about":[{"href":"https:\/\/shop.kustom.ch\/it\/wp-json\/wp\/v2\/types\/product"}],"wp:featuredmedia":[{"embeddable":true,"href":"https:\/\/shop.kustom.ch\/it\/wp-json\/wp\/v2\/media\/649830"}],"wp:attachment":[{"href":"https:\/\/shop.kustom.ch\/it\/wp-json\/wp\/v2\/media?parent=649829"}],"wp:term":[{"taxonomy":"product_brand","embeddable":true,"href":"https:\/\/shop.kustom.ch\/it\/wp-json\/wp\/v2\/product_brand?post=649829"},{"taxonomy":"product_cat","embeddable":true,"href":"https:\/\/shop.kustom.ch\/it\/wp-json\/wp\/v2\/product_cat?post=649829"},{"taxonomy":"product_tag","embeddable":true,"href":"https:\/\/shop.kustom.ch\/it\/wp-json\/wp\/v2\/product_tag?post=649829"}],"curies":[{"name":"wp","href":"https:\/\/api.w.org\/{rel}","templated":true}]}}