{"id":649782,"date":"2025-04-08T03:17:00","date_gmt":"2025-04-08T02:17:00","guid":{"rendered":"https:\/\/shop.kustom.ch\/?post_type=product&#038;p=649782"},"modified":"2026-03-30T13:07:48","modified_gmt":"2026-03-30T12:07:48","slug":"kombihose-accelerate-safe-3","status":"publish","type":"product","link":"https:\/\/shop.kustom.ch\/it\/prodotto\/kombihose-accelerate-safe-3\/","title":{"rendered":"Pantaloni combinati ACCELERATE SAFE"},"content":{"rendered":"<p>Fluorescente con nastro riflettente verticale e orizzontale. Tessuto elasticizzato di ultima generazione con peso ridotto e buona durata. Il poliestere \u00e8 prodotto con materiali riciclati. Con finitura idrorepellente. Doppie impunture su gambe e cavallo. Predisposizione per tasche sospese con sistema di tasche a scatto. Passanti per cintura. Chiusura con zip bidirezionale e doppia patta di protezione dalle intemperie. Tasche anteriori. Tasche posteriori rinforzate. Tasche anteriori sulle cosce con patta. Tasca sul petto con zip. Spallacci regolabili con chiusura a velcro. Ventilazione nella parte posteriore. Il cavallo pu\u00f2 essere allungato di 3 cm srotolando la cucitura rossa all'interno della gamba.<\/p>\n<p>OEKO-TEX\u00ae STANDARD 100; EN ISO 20471 - Classe 3; Gruppo Hi-Vis Y; ProWash\u00ae.<br \/>\n83% Poliestere riciclato\/17% Elastolefina<br \/>\nESTREMAMENTE ELASTICO. Pu\u00f2 restringersi fino a un massimo di 2%. Il prodotto \u00e8 certificato per mantenere le sue propriet\u00e0 per 50 lavaggi domestici o \u2265 25 lavaggi industriali.<br \/>\n205 g\/m\u00b2<br \/>\nLavaggio colorato, max. 60\u00b0 C; Non candeggiare; Resiste all'asciugatrice - temperatura massima di uscita 80\u00b0 C; Non stirare; Non adatto al lavaggio a secco<\/p>\n<p><a href=\"https:\/\/mascotsitecore-1ccb8.kxcdn.com\/pdf\/24069-510-14-de.pdf\" target=\"_blank\" rel=\"noopener\"><u>Aprire la scheda tecnica del prodotto<\/u><\/a><\/p>","protected":false},"excerpt":{"rendered":"<ul>\n<li>Il tessuto elasticizzato \u00e8 elastico in tutte le direzioni e offre un'impareggiabile libert\u00e0 di movimento, dove nulla si allunga o intralcia.<\/li>\n<li>Il tessuto elasticizzato multifunzionale combina un peso ridotto con una durata molto elevata ed \u00e8 anche idrorepellente.<\/li>\n<li>Il prodotto \u00e8 adatto al lavaggio industriale.<\/li>\n<\/ul>","protected":false},"featured_media":649783,"template":"","meta":[],"product_brand":[],"product_cat":[4185],"product_tag":[],"class_list":{"0":"post-649782","1":"product","2":"type-product","3":"status-publish","4":"has-post-thumbnail","6":"product_cat-hosen","7":"pa_brand-mascot","8":"pa_brand-type-workwear","9":"pa_filter-color-orange","11":"first","12":"instock","13":"sale","14":"taxable","15":"shipping-taxable","16":"purchasable","17":"product-type-variable","18":"add-to-wishlist-before_image"},"exclude_global_add_ons":[],"addons":[],"acf":[],"_links":{"self":[{"href":"https:\/\/shop.kustom.ch\/it\/wp-json\/wp\/v2\/product\/649782"}],"collection":[{"href":"https:\/\/shop.kustom.ch\/it\/wp-json\/wp\/v2\/product"}],"about":[{"href":"https:\/\/shop.kustom.ch\/it\/wp-json\/wp\/v2\/types\/product"}],"wp:featuredmedia":[{"embeddable":true,"href":"https:\/\/shop.kustom.ch\/it\/wp-json\/wp\/v2\/media\/649783"}],"wp:attachment":[{"href":"https:\/\/shop.kustom.ch\/it\/wp-json\/wp\/v2\/media?parent=649782"}],"wp:term":[{"taxonomy":"product_brand","embeddable":true,"href":"https:\/\/shop.kustom.ch\/it\/wp-json\/wp\/v2\/product_brand?post=649782"},{"taxonomy":"product_cat","embeddable":true,"href":"https:\/\/shop.kustom.ch\/it\/wp-json\/wp\/v2\/product_cat?post=649782"},{"taxonomy":"product_tag","embeddable":true,"href":"https:\/\/shop.kustom.ch\/it\/wp-json\/wp\/v2\/product_tag?post=649782"}],"curies":[{"name":"wp","href":"https:\/\/api.w.org\/{rel}","templated":true}]}}