{"id":649615,"date":"2025-04-08T03:14:25","date_gmt":"2025-04-08T02:14:25","guid":{"rendered":"https:\/\/shop.kustom.ch\/?post_type=product&#038;p=649615"},"modified":"2026-03-30T13:08:11","modified_gmt":"2026-03-30T12:08:11","slug":"softshell-jacke-accelerate-safe-5","status":"publish","type":"product","link":"https:\/\/shop.kustom.ch\/it\/prodotto\/softshell-jacke-accelerate-safe-5\/","title":{"rendered":"Giacca softshell ACCELERATE SAFE"},"content":{"rendered":"<p>Fluorescente e con riflessi diagonali. Traspirante, antivento e idrorepellente. Vestibilit\u00e0 moderna e aderente con ampia libert\u00e0 di movimento. Colletto rialzato. Chiusura con cerniera e doppia striscia di protezione dalle intemperie. Tasca sul petto con zip. Tasche anteriori con zip. Tasche interne. Polsi elasticizzati. Orlo inferiore elasticizzato regolabile. Porta carte d'identit\u00e0 rimovibile.<\/p>\n<p>OEKO-TEX\u00ae STANDARD 100; EN ISO 20471 - Classe 2 (XS-L); EN ISO 20471 - Classe 3 (XL-5XL); Hi-Vis Gruppo A<br \/>\n100% Poliestere<br \/>\nSoftshell a 3 strati. Pu\u00f2 restringersi al massimo. 1%. Il prodotto \u00e8 certificato per mantenere le sue propriet\u00e0 dopo 50 lavaggi.<br \/>\n330 g\/m\u00b2<br \/>\nLavaggio delicato max. 40\u00b0 C; non candeggiare; non asciugare in tamburo; non stirare; resiste ai normali lavaggi<\/p>\n<p><a href=\"https:\/\/mascotsitecore-1ccb8.kxcdn.com\/pdf\/24102-143-14-de.pdf\" target=\"_blank\" rel=\"noopener\"><u>Aprire la scheda tecnica del prodotto<\/u><\/a><\/p>","protected":false},"excerpt":{"rendered":"<ul>\n<li>Traspirante, antivento e idrorepellente.<\/li>\n<li>Vestibilit\u00e0 moderna e aderente con ampia libert\u00e0 di movimento.<\/li>\n<li>Doppia striscia di protezione dalle intemperie per una maggiore protezione in caso di maltempo.<\/li>\n<li>Tasche anteriori con zip.<\/li>\n<li>Orlo elasticizzato regolabile.<\/li>\n<li>Il supporto per la carta d'identit\u00e0 \u00e8 rimovibile.<\/li>\n<\/ul>","protected":false},"featured_media":649616,"template":"","meta":[],"product_brand":[],"product_cat":[4186],"product_tag":[],"class_list":{"0":"post-649615","1":"product","2":"type-product","3":"status-publish","4":"has-post-thumbnail","6":"product_cat-jacken","7":"pa_brand-mascot","8":"pa_brand-type-workwear","9":"pa_filter-color-orange","11":"first","12":"instock","13":"sale","14":"taxable","15":"shipping-taxable","16":"purchasable","17":"product-type-variable","18":"add-to-wishlist-before_image"},"exclude_global_add_ons":[],"addons":[],"acf":[],"_links":{"self":[{"href":"https:\/\/shop.kustom.ch\/it\/wp-json\/wp\/v2\/product\/649615"}],"collection":[{"href":"https:\/\/shop.kustom.ch\/it\/wp-json\/wp\/v2\/product"}],"about":[{"href":"https:\/\/shop.kustom.ch\/it\/wp-json\/wp\/v2\/types\/product"}],"wp:featuredmedia":[{"embeddable":true,"href":"https:\/\/shop.kustom.ch\/it\/wp-json\/wp\/v2\/media\/649616"}],"wp:attachment":[{"href":"https:\/\/shop.kustom.ch\/it\/wp-json\/wp\/v2\/media?parent=649615"}],"wp:term":[{"taxonomy":"product_brand","embeddable":true,"href":"https:\/\/shop.kustom.ch\/it\/wp-json\/wp\/v2\/product_brand?post=649615"},{"taxonomy":"product_cat","embeddable":true,"href":"https:\/\/shop.kustom.ch\/it\/wp-json\/wp\/v2\/product_cat?post=649615"},{"taxonomy":"product_tag","embeddable":true,"href":"https:\/\/shop.kustom.ch\/it\/wp-json\/wp\/v2\/product_tag?post=649615"}],"curies":[{"name":"wp","href":"https:\/\/api.w.org\/{rel}","templated":true}]}}