{"id":649494,"date":"2025-04-08T03:13:50","date_gmt":"2025-04-08T02:13:50","guid":{"rendered":"https:\/\/shop.kustom.ch\/?post_type=product&#038;p=649494"},"modified":"2026-03-30T14:38:21","modified_gmt":"2026-03-30T13:38:21","slug":"sicherheitssandale-footwear-customized","status":"publish","type":"product","link":"https:\/\/shop.kustom.ch\/it\/prodotto\/sicherheitssandale-footwear-customized\/","title":{"rendered":"CALZATURE Sandalo di sicurezza personalizzato"},"content":{"rendered":"<p>La parte anteriore della scarpa \u00e8 estremamente flessibile. Tomaia in tessuto resistente. Il materiale della tomaia \u00e8 traspirante e allontana l'umidit\u00e0 e il calore dai piedi. Chiusura e apertura con BOA\u00ae Fit System, un sistema composto da pomello, corda e guide per il laccio. Puntale in materiale composito. Protezione contro la penetrazione delle unghie in tessuto speciale. Soletta ammortizzante, morbida e flessibile. Le solette sono sostituibili. Intersuola in Phylon. Adatta per lavori in ginocchio. Suola in gomma, estremamente resistente allo scivolamento. La suola \u00e8 resistente agli oli e alla benzina. Testato ESD in conformit\u00e0 alle norme EN IEC 61340-4-3: 2018, EN 61340-5-1: 2016.<\/p>\n<p>Classe di sicurezza S1PL; resistenza allo scivolamento (SR); suola resistente agli oli e alla benzina (FO); scariche elettrostatiche (ESD) EN IEC 61340-4-3: 2018, EN 61340-5-1: 2016; EN ISO 20345: 2022<br \/>\nPoliammide<br \/>\nTaglia 42: 581 g<\/p>\n<p><a href=\"https:\/\/mascotsitecore-1ccb8.kxcdn.com\/pdf\/F0651-704-0688-de.pdf\" target=\"_blank\" rel=\"noopener\"><u>Aprire la scheda tecnica del prodotto<\/u><\/a><\/p>","protected":false},"excerpt":{"rendered":"<ul>\n<li>Combinate le vostre calzature con l'abbigliamento da lavoro MASCOT\u00ae CUSTOMIZED.<\/li>\n<li>Scarpa leggera e flessibile con tomaia in tessuto resistente.<\/li>\n<li>La suola in gomma antiscivolo garantisce un appoggio sicuro in ogni momento.<\/li>\n<li>Intersuola in Phylon leggera e flessibile per un'elevata stabilit\u00e0 e comfort.<\/li>\n<li>Buona vestibilit\u00e0 grazie al BOA\u00ae Fit System.<\/li>\n<\/ul>","protected":false},"featured_media":649495,"template":"","meta":[],"product_brand":[],"product_cat":[4197],"product_tag":[],"class_list":{"0":"post-649494","1":"product","2":"type-product","3":"status-publish","4":"has-post-thumbnail","6":"product_cat-schuhe-sandalen","7":"pa_brand-mascot","8":"pa_brand-type-workwear","9":"pa_filter-color-blau","10":"pa_filter-color-grau","11":"pa_filter-color-gruen","12":"pa_filter-color-schwarz","13":"pa_filter-color-weiss","15":"first","16":"instock","17":"sale","18":"taxable","19":"shipping-taxable","20":"purchasable","21":"product-type-variable","22":"add-to-wishlist-before_image"},"exclude_global_add_ons":[],"addons":[],"acf":[],"_links":{"self":[{"href":"https:\/\/shop.kustom.ch\/it\/wp-json\/wp\/v2\/product\/649494"}],"collection":[{"href":"https:\/\/shop.kustom.ch\/it\/wp-json\/wp\/v2\/product"}],"about":[{"href":"https:\/\/shop.kustom.ch\/it\/wp-json\/wp\/v2\/types\/product"}],"wp:featuredmedia":[{"embeddable":true,"href":"https:\/\/shop.kustom.ch\/it\/wp-json\/wp\/v2\/media\/649495"}],"wp:attachment":[{"href":"https:\/\/shop.kustom.ch\/it\/wp-json\/wp\/v2\/media?parent=649494"}],"wp:term":[{"taxonomy":"product_brand","embeddable":true,"href":"https:\/\/shop.kustom.ch\/it\/wp-json\/wp\/v2\/product_brand?post=649494"},{"taxonomy":"product_cat","embeddable":true,"href":"https:\/\/shop.kustom.ch\/it\/wp-json\/wp\/v2\/product_cat?post=649494"},{"taxonomy":"product_tag","embeddable":true,"href":"https:\/\/shop.kustom.ch\/it\/wp-json\/wp\/v2\/product_tag?post=649494"}],"curies":[{"name":"wp","href":"https:\/\/api.w.org\/{rel}","templated":true}]}}