{"id":649365,"date":"2025-04-08T02:52:00","date_gmt":"2025-04-08T01:52:00","guid":{"rendered":"https:\/\/shop.kustom.ch\/?post_type=product&#038;p=649365"},"modified":"2026-03-30T13:08:45","modified_gmt":"2026-03-30T12:08:45","slug":"latzhose-mit-knietaschen-accelerate-safe-3","status":"publish","type":"product","link":"https:\/\/shop.kustom.ch\/it\/prodotto\/latzhose-mit-knietaschen-accelerate-safe-3\/","title":{"rendered":"Salopette con tasche al ginocchio ACCELERAZIONE SICURA"},"content":{"rendered":"<p>Fluorescente con riflessi. Parti del prodotto sono realizzate in tessuto elasticizzato. Combinazione di tessuto leggero di qualit\u00e0 236 e tessuto ULTIMATE STRETCH di qualit\u00e0 511. Predisposizione per tasche pendenti con sistema Click Pocket. Doppie impunture sulle gambe e sul cavallo. Le gambe dei pantaloni sono sagomate in modo ergonomico. Spallacci in tessuto, regolabili, con elastico corto e resistente e fibbie in plastica. Le estremit\u00e0 degli spallacci possono essere nascoste con piccoli passanti. Tasca sulla pettorina con portapenne, tasca per il cellulare e patta con bottoni a pressione nascosti. Cintura regolabile in vita. Passanti per cintura. Anello a D. Chiusura con cerniera. Tasche anteriori. Tasche posteriori rinforzate. Passante per martello nascosto sul lato destro. Tasca rinforzata per il metro pieghevole. Tasche anteriori sulla coscia con patta. Tasche per le ginocchia regolabili in altezza. Regolazione semplice e individuale dell'altezza delle tasche per le ginocchia. Tasca sulla coscia con tasca per cellulare, patta e bottoni a pressione nascosti. La lunghezza del cavallo pu\u00f2 essere aumentata di 3 cm srotolando la cucitura rossa sul lato interno della gamba. Per questo modello si consigliano le seguenti protezioni per le ginocchia: 00418-100, 00718-100, 50451-916 o 20118-915. Certificato insieme alla ginocchiera di tipo SHORT o LONG in conformit\u00e0 alla norma EN 14404.<\/p>\n<p>OEKO-TEX\u00ae STANDARD 100; EN ISO 20471 - Classe 2; Gruppo Hi-Vis Y; ProWash\u00ae.<br \/>\n70% poliestere\/30% cotone<br \/>\nTwill\/ripstop. Pu\u00f2 restringersi fino a un massimo di 2%. Il prodotto \u00e8 certificato per mantenere le sue propriet\u00e0 dopo 50 lavaggi domestici o \u2265 25 lavaggi industriali.<br \/>\n215 g\/m\u00b2<br \/>\nLavaggio colorato, max. 60\u00b0 C; non candeggiare; resiste all'asciugatrice - temperatura massima di uscita 80\u00b0 C; non stirare; resiste alla normale pulizia<\/p>\n<p><a href=\"https:\/\/mascotsitecore-1ccb8.kxcdn.com\/pdf\/24569-236-14-de.pdf\" target=\"_blank\" rel=\"noopener\"><u>Aprire la scheda tecnica del prodotto<\/u><\/a><\/p>","protected":false},"excerpt":{"rendered":"<ul>\n<li>Qualit\u00e0 del tessuto leggero e resistente con ripstop. Il ripstop \u00e8 una trama particolarmente resistente agli strappi che garantisce una lunga durata del tessuto.<\/li>\n<li>Il prodotto \u00e8 una combinazione di tessuto rigido e tessuto elastico. Il tessuto elasticizzato si trova nei punti in cui \u00e8 richiesta una maggiore libert\u00e0 di movimento.<\/li>\n<li>Gambe dei pantaloni dal taglio ergonomico, modellate secondo i movimenti naturali del corpo.<\/li>\n<li>Le tasche per le ginocchia in resistente tessuto CORDURA\u00ae sono regolabili in modo che la protezione del ginocchio sia sempre posizionata in modo ottimale.<\/li>\n<li>Disponibile di serie in tre diverse lunghezze di cavallo, per la migliore vestibilit\u00e0 individuale e per i dettagli meglio posizionati.<\/li>\n<li>Certificato per l'uso con la ginocchiera MASCOT di tipo SHORT o LONG, poich\u00e9 la tasca della ginocchiera \u00e8 regolabile in altezza.<\/li>\n<li>Il prodotto \u00e8 adatto al lavaggio industriale.<\/li>\n<\/ul>","protected":false},"featured_media":649372,"template":"","meta":[],"product_brand":[],"product_cat":[10448],"product_tag":[],"class_list":{"0":"post-649365","1":"product","2":"type-product","3":"status-publish","4":"has-post-thumbnail","6":"product_cat-latzhose","7":"pa_brand-mascot","8":"pa_brand-type-workwear","9":"pa_filter-color-orange","11":"first","12":"instock","13":"sale","14":"taxable","15":"shipping-taxable","16":"purchasable","17":"product-type-variable","18":"add-to-wishlist-before_image"},"exclude_global_add_ons":[],"addons":[],"acf":[],"_links":{"self":[{"href":"https:\/\/shop.kustom.ch\/it\/wp-json\/wp\/v2\/product\/649365"}],"collection":[{"href":"https:\/\/shop.kustom.ch\/it\/wp-json\/wp\/v2\/product"}],"about":[{"href":"https:\/\/shop.kustom.ch\/it\/wp-json\/wp\/v2\/types\/product"}],"wp:featuredmedia":[{"embeddable":true,"href":"https:\/\/shop.kustom.ch\/it\/wp-json\/wp\/v2\/media\/649372"}],"wp:attachment":[{"href":"https:\/\/shop.kustom.ch\/it\/wp-json\/wp\/v2\/media?parent=649365"}],"wp:term":[{"taxonomy":"product_brand","embeddable":true,"href":"https:\/\/shop.kustom.ch\/it\/wp-json\/wp\/v2\/product_brand?post=649365"},{"taxonomy":"product_cat","embeddable":true,"href":"https:\/\/shop.kustom.ch\/it\/wp-json\/wp\/v2\/product_cat?post=649365"},{"taxonomy":"product_tag","embeddable":true,"href":"https:\/\/shop.kustom.ch\/it\/wp-json\/wp\/v2\/product_tag?post=649365"}],"curies":[{"name":"wp","href":"https:\/\/api.w.org\/{rel}","templated":true}]}}