{"id":649202,"date":"2025-04-08T02:49:48","date_gmt":"2025-04-08T01:49:48","guid":{"rendered":"https:\/\/shop.kustom.ch\/?post_type=product&#038;p=649202"},"modified":"2026-03-30T13:07:46","modified_gmt":"2026-03-30T12:07:46","slug":"softshell-weste-accelerate-safe","status":"publish","type":"product","link":"https:\/\/shop.kustom.ch\/it\/prodotto\/softshell-weste-accelerate-safe\/","title":{"rendered":"Gilet softshell ACCELERATE SAFE"},"content":{"rendered":"<p>Fluorescente con elementi riflettenti. Traspirante, antivento e idrorepellente. Vestibilit\u00e0 moderna e aderente con ampia libert\u00e0 di movimento. Colletto rialzato. Chiusura con cerniera e doppia striscia di protezione dalle intemperie. Tasca sul petto con zip. Tasche anteriori con zip. Tasche interne. Orlo inferiore elasticizzato e regolabile. Porta carte d'identit\u00e0 rimovibile.<\/p>\n<p>OEKO-TEX\u00ae STANDARD 100; EN ISO 20471 - Classe 1; Gruppo Hi-Vis C<br \/>\n100% Poliestere<br \/>\nSoftshell a 3 strati. Pu\u00f2 restringersi al massimo. 1%. Il prodotto \u00e8 certificato per mantenere le sue propriet\u00e0 dopo 50 lavaggi.<br \/>\n330 g\/m\u00b2<br \/>\nLavaggio delicato max. 40\u00b0 C; non candeggiare; non asciugare in tamburo; non stirare; resiste ai normali lavaggi<\/p>\n<p><a href=\"https:\/\/mascotsitecore-1ccb8.kxcdn.com\/pdf\/24065-143-14-de.pdf\" target=\"_blank\" rel=\"noopener\"><u>Aprire la scheda tecnica del prodotto<\/u><\/a><\/p>","protected":false},"excerpt":{"rendered":"<ul>\n<li>Traspirante, antivento e idrorepellente.<\/li>\n<li>Vestibilit\u00e0 moderna e aderente con ampia libert\u00e0 di movimento.<\/li>\n<li>Doppia striscia di protezione dalle intemperie per una maggiore protezione in caso di maltempo.<\/li>\n<li>Tasche anteriori con cerniera per una conservazione sicura.<\/li>\n<li>Orlo elasticizzato regolabile.<\/li>\n<\/ul>","protected":false},"featured_media":649203,"template":"","meta":[],"product_brand":[],"product_cat":[4208],"product_tag":[],"class_list":{"0":"post-649202","1":"product","2":"type-product","3":"status-publish","4":"has-post-thumbnail","6":"product_cat-westen","7":"pa_brand-mascot","8":"pa_brand-type-workwear","9":"pa_filter-color-gelb","10":"pa_filter-color-orange","12":"first","13":"instock","14":"sale","15":"taxable","16":"shipping-taxable","17":"purchasable","18":"product-type-variable","19":"add-to-wishlist-before_image"},"exclude_global_add_ons":[],"addons":[],"acf":[],"_links":{"self":[{"href":"https:\/\/shop.kustom.ch\/it\/wp-json\/wp\/v2\/product\/649202"}],"collection":[{"href":"https:\/\/shop.kustom.ch\/it\/wp-json\/wp\/v2\/product"}],"about":[{"href":"https:\/\/shop.kustom.ch\/it\/wp-json\/wp\/v2\/types\/product"}],"wp:featuredmedia":[{"embeddable":true,"href":"https:\/\/shop.kustom.ch\/it\/wp-json\/wp\/v2\/media\/649203"}],"wp:attachment":[{"href":"https:\/\/shop.kustom.ch\/it\/wp-json\/wp\/v2\/media?parent=649202"}],"wp:term":[{"taxonomy":"product_brand","embeddable":true,"href":"https:\/\/shop.kustom.ch\/it\/wp-json\/wp\/v2\/product_brand?post=649202"},{"taxonomy":"product_cat","embeddable":true,"href":"https:\/\/shop.kustom.ch\/it\/wp-json\/wp\/v2\/product_cat?post=649202"},{"taxonomy":"product_tag","embeddable":true,"href":"https:\/\/shop.kustom.ch\/it\/wp-json\/wp\/v2\/product_tag?post=649202"}],"curies":[{"name":"wp","href":"https:\/\/api.w.org\/{rel}","templated":true}]}}