{"id":649166,"date":"2025-04-08T02:49:38","date_gmt":"2025-04-08T01:49:38","guid":{"rendered":"https:\/\/shop.kustom.ch\/?post_type=product&#038;p=649166"},"modified":"2026-03-30T13:08:13","modified_gmt":"2026-03-30T12:08:13","slug":"fleecepullover-mit-reissverschluss-accelerate-safe-5","status":"publish","type":"product","link":"https:\/\/shop.kustom.ch\/it\/prodotto\/fleecepullover-mit-reissverschluss-accelerate-safe-5\/","title":{"rendered":"Maglia in pile con cerniera ACCELERATE SAFE"},"content":{"rendered":"<p>Fluorescente con nastro riflettente verticale e orizzontale. Vestibilit\u00e0 moderna e aderente con ampia libert\u00e0 di movimento. Colletto rialzato. Chiusura con cerniera e striscia interna di protezione dalle intemperie. Tasca sul petto con zip. Tasche anteriori con zip. Tasche interne. Polsi e orlo inferiore elasticizzati.<\/p>\n<p>OEKO-TEX\u00ae STANDARD 100; EN ISO 20471 - Classe 2; Hi-Vis Gruppo A<br \/>\n94% poliestere\/6% elastan<br \/>\nPile al metro. Pu\u00f2 restringersi fino a un massimo di 3%. Il prodotto \u00e8 certificato per mantenere le sue propriet\u00e0 dopo 50 lavaggi.<br \/>\n260 g\/m\u00b2<br \/>\nLavaggio delicato max. 40\u00b0 C; non candeggiare; non asciugare in tamburo; non stirare; resiste ai normali lavaggi<\/p>\n<p><a href=\"https:\/\/mascotsitecore-1ccb8.kxcdn.com\/pdf\/24103-315-14-de.pdf\" target=\"_blank\" rel=\"noopener\"><u>Aprire la scheda tecnica del prodotto<\/u><\/a><\/p>","protected":false},"excerpt":{"rendered":"<ul>\n<li>Vestibilit\u00e0 moderna e aderente con ampia libert\u00e0 di movimento.<\/li>\n<li>Con cerniera e striscia di protezione dalle intemperie all'interno per tenere lontano il vento.<\/li>\n<li>Tasche anteriori con cerniera per una conservazione sicura.<\/li>\n<li>Tasche interne.<\/li>\n<\/ul>","protected":false},"featured_media":649168,"template":"","meta":[],"product_brand":[],"product_cat":[4184],"product_tag":[],"class_list":{"0":"post-649166","1":"product","2":"type-product","3":"status-publish","4":"has-post-thumbnail","6":"product_cat-hoodies-pullover","7":"pa_brand-mascot","8":"pa_brand-type-workwear","9":"pa_filter-color-orange","11":"first","12":"instock","13":"sale","14":"taxable","15":"shipping-taxable","16":"purchasable","17":"product-type-variable","18":"add-to-wishlist-before_image"},"exclude_global_add_ons":[],"addons":[],"acf":[],"_links":{"self":[{"href":"https:\/\/shop.kustom.ch\/it\/wp-json\/wp\/v2\/product\/649166"}],"collection":[{"href":"https:\/\/shop.kustom.ch\/it\/wp-json\/wp\/v2\/product"}],"about":[{"href":"https:\/\/shop.kustom.ch\/it\/wp-json\/wp\/v2\/types\/product"}],"wp:featuredmedia":[{"embeddable":true,"href":"https:\/\/shop.kustom.ch\/it\/wp-json\/wp\/v2\/media\/649168"}],"wp:attachment":[{"href":"https:\/\/shop.kustom.ch\/it\/wp-json\/wp\/v2\/media?parent=649166"}],"wp:term":[{"taxonomy":"product_brand","embeddable":true,"href":"https:\/\/shop.kustom.ch\/it\/wp-json\/wp\/v2\/product_brand?post=649166"},{"taxonomy":"product_cat","embeddable":true,"href":"https:\/\/shop.kustom.ch\/it\/wp-json\/wp\/v2\/product_cat?post=649166"},{"taxonomy":"product_tag","embeddable":true,"href":"https:\/\/shop.kustom.ch\/it\/wp-json\/wp\/v2\/product_tag?post=649166"}],"curies":[{"name":"wp","href":"https:\/\/api.w.org\/{rel}","templated":true}]}}