{"id":649025,"date":"2025-04-08T02:47:02","date_gmt":"2025-04-08T01:47:02","guid":{"rendered":"https:\/\/shop.kustom.ch\/?post_type=product&#038;p=649025"},"modified":"2026-03-30T13:08:08","modified_gmt":"2026-03-30T12:08:08","slug":"polo-shirt-accelerate-safe-5","status":"publish","type":"product","link":"https:\/\/shop.kustom.ch\/it\/prodotto\/polo-shirt-accelerate-safe-5\/","title":{"rendered":"Polo ACCELERATE SAFE"},"content":{"rendered":"<p>Premium. Fluorescente con nastro riflettente verticale e orizzontale. Vestibilit\u00e0 moderna. Confortevole cotone all'interno e resistente poliestere elasticizzato all'esterno. Motivo jacquard quadrato. Elementi riflettenti elasticizzati. Colletto in maglia. Abbottonatura con bottoni nascosti. Nastro sul collo.<\/p>\n<p>OEKO-TEX\u00ae STANDARD 100; EN ISO 20471 - Classe 2; Hi-Vis Gruppo B; EN 13758-2 UPF 40+<br \/>\n55% Poliestere riciclato\/45% Cotone<br \/>\nTessuto a maglia al metro. Pu\u00f2 restringersi fino a un massimo di 5%. Il prodotto \u00e8 certificato secondo la norma EN ISO 20471 per mantenere le sue propriet\u00e0 per 50 lavaggi domestici.<br \/>\n150 g\/m\u00b2<br \/>\nLavaggio colorato, max. 60\u00b0 C; non candeggiare; resiste all'asciugatrice - temperatura massima di uscita 60\u00b0 C; non stirare; resiste alla normale pulizia<\/p>\n<p><a href=\"https:\/\/mascotsitecore-1ccb8.kxcdn.com\/pdf\/24083-771-14-de.pdf\" target=\"_blank\" rel=\"noopener\"><u>Aprire la scheda tecnica del prodotto<\/u><\/a><\/p>","protected":false},"excerpt":{"rendered":"<ul>\n<li>Questo tessuto \u00e8 composto da poliestere all'esterno per una maggiore durata e solidit\u00e0 dei colori e da cotone all'interno per un maggiore comfort.<\/li>\n<li>Vestibilit\u00e0 moderna e aderente con ampia libert\u00e0 di movimento.<\/li>\n<li>Maggiore libert\u00e0 di movimento grazie ai riflessi elastici.<\/li>\n<li>Passare il nastro adesivo sulla cucitura del collo in modo che la cucitura non interferisca.<\/li>\n<\/ul>","protected":false},"featured_media":649026,"template":"","meta":[],"product_brand":[],"product_cat":[4193],"product_tag":[],"class_list":{"0":"post-649025","1":"product","2":"type-product","3":"status-publish","4":"has-post-thumbnail","6":"product_cat-polos","7":"pa_brand-mascot","8":"pa_brand-type-workwear","9":"pa_filter-color-orange","11":"first","12":"instock","13":"sale","14":"taxable","15":"shipping-taxable","16":"purchasable","17":"product-type-variable","18":"add-to-wishlist-before_image"},"exclude_global_add_ons":[],"addons":[],"acf":[],"_links":{"self":[{"href":"https:\/\/shop.kustom.ch\/it\/wp-json\/wp\/v2\/product\/649025"}],"collection":[{"href":"https:\/\/shop.kustom.ch\/it\/wp-json\/wp\/v2\/product"}],"about":[{"href":"https:\/\/shop.kustom.ch\/it\/wp-json\/wp\/v2\/types\/product"}],"wp:featuredmedia":[{"embeddable":true,"href":"https:\/\/shop.kustom.ch\/it\/wp-json\/wp\/v2\/media\/649026"}],"wp:attachment":[{"href":"https:\/\/shop.kustom.ch\/it\/wp-json\/wp\/v2\/media?parent=649025"}],"wp:term":[{"taxonomy":"product_brand","embeddable":true,"href":"https:\/\/shop.kustom.ch\/it\/wp-json\/wp\/v2\/product_brand?post=649025"},{"taxonomy":"product_cat","embeddable":true,"href":"https:\/\/shop.kustom.ch\/it\/wp-json\/wp\/v2\/product_cat?post=649025"},{"taxonomy":"product_tag","embeddable":true,"href":"https:\/\/shop.kustom.ch\/it\/wp-json\/wp\/v2\/product_tag?post=649025"}],"curies":[{"name":"wp","href":"https:\/\/api.w.org\/{rel}","templated":true}]}}