{"id":648566,"date":"2025-04-07T19:47:47","date_gmt":"2025-04-07T18:47:47","guid":{"rendered":"https:\/\/shop.kustom.ch\/?post_type=product&#038;p=648566"},"modified":"2026-03-31T09:27:05","modified_gmt":"2026-03-31T08:27:05","slug":"boardslide","status":"publish","type":"product","link":"https:\/\/shop.kustom.ch\/it\/prodotto\/boardslide\/","title":{"rendered":"Scivolare con le tavole"},"content":{"rendered":"<p>Vi presentiamo la Boardslide Jacket, un softshell realizzato con 5 strati di tessuto per prestazioni impareggiabili. Con una membrana funzionale unita a un pile riscaldante e rifinita con una fodera imbottita in poliestere riciclato, questa giacca offre calore e protezione. Con la sua vestibilit\u00e0 regolare e i polsini e l'orlo regolabili, la giacca Boardslide garantisce una vestibilit\u00e0 personalizzabile per qualsiasi avventura. Tre tasche con zip facilmente accessibili offrono ampio spazio per riporre gli oggetti essenziali in viaggio. Dotata di un cappuccio fisso regolabile lateralmente con stopper, questa giacca offre ulteriore versatilit\u00e0 e protezione dagli elementi. Che siate alla conquista delle piste o alla scoperta della citt\u00e0, la Boardslide Jacket \u00e8 la scelta ideale per una protezione flessibile e di stile. Confezionata in un sacchetto bio-based e compostabile.<\/p>\n<p>Materiale: Tessuto esterno: poliestere riciclato 100%. Imbottitura: 100% poliestere riciclato. Fodera: 100% poliestere riciclato. Oeko-Tex Standard 100. WP 1000\/MVP 200<\/p>","protected":false},"excerpt":{"rendered":"<p>Pr\u00e4sentieren wir Ihnen die Boardslide Jacke, eine Softshell, die aus 5 Lagen Stoff f\u00fcr unvergleichliche Leistung gefertigt ist. Mit einer funktionalen Membran, die mit w\u00e4rmendem Fleece verbunden und mit einem gepolsterten Innenfutter aus Recycling-Polyester abgeschlossen ist, bietet diese Jacke sowohl W\u00e4rme als auch Schutz. Mit ihrem Regular Fit und den verstellbaren \u00c4rmelb\u00fcndchen und dem Saum [&hellip;]<\/p>\n","protected":false},"featured_media":648590,"template":"","meta":[],"product_brand":[],"product_cat":[4186],"product_tag":[],"class_list":{"0":"post-648566","1":"product","2":"type-product","3":"status-publish","4":"has-post-thumbnail","6":"product_cat-jacken","7":"pa_brand-printer-red","8":"pa_brand-type-workwear","9":"pa_filter-color-blau","10":"pa_filter-color-rot","11":"pa_filter-color-schwarz","13":"first","14":"instock","15":"sale","16":"taxable","17":"shipping-taxable","18":"purchasable","19":"product-type-variable","20":"add-to-wishlist-before_image"},"exclude_global_add_ons":[],"addons":[],"acf":[],"_links":{"self":[{"href":"https:\/\/shop.kustom.ch\/it\/wp-json\/wp\/v2\/product\/648566"}],"collection":[{"href":"https:\/\/shop.kustom.ch\/it\/wp-json\/wp\/v2\/product"}],"about":[{"href":"https:\/\/shop.kustom.ch\/it\/wp-json\/wp\/v2\/types\/product"}],"wp:featuredmedia":[{"embeddable":true,"href":"https:\/\/shop.kustom.ch\/it\/wp-json\/wp\/v2\/media\/648590"}],"wp:attachment":[{"href":"https:\/\/shop.kustom.ch\/it\/wp-json\/wp\/v2\/media?parent=648566"}],"wp:term":[{"taxonomy":"product_brand","embeddable":true,"href":"https:\/\/shop.kustom.ch\/it\/wp-json\/wp\/v2\/product_brand?post=648566"},{"taxonomy":"product_cat","embeddable":true,"href":"https:\/\/shop.kustom.ch\/it\/wp-json\/wp\/v2\/product_cat?post=648566"},{"taxonomy":"product_tag","embeddable":true,"href":"https:\/\/shop.kustom.ch\/it\/wp-json\/wp\/v2\/product_tag?post=648566"}],"curies":[{"name":"wp","href":"https:\/\/api.w.org\/{rel}","templated":true}]}}