{"id":647898,"date":"2025-04-05T01:59:07","date_gmt":"2025-04-05T00:59:07","guid":{"rendered":"https:\/\/shop.kustom.ch\/?post_type=product&#038;p=647898"},"modified":"2026-03-31T12:02:39","modified_gmt":"2026-03-31T11:02:39","slug":"indigo-bow-135-woman-contemporary","status":"publish","type":"product","link":"https:\/\/shop.kustom.ch\/it\/prodotto\/indigo-bow-135-woman-contemporary\/","title":{"rendered":"Indigo Bow 135 Donna contemporaneo"},"content":{"rendered":"<p>Il bellissimo tessuto a maglia piqu\u00e9 conferisce alla camicia un'elasticit\u00e0 naturale e una sensazione di grande morbidezza e comfort. La camicia casual perfetta.<\/p>\n<p>Materiale: cotone 100%. Maglia a piqu\u00e9, di facile manutenzione<\/p>","protected":false},"excerpt":{"rendered":"<p>Der wundersch\u00f6ne Piqu\u00e9-Strickstoff verleiht dem Hemd eine nat\u00fcrliche Dehnbarkeit und ein sehr weiches, angenehmes Tragegef\u00fchl. Das perfekte Freizeit-Hemd. Material: 100% Baumwolle. Pique Knit, Easy Care<\/p>","protected":false},"featured_media":647930,"template":"","meta":[],"product_brand":[],"product_cat":[9895],"product_tag":[],"class_list":{"0":"post-647898","1":"product","2":"type-product","3":"status-publish","4":"has-post-thumbnail","6":"product_cat-blusen","7":"pa_brand-harvest-frost","8":"pa_brand-type-workwear","9":"pa_filter-color-blau","10":"pa_filter-color-grau","11":"pa_filter-color-schwarz","12":"pa_filter-color-weiss","14":"first","15":"instock","16":"sale","17":"taxable","18":"shipping-taxable","19":"purchasable","20":"product-type-variable","21":"add-to-wishlist-before_image"},"exclude_global_add_ons":[],"addons":[],"acf":[],"_links":{"self":[{"href":"https:\/\/shop.kustom.ch\/it\/wp-json\/wp\/v2\/product\/647898"}],"collection":[{"href":"https:\/\/shop.kustom.ch\/it\/wp-json\/wp\/v2\/product"}],"about":[{"href":"https:\/\/shop.kustom.ch\/it\/wp-json\/wp\/v2\/types\/product"}],"wp:featuredmedia":[{"embeddable":true,"href":"https:\/\/shop.kustom.ch\/it\/wp-json\/wp\/v2\/media\/647930"}],"wp:attachment":[{"href":"https:\/\/shop.kustom.ch\/it\/wp-json\/wp\/v2\/media?parent=647898"}],"wp:term":[{"taxonomy":"product_brand","embeddable":true,"href":"https:\/\/shop.kustom.ch\/it\/wp-json\/wp\/v2\/product_brand?post=647898"},{"taxonomy":"product_cat","embeddable":true,"href":"https:\/\/shop.kustom.ch\/it\/wp-json\/wp\/v2\/product_cat?post=647898"},{"taxonomy":"product_tag","embeddable":true,"href":"https:\/\/shop.kustom.ch\/it\/wp-json\/wp\/v2\/product_tag?post=647898"}],"curies":[{"name":"wp","href":"https:\/\/api.w.org\/{rel}","templated":true}]}}