{"id":647800,"date":"2025-04-05T01:58:21","date_gmt":"2025-04-05T00:58:21","guid":{"rendered":"https:\/\/shop.kustom.ch\/?post_type=product&#038;p=647800"},"modified":"2026-03-31T12:02:52","modified_gmt":"2026-03-31T11:02:52","slug":"indigo-bow-134-cord-shirt-contemporary-fit-w","status":"publish","type":"product","link":"https:\/\/shop.kustom.ch\/it\/prodotto\/indigo-bow-134-cord-shirt-contemporary-fit-w\/","title":{"rendered":"Camicia in corda Indigo Bow 134 dal taglio contemporaneo W"},"content":{"rendered":"<p>Questa camicia di velluto a coste in edizione limitata \u00e8 realizzata in un tessuto \"micro velluto a coste\" che offre una consistenza migliore e una sensazione di morbidezza e comfort. Con bottoni in finto corno e un morbido colletto button-down nascosto. Come sempre, le camicie J.Harvest &amp; Frost sono dotate di un carr\u00e9 diviso. Abbinatela a un blazer casual o a una camicia over e il vostro look smart casual sar\u00e0 completo. La vestibilit\u00e0 sartoriale per l'uomo si colloca esattamente tra lo slim fit e il regular fit. Taglio comodo per le donne.<\/p>\n<p>Materiale: cotone 97%, elastan 3%. 132 g\/m\u00b2<\/p>","protected":false},"excerpt":{"rendered":"<p>Dieses limitierte Cordhemd ist aus einem &#8222;Micro Cord&#8220;-Gewebe gefertigt, das eine verbesserte Textur bietet und ein weiches, angenehmes Tragegef\u00fchl vermittelt. Mit Kn\u00f6pfen in Hornimitat und einem weichen versteckten Button-Down-Kragen. Wie immer kommen die J.Harvest &amp; Frost Hemden mit einer geteilten Passe. Kombinieren Sie es mit einem l\u00e4ssigen Blazer oder einem Overshirt, und Ihr Smart Casual [&hellip;]<\/p>\n","protected":false},"featured_media":647828,"template":"","meta":[],"product_brand":[],"product_cat":[9895],"product_tag":[],"class_list":{"0":"post-647800","1":"product","2":"type-product","3":"status-publish","4":"has-post-thumbnail","6":"product_cat-blusen","7":"pa_brand-harvest-frost","8":"pa_brand-type-workwear","9":"pa_filter-color-blau","10":"pa_filter-color-braun","11":"pa_filter-color-gruen","13":"first","14":"instock","15":"sale","16":"taxable","17":"shipping-taxable","18":"purchasable","19":"product-type-variable","20":"add-to-wishlist-before_image"},"exclude_global_add_ons":[],"addons":[],"acf":[],"_links":{"self":[{"href":"https:\/\/shop.kustom.ch\/it\/wp-json\/wp\/v2\/product\/647800"}],"collection":[{"href":"https:\/\/shop.kustom.ch\/it\/wp-json\/wp\/v2\/product"}],"about":[{"href":"https:\/\/shop.kustom.ch\/it\/wp-json\/wp\/v2\/types\/product"}],"wp:featuredmedia":[{"embeddable":true,"href":"https:\/\/shop.kustom.ch\/it\/wp-json\/wp\/v2\/media\/647828"}],"wp:attachment":[{"href":"https:\/\/shop.kustom.ch\/it\/wp-json\/wp\/v2\/media?parent=647800"}],"wp:term":[{"taxonomy":"product_brand","embeddable":true,"href":"https:\/\/shop.kustom.ch\/it\/wp-json\/wp\/v2\/product_brand?post=647800"},{"taxonomy":"product_cat","embeddable":true,"href":"https:\/\/shop.kustom.ch\/it\/wp-json\/wp\/v2\/product_cat?post=647800"},{"taxonomy":"product_tag","embeddable":true,"href":"https:\/\/shop.kustom.ch\/it\/wp-json\/wp\/v2\/product_tag?post=647800"}],"curies":[{"name":"wp","href":"https:\/\/api.w.org\/{rel}","templated":true}]}}