{"id":647753,"date":"2025-04-05T01:57:47","date_gmt":"2025-04-05T00:57:47","guid":{"rendered":"https:\/\/shop.kustom.ch\/?post_type=product&#038;p=647753"},"modified":"2026-03-31T12:02:22","modified_gmt":"2026-03-31T11:02:22","slug":"yellow-bow-57-slim","status":"publish","type":"product","link":"https:\/\/shop.kustom.ch\/it\/prodotto\/yellow-bow-57-slim\/","title":{"rendered":"Fiocco giallo 57 Slim"},"content":{"rendered":"<p>La tecnica King Knit conferisce a questa camicia una bella struttura e un'elasticit\u00e0 naturale. Il tessuto \u00e8 trattato per una facile manutenzione e realizzato con una miscela di materiali preferiti. La versione bianca \u00e8 a tinta unita, mentre la struttura \u00e8 ben visibile nelle versioni azzurra e verde. La lunghezza del corpo \u00e8 pi\u00f9 corta di 3 cm.<\/p>\n<p>Materiale: cotone organico 63%, poliestere riciclato 37%. Maglia King, di facile manutenzione.<\/p>","protected":false},"excerpt":{"rendered":"<p>Die King Knit-Technik verleiht diesem Hemd eine sch\u00f6ne Struktur und nat\u00fcrliche Dehnbarkeit. Der Stoff ist Easy-Care-behandelt und aus einer Mischung bevorzugter Materialien gefertigt. Die weisse Variante ist einfarbig, w\u00e4hrend die Struktur bei den Varianten in Hellblau und Gr\u00fcn deutlich sichtbar ist. Die K\u00f6rperl\u00e4nge ist um 3 cm k\u00fcrzer. Material: 63% Bio baumwolle, 37% recyceltes Polyester. [&hellip;]<\/p>\n","protected":false},"featured_media":647757,"template":"","meta":[],"product_brand":[],"product_cat":[9874],"product_tag":[],"class_list":{"0":"post-647753","1":"product","2":"type-product","3":"status-publish","4":"has-post-thumbnail","6":"product_cat-hemden","7":"pa_brand-harvest-frost","8":"pa_brand-type-workwear","9":"pa_filter-color-blau","10":"pa_filter-color-gruen","11":"pa_filter-color-weiss","13":"first","14":"instock","15":"sale","16":"taxable","17":"shipping-taxable","18":"purchasable","19":"product-type-variable","20":"add-to-wishlist-before_image"},"exclude_global_add_ons":[],"addons":[],"acf":[],"_links":{"self":[{"href":"https:\/\/shop.kustom.ch\/it\/wp-json\/wp\/v2\/product\/647753"}],"collection":[{"href":"https:\/\/shop.kustom.ch\/it\/wp-json\/wp\/v2\/product"}],"about":[{"href":"https:\/\/shop.kustom.ch\/it\/wp-json\/wp\/v2\/types\/product"}],"wp:featuredmedia":[{"embeddable":true,"href":"https:\/\/shop.kustom.ch\/it\/wp-json\/wp\/v2\/media\/647757"}],"wp:attachment":[{"href":"https:\/\/shop.kustom.ch\/it\/wp-json\/wp\/v2\/media?parent=647753"}],"wp:term":[{"taxonomy":"product_brand","embeddable":true,"href":"https:\/\/shop.kustom.ch\/it\/wp-json\/wp\/v2\/product_brand?post=647753"},{"taxonomy":"product_cat","embeddable":true,"href":"https:\/\/shop.kustom.ch\/it\/wp-json\/wp\/v2\/product_cat?post=647753"},{"taxonomy":"product_tag","embeddable":true,"href":"https:\/\/shop.kustom.ch\/it\/wp-json\/wp\/v2\/product_tag?post=647753"}],"curies":[{"name":"wp","href":"https:\/\/api.w.org\/{rel}","templated":true}]}}