{"id":647607,"date":"2025-04-05T01:56:48","date_gmt":"2025-04-05T00:56:48","guid":{"rendered":"https:\/\/shop.kustom.ch\/?post_type=product&#038;p=647607"},"modified":"2026-03-31T12:03:00","modified_gmt":"2026-03-31T11:03:00","slug":"yellow-bow-56-regular","status":"publish","type":"product","link":"https:\/\/shop.kustom.ch\/it\/prodotto\/yellow-bow-56-regular\/","title":{"rendered":"Fiocco giallo 56 Regolare"},"content":{"rendered":"<p>Una camicia ad alte prestazioni realizzata in twill misto di materiali pregiati con un trattamento di facile manutenzione e moderni dettagli a contrasto. Ha un colletto button-down nascosto e, come sempre, le camicie da lavoro J.Harvest &amp; Frost sono dotate di cuciture nastrate e carr\u00e9 diviso.<br \/>\n- Cura facile<br \/>\n- Cuciture principali sigillate.<br \/>\n- Polsino ad angelo semplice, con asola aggiuntiva per i gemelli.<\/p>\n<p>Materiale: monocolore: cotone organico 60%, poliestere riciclato 40%. 134 g\/m\u00b2.<\/p>","protected":false},"excerpt":{"rendered":"<p>Ein Hochleistungshemd, hergestellt aus einem gemischten Twill aus bevorzugten Materialien mit zus\u00e4tzlicher Easy Care-Behandlung und modernen Kontrastdetails. Es hat einen versteckten Button-Down-Kragen und wie immer kommen die Businesshemden von J.Harvest &amp; Frost mit versiegelten N\u00e4hten und geteilter Passe. \u2022 Easy Care \u2022 Versiegelte Hauptn\u00e4hte. \u2022 Einfacher Engelsmanchette, mit zus\u00e4tzlichem Knopfloch f\u00fcr Manschettenkn\u00f6pfe. Material: Einfarbig: 60% [&hellip;]<\/p>\n","protected":false},"featured_media":647608,"template":"","meta":[],"product_brand":[],"product_cat":[9874],"product_tag":[],"class_list":{"0":"post-647607","1":"product","2":"type-product","3":"status-publish","4":"has-post-thumbnail","6":"product_cat-hemden","7":"pa_brand-harvest-frost","8":"pa_brand-type-workwear","9":"pa_filter-color-blau","10":"pa_filter-color-schwarz","11":"pa_filter-color-weiss","13":"first","14":"instock","15":"sale","16":"taxable","17":"shipping-taxable","18":"purchasable","19":"product-type-variable","20":"add-to-wishlist-before_image"},"exclude_global_add_ons":[],"addons":[],"acf":[],"_links":{"self":[{"href":"https:\/\/shop.kustom.ch\/it\/wp-json\/wp\/v2\/product\/647607"}],"collection":[{"href":"https:\/\/shop.kustom.ch\/it\/wp-json\/wp\/v2\/product"}],"about":[{"href":"https:\/\/shop.kustom.ch\/it\/wp-json\/wp\/v2\/types\/product"}],"wp:featuredmedia":[{"embeddable":true,"href":"https:\/\/shop.kustom.ch\/it\/wp-json\/wp\/v2\/media\/647608"}],"wp:attachment":[{"href":"https:\/\/shop.kustom.ch\/it\/wp-json\/wp\/v2\/media?parent=647607"}],"wp:term":[{"taxonomy":"product_brand","embeddable":true,"href":"https:\/\/shop.kustom.ch\/it\/wp-json\/wp\/v2\/product_brand?post=647607"},{"taxonomy":"product_cat","embeddable":true,"href":"https:\/\/shop.kustom.ch\/it\/wp-json\/wp\/v2\/product_cat?post=647607"},{"taxonomy":"product_tag","embeddable":true,"href":"https:\/\/shop.kustom.ch\/it\/wp-json\/wp\/v2\/product_tag?post=647607"}],"curies":[{"name":"wp","href":"https:\/\/api.w.org\/{rel}","templated":true}]}}