{"id":647554,"date":"2025-04-05T01:56:16","date_gmt":"2025-04-05T00:56:16","guid":{"rendered":"https:\/\/shop.kustom.ch\/?post_type=product&#038;p=647554"},"modified":"2026-03-31T12:02:06","modified_gmt":"2026-03-31T11:02:06","slug":"yellow-bow-50-woman-contemporary","status":"publish","type":"product","link":"https:\/\/shop.kustom.ch\/it\/prodotto\/yellow-bow-50-woman-contemporary\/","title":{"rendered":"Fiocco giallo 50 Donna contemporaneo"},"content":{"rendered":"<p>Yellow Bow 50 \u00e8 la nostra camicia \"rimboccati le maniche e vai al lavoro\". \u00c8 una classica camicia monocolore con moderni dettagli sartoriali, realizzata nel nostro misto preferito di twill pregiato con un ulteriore trattamento ecologico Easy Care. Come di consueto, presenta un carr\u00e9 diviso e cuciture principali nastrate per garantire i pi\u00f9 alti standard di qualit\u00e0.<br \/>\n- 60% cotone, 40% poliestere, 134 g\/m\u00b2<br \/>\n- Elevata solidit\u00e0 del colore<br \/>\n- Adatto alle lavatrici<br \/>\n- Easy Care, trattamento ambientale brevettato<br \/>\n- Il carr\u00e9 posteriore diviso assicura spalle morbide e sagomate e una maggiore libert\u00e0 di movimento.<br \/>\n- Le cuciture principali nastrate conferiscono alla camicia un aspetto fresco ed esclusivo dopo ogni lavaggio<br \/>\n- Colletto semi-tagliato<br \/>\n- Manica lunga e manica corta (solo per gli uomini)<br \/>\n- Polsini con asola supplementare per i gemelli.<br \/>\n- Manopole alte e spesse 4 mm.<br \/>\n- Orlo arrotondato<\/p>\n<p>Materiale: cotone 60%, poliestere 40%<\/p>","protected":false},"excerpt":{"rendered":"<p>Yellow Bow 50 ist unser &#8222;kr\u00e4mpel die \u00c4rmel hoch und geh zur Arbeit&#8220; Hemd. Es ist ein einfarbiges klassisches Hemd mit modernen massgeschneiderten Details, aus unserem Lieblings Mix Fein Twill mit einer zus\u00e4tzlichen, einzigartigen umweltfreundlichen Easy Care Behandlung hergestellt. Wie gewohnt mit einem Split Yoke und Taped Main Seams f\u00fcr h\u00f6chste Qualit\u00e4tsanspr\u00fcche. \u2022 60% Baumwolle, [&hellip;]<\/p>\n","protected":false},"featured_media":647555,"template":"","meta":[],"product_brand":[],"product_cat":[9895],"product_tag":[],"class_list":{"0":"post-647554","1":"product","2":"type-product","3":"status-publish","4":"has-post-thumbnail","6":"product_cat-blusen","7":"pa_brand-harvest-frost","8":"pa_brand-type-workwear","9":"pa_filter-color-blau","10":"pa_filter-color-weiss","12":"first","13":"instock","14":"sale","15":"taxable","16":"shipping-taxable","17":"purchasable","18":"product-type-variable","19":"add-to-wishlist-before_image"},"exclude_global_add_ons":[],"addons":[],"acf":[],"_links":{"self":[{"href":"https:\/\/shop.kustom.ch\/it\/wp-json\/wp\/v2\/product\/647554"}],"collection":[{"href":"https:\/\/shop.kustom.ch\/it\/wp-json\/wp\/v2\/product"}],"about":[{"href":"https:\/\/shop.kustom.ch\/it\/wp-json\/wp\/v2\/types\/product"}],"wp:featuredmedia":[{"embeddable":true,"href":"https:\/\/shop.kustom.ch\/it\/wp-json\/wp\/v2\/media\/647555"}],"wp:attachment":[{"href":"https:\/\/shop.kustom.ch\/it\/wp-json\/wp\/v2\/media?parent=647554"}],"wp:term":[{"taxonomy":"product_brand","embeddable":true,"href":"https:\/\/shop.kustom.ch\/it\/wp-json\/wp\/v2\/product_brand?post=647554"},{"taxonomy":"product_cat","embeddable":true,"href":"https:\/\/shop.kustom.ch\/it\/wp-json\/wp\/v2\/product_cat?post=647554"},{"taxonomy":"product_tag","embeddable":true,"href":"https:\/\/shop.kustom.ch\/it\/wp-json\/wp\/v2\/product_tag?post=647554"}],"curies":[{"name":"wp","href":"https:\/\/api.w.org\/{rel}","templated":true}]}}