{"id":647501,"date":"2025-04-05T01:34:35","date_gmt":"2025-04-05T00:34:35","guid":{"rendered":"https:\/\/shop.kustom.ch\/?post_type=product&#038;p=647501"},"modified":"2026-03-31T10:40:07","modified_gmt":"2026-03-31T09:40:07","slug":"scarsdale-t-shirt-men","status":"publish","type":"product","link":"https:\/\/shop.kustom.ch\/it\/prodotto\/scarsdale-t-shirt-men\/","title":{"rendered":"Maglietta Scarsdale Uomo"},"content":{"rendered":"<p>Scoprite la T-shirt Scarsdale, realizzata in finissimo cotone organico 100% a fibra lunga e filato ad anelli per il massimo comfort. Con il suo tessuto interlock lussuosamente morbido, questa maglietta \u00e8 progettata per una vestibilit\u00e0 perfetta e vi terr\u00e0 a vostro agio per tutto il giorno.<br \/>\nIl tessuto \u00e8 sottoposto a un doppio lavaggio preliminare, a un lavaggio enzimatico e a un trattamento al silicone per garantire una sensazione di morbidezza.<\/p>\n<p>Materiale: cotone organico 100%<\/p>","protected":false},"excerpt":{"rendered":"<p>Entdecken Sie das Scarsdale T-Shirt, gefertigt aus feinster, langfaseriger, 100% ringgesponnener Bio-Baumwolle f\u00fcr h\u00f6chsten Komfort. Mit seinem luxuri\u00f6s weichen Interlock-Stoff ist dieses Shirt f\u00fcr eine perfekte Passform entworfen und h\u00e4lt Sie den ganzen Tag \u00fcber bequem. Der Stoff ist doppelt vorgeschrumpft, enzymgewaschen und mit einer Silikonbehandlung f\u00fcr ein weiches Tragegef\u00fchl versehen Material: 100% Bio-Baumwolle<\/p>","protected":false},"featured_media":647502,"template":"","meta":[],"product_brand":[],"product_cat":[4201],"product_tag":[],"class_list":{"0":"post-647501","1":"product","2":"type-product","3":"status-publish","4":"has-post-thumbnail","6":"product_cat-t-shirts","7":"pa_brand-harvest","8":"pa_brand-type-workwear","9":"pa_filter-color-blau","10":"pa_filter-color-braun","11":"pa_filter-color-schwarz","12":"pa_filter-color-weiss","14":"first","15":"instock","16":"sale","17":"taxable","18":"shipping-taxable","19":"purchasable","20":"product-type-variable","21":"add-to-wishlist-before_image"},"exclude_global_add_ons":[],"addons":[],"acf":[],"_links":{"self":[{"href":"https:\/\/shop.kustom.ch\/it\/wp-json\/wp\/v2\/product\/647501"}],"collection":[{"href":"https:\/\/shop.kustom.ch\/it\/wp-json\/wp\/v2\/product"}],"about":[{"href":"https:\/\/shop.kustom.ch\/it\/wp-json\/wp\/v2\/types\/product"}],"wp:featuredmedia":[{"embeddable":true,"href":"https:\/\/shop.kustom.ch\/it\/wp-json\/wp\/v2\/media\/647502"}],"wp:attachment":[{"href":"https:\/\/shop.kustom.ch\/it\/wp-json\/wp\/v2\/media?parent=647501"}],"wp:term":[{"taxonomy":"product_brand","embeddable":true,"href":"https:\/\/shop.kustom.ch\/it\/wp-json\/wp\/v2\/product_brand?post=647501"},{"taxonomy":"product_cat","embeddable":true,"href":"https:\/\/shop.kustom.ch\/it\/wp-json\/wp\/v2\/product_cat?post=647501"},{"taxonomy":"product_tag","embeddable":true,"href":"https:\/\/shop.kustom.ch\/it\/wp-json\/wp\/v2\/product_tag?post=647501"}],"curies":[{"name":"wp","href":"https:\/\/api.w.org\/{rel}","templated":true}]}}