{"id":647385,"date":"2025-04-05T01:33:39","date_gmt":"2025-04-05T00:33:39","guid":{"rendered":"https:\/\/shop.kustom.ch\/?post_type=product&#038;p=647385"},"modified":"2026-03-31T10:49:59","modified_gmt":"2026-03-31T09:49:59","slug":"pinnacles","status":"publish","type":"product","link":"https:\/\/shop.kustom.ch\/it\/prodotto\/pinnacles\/","title":{"rendered":"Pinnacoli"},"content":{"rendered":"<p>Pinnacles, una giacca esterna multifunzionale 3 in 1 progettata per la massima protezione e comfort in condizioni di bagnato. La giacca esterna \u00e8 realizzata in poliestere riciclato e presenta cuciture nastrate e cerniere impermeabili per garantire una completa impermeabilit\u00e0. Due tasche laterali con cerniera e una tasca sul petto con cerniera per una conservazione sicura. Le maniche e l'orlo sono regolabili, con chiusura in velcro sulle maniche e cordoncino elastico sull'orlo, per una vestibilit\u00e0 personalizzata. Il cappuccio \u00e8 regolabile e staccabile, per una maggiore versatilit\u00e0, mentre la mentoniera aumenta il comfort evitando gli sfregamenti.<br \/>\nLa giacca interna \u00e8 imbottita e realizzata in poliammide riciclata certificata e offre ulteriore calore. \u00c8 inoltre dotata di due tasche con cerniera sui lati per riporla in modo sicuro e include una protezione per il mento per un maggiore comfort. Questa combinazione di giacca antipioggia funzionale e giacca interna imbottita crea un sistema di stratificazione versatile e protettivo, ideale per diverse condizioni atmosferiche. Confezionata in un sacchetto biodegradabile e compostabile.<\/p>\n<p>Materiale: Giacca esterna: poliestere riciclato 100%, 38 g\/m2. Giacca interna: Tessuto esterno: poliammide riciclata 100%, C.0 DWR. Fodera: 100% poliestere riciclato 37 g\/m2. Imbottitura: 95% poliestere riciclato, 5% poliestere 160 g\/m2 corpo \/ 100 g\/m2 maniche. Oeko-Tex Standard 100. WP 20000 \/ MVP 5000<\/p>","protected":false},"excerpt":{"rendered":"<p>Pinnacles, eine 3-in-1 Multifunktions Aussenjacke, entwickelt f\u00fcr maximalen Schutz und Komfort bei nassen Bedingungen. Die Aussenjacke besteht aus recyceltem Polyester und verf\u00fcgt \u00fcber versiegelte N\u00e4hte und wasserdichte Reissverschl\u00fcsse, um vollst\u00e4ndige Wasserresistenz zu gew\u00e4hrleisten. Zwei Reissverschlusstaschen an den Seiten und eine Reissverschluss-Brusttasche f\u00fcr sicheren Stauraum. Sowohl die \u00c4rmel als auch der Saum sind verstellbar, mit Klettverschluss [&hellip;]<\/p>\n","protected":false},"featured_media":647422,"template":"","meta":[],"product_brand":[],"product_cat":[4186],"product_tag":[],"class_list":{"0":"post-647385","1":"product","2":"type-product","3":"status-publish","4":"has-post-thumbnail","6":"product_cat-jacken","7":"pa_brand-harvest","8":"pa_brand-type-workwear","9":"pa_filter-color-blau","10":"pa_filter-color-grau","11":"pa_filter-color-schwarz","13":"first","14":"instock","15":"sale","16":"taxable","17":"shipping-taxable","18":"purchasable","19":"product-type-variable","20":"add-to-wishlist-before_image"},"exclude_global_add_ons":[],"addons":[],"acf":[],"_links":{"self":[{"href":"https:\/\/shop.kustom.ch\/it\/wp-json\/wp\/v2\/product\/647385"}],"collection":[{"href":"https:\/\/shop.kustom.ch\/it\/wp-json\/wp\/v2\/product"}],"about":[{"href":"https:\/\/shop.kustom.ch\/it\/wp-json\/wp\/v2\/types\/product"}],"wp:featuredmedia":[{"embeddable":true,"href":"https:\/\/shop.kustom.ch\/it\/wp-json\/wp\/v2\/media\/647422"}],"wp:attachment":[{"href":"https:\/\/shop.kustom.ch\/it\/wp-json\/wp\/v2\/media?parent=647385"}],"wp:term":[{"taxonomy":"product_brand","embeddable":true,"href":"https:\/\/shop.kustom.ch\/it\/wp-json\/wp\/v2\/product_brand?post=647385"},{"taxonomy":"product_cat","embeddable":true,"href":"https:\/\/shop.kustom.ch\/it\/wp-json\/wp\/v2\/product_cat?post=647385"},{"taxonomy":"product_tag","embeddable":true,"href":"https:\/\/shop.kustom.ch\/it\/wp-json\/wp\/v2\/product_tag?post=647385"}],"curies":[{"name":"wp","href":"https:\/\/api.w.org\/{rel}","templated":true}]}}