{"id":646997,"date":"2025-04-05T01:30:34","date_gmt":"2025-04-05T00:30:34","guid":{"rendered":"https:\/\/shop.kustom.ch\/?post_type=product&#038;p=646997"},"modified":"2026-03-31T10:39:03","modified_gmt":"2026-03-31T09:39:03","slug":"scarsdale-sweater-women","status":"publish","type":"product","link":"https:\/\/shop.kustom.ch\/it\/prodotto\/scarsdale-sweater-women\/","title":{"rendered":"Maglione Scarsdale Donna"},"content":{"rendered":"<p>Vi presentiamo il maglione Scarsdale, un comfort classico con un tocco moderno. Con una maglia strutturata sul davanti e sul retro, questo maglione offre consistenza e profondit\u00e0, mentre le maniche raglan sono accentate da due strisce colorate a contrasto per un tocco sportivo e contemporaneo. Questo maglione \u00e8 realizzato in cotone organico certificato 80% e poliestere riciclato certificato 20%.<\/p>\n<p>Materiale: 80% cotone organico, 20% poliestere riciclato<\/p>","protected":false},"excerpt":{"rendered":"<p>Wir pr\u00e4sentieren den Scarsdale Pullover, ein klassischer Komfort mit modernem Twist. Mit einem strukturierten Strick auf Vorder- und R\u00fcckseite bietet dieser Pullover Textur und Tiefe, w\u00e4hrend die Raglan\u00e4rmel mit zwei kontrastfarbenen Streifen f\u00fcr eine sportliche, zeitgem\u00e4sse Note akzentuiert sind. Dieser Pullover besteht aus 80% zertifizierter Bio-Baumwolle und 20% zertifiziertem recyceltem Polyester. Material: 80% Bio-Baumwolle, 20% [&hellip;]<\/p>\n","protected":false},"featured_media":647019,"template":"","meta":[],"product_brand":[],"product_cat":[4191],"product_tag":[],"class_list":{"0":"post-646997","1":"product","2":"type-product","3":"status-publish","4":"has-post-thumbnail","6":"product_cat-longsleeves-sweatshirts","7":"pa_brand-harvest","8":"pa_brand-type-workwear","9":"pa_filter-color-blau","10":"pa_filter-color-braun","11":"pa_filter-color-schwarz","13":"first","14":"instock","15":"sale","16":"taxable","17":"shipping-taxable","18":"purchasable","19":"product-type-variable","20":"add-to-wishlist-before_image"},"exclude_global_add_ons":[],"addons":[],"acf":[],"_links":{"self":[{"href":"https:\/\/shop.kustom.ch\/it\/wp-json\/wp\/v2\/product\/646997"}],"collection":[{"href":"https:\/\/shop.kustom.ch\/it\/wp-json\/wp\/v2\/product"}],"about":[{"href":"https:\/\/shop.kustom.ch\/it\/wp-json\/wp\/v2\/types\/product"}],"wp:featuredmedia":[{"embeddable":true,"href":"https:\/\/shop.kustom.ch\/it\/wp-json\/wp\/v2\/media\/647019"}],"wp:attachment":[{"href":"https:\/\/shop.kustom.ch\/it\/wp-json\/wp\/v2\/media?parent=646997"}],"wp:term":[{"taxonomy":"product_brand","embeddable":true,"href":"https:\/\/shop.kustom.ch\/it\/wp-json\/wp\/v2\/product_brand?post=646997"},{"taxonomy":"product_cat","embeddable":true,"href":"https:\/\/shop.kustom.ch\/it\/wp-json\/wp\/v2\/product_cat?post=646997"},{"taxonomy":"product_tag","embeddable":true,"href":"https:\/\/shop.kustom.ch\/it\/wp-json\/wp\/v2\/product_tag?post=646997"}],"curies":[{"name":"wp","href":"https:\/\/api.w.org\/{rel}","templated":true}]}}