{"id":646817,"date":"2025-04-05T01:28:55","date_gmt":"2025-04-05T00:28:55","guid":{"rendered":"https:\/\/shop.kustom.ch\/?post_type=product&#038;p=646817"},"modified":"2026-03-31T10:35:14","modified_gmt":"2026-03-31T09:35:14","slug":"valley-vest-woman","status":"publish","type":"product","link":"https:\/\/shop.kustom.ch\/it\/prodotto\/valley-vest-woman\/","title":{"rendered":"Gilet Valley Donna"},"content":{"rendered":"<p>Il gilet Valley \u00e8 un comodo gilet softshell con incollaggio, realizzato in poliestere riciclato certificato ed elastan. Grazie alle due tasche con zip sui lati e alle due tasche interne, offre pratiche possibilit\u00e0 di stoccaggio. La mentoniera offre ulteriore comfort e protezione dalle intemperie, mentre il tessuto elasticizzato garantisce libert\u00e0 di movimento. Confezionato in un sacchetto biodegradabile e compostabile.<\/p>\n<p>Materiale: Tessuto esterno: 96% poliestere riciclato, 4% elastan. 4-way stretch combinato con pile di poliestere riciclato 100%, C.0 DWR. Oeko-Tex Standard 100<\/p>","protected":false},"excerpt":{"rendered":"<p>Die Valley Weste ist eine bequeme Softshell-Weste mit Bonding, hergestellt aus zertifiziertem Recycling-Polyester und Elasthan. Mit ihren zwei Reissverschlusstaschen an den Seiten und zwei Innentaschen bietet sie praktische Aufbewahrungsm\u00f6glichkeiten. Der Kinnschutz sorgt f\u00fcr zus\u00e4tzlichen Komfort und Schutz vor den Elementen, w\u00e4hrend die Stretch-Qualit\u00e4t Bewegungsfreiheit gew\u00e4hrleistet. Verpackt in einem biobasierten, kompostierbaren Beutel. Material: Aussenstoff: 96% Recycling-Polyester, [&hellip;]<\/p>\n","protected":false},"featured_media":646820,"template":"","meta":[],"product_brand":[],"product_cat":[4208],"product_tag":[],"class_list":{"0":"post-646817","1":"product","2":"type-product","3":"status-publish","4":"has-post-thumbnail","6":"product_cat-westen","7":"pa_brand-harvest","8":"pa_brand-type-workwear","9":"pa_filter-color-blau","10":"pa_filter-color-grau","11":"pa_filter-color-rot","12":"pa_filter-color-schwarz","14":"first","15":"instock","16":"sale","17":"taxable","18":"shipping-taxable","19":"purchasable","20":"product-type-variable","21":"add-to-wishlist-before_image"},"exclude_global_add_ons":[],"addons":[],"acf":[],"_links":{"self":[{"href":"https:\/\/shop.kustom.ch\/it\/wp-json\/wp\/v2\/product\/646817"}],"collection":[{"href":"https:\/\/shop.kustom.ch\/it\/wp-json\/wp\/v2\/product"}],"about":[{"href":"https:\/\/shop.kustom.ch\/it\/wp-json\/wp\/v2\/types\/product"}],"wp:featuredmedia":[{"embeddable":true,"href":"https:\/\/shop.kustom.ch\/it\/wp-json\/wp\/v2\/media\/646820"}],"wp:attachment":[{"href":"https:\/\/shop.kustom.ch\/it\/wp-json\/wp\/v2\/media?parent=646817"}],"wp:term":[{"taxonomy":"product_brand","embeddable":true,"href":"https:\/\/shop.kustom.ch\/it\/wp-json\/wp\/v2\/product_brand?post=646817"},{"taxonomy":"product_cat","embeddable":true,"href":"https:\/\/shop.kustom.ch\/it\/wp-json\/wp\/v2\/product_cat?post=646817"},{"taxonomy":"product_tag","embeddable":true,"href":"https:\/\/shop.kustom.ch\/it\/wp-json\/wp\/v2\/product_tag?post=646817"}],"curies":[{"name":"wp","href":"https:\/\/api.w.org\/{rel}","templated":true}]}}