{"id":646632,"date":"2025-04-05T01:27:32","date_gmt":"2025-04-05T00:27:32","guid":{"rendered":"https:\/\/shop.kustom.ch\/?post_type=product&#038;p=646632"},"modified":"2026-03-31T10:33:41","modified_gmt":"2026-03-31T09:33:41","slug":"arches-vest-woman","status":"publish","type":"product","link":"https:\/\/shop.kustom.ch\/it\/prodotto\/arches-vest-woman\/","title":{"rendered":"Gilet Arches Donna"},"content":{"rendered":"<p>Il nostro gilet imbottito \u00e8 realizzato in poliestere riciclato 100% e progettato per offrire comfort e funzionalit\u00e0 senza pari. Questo moderno gilet \u00e8 dotato di eleganti tasche con cerniera nascoste dalle cuciture per riporlo in modo discreto e di un pannello anteriore e posteriore per una facile personalizzazione, che lo rende unico. L'orlo regolabile con coulisse elastica assicura un comfort personalizzabile, mentre la tasca interna con zip offre un posto sicuro per i vostri oggetti essenziali. Per un maggiore comfort e protezione, il gilet \u00e8 dotato di una protezione per il mento. \u00c8 inoltre dotato di una finitura idrorepellente priva di PFAS. Confezionato in un sacchetto organico compostabile.<\/p>\n<p>Materiale: Materiale esterno: 100% poliestere riciclato 82 g\/m2. Fodera : 100% poliestere riciclato 37 g\/m2. Imbottitura : qualit\u00e0 riciclata. Oeko-Tex Standard 100. 140 g\/m2 corpo \/ 140 g\/m2 maniche.<\/p>","protected":false},"excerpt":{"rendered":"<p>Unsere wattierte Weste, ist aus 100% Recycling-Polyester gefertigt und entwickelt, um unvergleichlichen Komfort und Funktionalit\u00e4t zu bieten. Diese moderne Weste verf\u00fcgt \u00fcber elegante, nahtverdeckte Reissverschlusstaschen f\u00fcr diskreten Stauraum und ein Vorder- und R\u00fcckenteil f\u00fcr einfache Personalisierung, wodurch sie einzigartig wird. Der verstellbare Saum mit elastischem Kordelzug sorgt f\u00fcr individuell anpassbaren Komfort, w\u00e4hrend die innere Reissverschlusstasche [&hellip;]<\/p>\n","protected":false},"featured_media":646675,"template":"","meta":[],"product_brand":[],"product_cat":[4208],"product_tag":[],"class_list":{"0":"post-646632","1":"product","2":"type-product","3":"status-publish","4":"has-post-thumbnail","6":"product_cat-westen","7":"pa_brand-harvest","8":"pa_brand-type-workwear","9":"pa_filter-color-blau","10":"pa_filter-color-grau","11":"pa_filter-color-rot","12":"pa_filter-color-schwarz","14":"first","15":"instock","16":"sale","17":"taxable","18":"shipping-taxable","19":"purchasable","20":"product-type-variable","21":"add-to-wishlist-before_image"},"exclude_global_add_ons":[],"addons":[],"acf":[],"_links":{"self":[{"href":"https:\/\/shop.kustom.ch\/it\/wp-json\/wp\/v2\/product\/646632"}],"collection":[{"href":"https:\/\/shop.kustom.ch\/it\/wp-json\/wp\/v2\/product"}],"about":[{"href":"https:\/\/shop.kustom.ch\/it\/wp-json\/wp\/v2\/types\/product"}],"wp:featuredmedia":[{"embeddable":true,"href":"https:\/\/shop.kustom.ch\/it\/wp-json\/wp\/v2\/media\/646675"}],"wp:attachment":[{"href":"https:\/\/shop.kustom.ch\/it\/wp-json\/wp\/v2\/media?parent=646632"}],"wp:term":[{"taxonomy":"product_brand","embeddable":true,"href":"https:\/\/shop.kustom.ch\/it\/wp-json\/wp\/v2\/product_brand?post=646632"},{"taxonomy":"product_cat","embeddable":true,"href":"https:\/\/shop.kustom.ch\/it\/wp-json\/wp\/v2\/product_cat?post=646632"},{"taxonomy":"product_tag","embeddable":true,"href":"https:\/\/shop.kustom.ch\/it\/wp-json\/wp\/v2\/product_tag?post=646632"}],"curies":[{"name":"wp","href":"https:\/\/api.w.org\/{rel}","templated":true}]}}