{"id":646631,"date":"2025-04-05T01:27:32","date_gmt":"2025-04-05T00:27:32","guid":{"rendered":"https:\/\/shop.kustom.ch\/?post_type=product&#038;p=646631"},"modified":"2026-03-31T10:42:02","modified_gmt":"2026-03-31T09:42:02","slug":"arches-woman","status":"publish","type":"product","link":"https:\/\/shop.kustom.ch\/it\/prodotto\/arches-woman\/","title":{"rendered":"Arco Donna"},"content":{"rendered":"<p>Giacca imbottita con tasche a zip nascoste e polsini elasticizzati. Coulisse elastica sull'orlo e tasca interna con zip. Realizzata in materiale pongee leggero e resistente in poliestere riciclato certificato, morbido sulla pelle. Design trapuntato a canali con isolamento sintetico riciclato per un calore e un comfort eccezionali. Finitura idrorepellente priva di PFAS. Certificato Oeko-Tex 100. Confezionato in un sacchetto organico compostabile.<\/p>\n<p>Materiale: Materiale esterno: 100% poliestere riciclato 82 g\/m2. Fodera : 100% poliestere riciclato 37 g\/m2. Imbottitura : qualit\u00e0 riciclata. Oeko-Tex Standard 100. Corpo 160 g\/m2 \/ maniche 140 g\/m2.<\/p>","protected":false},"excerpt":{"rendered":"<p>Wattierte Jacke mit versteckten Reissverschlusstaschen und elastischen B\u00fcndchen. Elastischer Kordelzug am Saum und eine innere Reissverschlusstasche. Hergestellt aus leichtem, strapazierf\u00e4higem Pongee-Material aus zertifiziertem Recycling-Polyester, das sich sanft auf der Haut anf\u00fchlt. Kanalgestepptes Design, gef\u00fcllt mit recyceltem synthetischen Isoliermaterial f\u00fcr aussergew\u00f6hnliche W\u00e4rme und Komfort. Wasserabweisende Ausr\u00fcstung frei von PFAS. Oeko-Tex 100 zertifiziert. Verpackt in einem kompostierbaren [&hellip;]<\/p>\n","protected":false},"featured_media":646640,"template":"","meta":[],"product_brand":[],"product_cat":[4186],"product_tag":[],"class_list":{"0":"post-646631","1":"product","2":"type-product","3":"status-publish","4":"has-post-thumbnail","6":"product_cat-jacken","7":"pa_brand-harvest","8":"pa_brand-type-workwear","9":"pa_filter-color-blau","10":"pa_filter-color-grau","11":"pa_filter-color-rot","12":"pa_filter-color-schwarz","14":"first","15":"instock","16":"sale","17":"taxable","18":"shipping-taxable","19":"purchasable","20":"product-type-variable","21":"add-to-wishlist-before_image"},"exclude_global_add_ons":[],"addons":[],"acf":[],"_links":{"self":[{"href":"https:\/\/shop.kustom.ch\/it\/wp-json\/wp\/v2\/product\/646631"}],"collection":[{"href":"https:\/\/shop.kustom.ch\/it\/wp-json\/wp\/v2\/product"}],"about":[{"href":"https:\/\/shop.kustom.ch\/it\/wp-json\/wp\/v2\/types\/product"}],"wp:featuredmedia":[{"embeddable":true,"href":"https:\/\/shop.kustom.ch\/it\/wp-json\/wp\/v2\/media\/646640"}],"wp:attachment":[{"href":"https:\/\/shop.kustom.ch\/it\/wp-json\/wp\/v2\/media?parent=646631"}],"wp:term":[{"taxonomy":"product_brand","embeddable":true,"href":"https:\/\/shop.kustom.ch\/it\/wp-json\/wp\/v2\/product_brand?post=646631"},{"taxonomy":"product_cat","embeddable":true,"href":"https:\/\/shop.kustom.ch\/it\/wp-json\/wp\/v2\/product_cat?post=646631"},{"taxonomy":"product_tag","embeddable":true,"href":"https:\/\/shop.kustom.ch\/it\/wp-json\/wp\/v2\/product_tag?post=646631"}],"curies":[{"name":"wp","href":"https:\/\/api.w.org\/{rel}","templated":true}]}}