{"id":646570,"date":"2025-04-05T01:27:04","date_gmt":"2025-04-05T00:27:04","guid":{"rendered":"https:\/\/shop.kustom.ch\/?post_type=product&#038;p=646570"},"modified":"2026-03-31T10:34:52","modified_gmt":"2026-03-31T09:34:52","slug":"atlantis","status":"publish","type":"product","link":"https:\/\/shop.kustom.ch\/it\/prodotto\/atlantis\/","title":{"rendered":"Atlantide"},"content":{"rendered":"<p>Con un'eccellente elasticit\u00e0 e una vestibilit\u00e0 moderna, i jeans Atlantis offrono libert\u00e0 di movimento per tutto il giorno. Con due tasche anteriori e due posteriori, uniscono funzionalit\u00e0 e stile. Realizzati con una miscela di 59,5% di cotone riciclato pre-consumo, 22% di poliestere riciclato certificato, 16% di cotone riciclato post-consumo e 2,5% di elastan, questi jeans offrono sia comfort che consapevolezza ambientale. Disponibili in un'ampia gamma di taglie, per un totale di 24 taglie diverse, si adattano perfettamente a tutti. Confezionati in un sacchetto organico compostabile.<\/p>\n<p>Materiale: 59,5% cotone riciclato pre-consumo, 22% poliestere riciclato, 16% cotone riciclato post-consumo, 2,5% elastan. 400g\/m2<\/p>","protected":false},"excerpt":{"rendered":"<p>Mit einer hervorragenden Dehnbarkeit und einer modernen Passform bieten die Atlantis-Jeans Bewegungsfreiheit f\u00fcr den ganzen Tag. Mit zwei Vordertaschen und zwei Ges\u00e4sstaschen kombinieren sie Funktionalit\u00e4t mit Stil. Hergestellt aus einem Mix von 59,5% vorverbrauchte recycelte Baumwolle, 22% zertifiziertem recyceltem Polyester, 16% nachverbrauchtem Recycling-Baumwolle und 2,5% Elasthan, bieten diese Jeans sowohl Komfort als auch Umweltbewusstsein. Erh\u00e4ltlich [&hellip;]<\/p>\n","protected":false},"featured_media":646573,"template":"","meta":[],"product_brand":[],"product_cat":[4185],"product_tag":[],"class_list":{"0":"post-646570","1":"product","2":"type-product","3":"status-publish","4":"has-post-thumbnail","6":"product_cat-hosen","7":"pa_brand-harvest","8":"pa_brand-type-workwear","9":"pa_filter-color-blau","11":"first","12":"instock","13":"sale","14":"taxable","15":"shipping-taxable","16":"purchasable","17":"product-type-variable","18":"add-to-wishlist-before_image"},"exclude_global_add_ons":[],"addons":[],"acf":[],"_links":{"self":[{"href":"https:\/\/shop.kustom.ch\/it\/wp-json\/wp\/v2\/product\/646570"}],"collection":[{"href":"https:\/\/shop.kustom.ch\/it\/wp-json\/wp\/v2\/product"}],"about":[{"href":"https:\/\/shop.kustom.ch\/it\/wp-json\/wp\/v2\/types\/product"}],"wp:featuredmedia":[{"embeddable":true,"href":"https:\/\/shop.kustom.ch\/it\/wp-json\/wp\/v2\/media\/646573"}],"wp:attachment":[{"href":"https:\/\/shop.kustom.ch\/it\/wp-json\/wp\/v2\/media?parent=646570"}],"wp:term":[{"taxonomy":"product_brand","embeddable":true,"href":"https:\/\/shop.kustom.ch\/it\/wp-json\/wp\/v2\/product_brand?post=646570"},{"taxonomy":"product_cat","embeddable":true,"href":"https:\/\/shop.kustom.ch\/it\/wp-json\/wp\/v2\/product_cat?post=646570"},{"taxonomy":"product_tag","embeddable":true,"href":"https:\/\/shop.kustom.ch\/it\/wp-json\/wp\/v2\/product_tag?post=646570"}],"curies":[{"name":"wp","href":"https:\/\/api.w.org\/{rel}","templated":true}]}}