{"id":646496,"date":"2025-04-05T01:26:43","date_gmt":"2025-04-05T00:26:43","guid":{"rendered":"https:\/\/shop.kustom.ch\/?post_type=product&#038;p=646496"},"modified":"2026-03-31T10:34:11","modified_gmt":"2026-03-31T09:34:11","slug":"freehold","status":"publish","type":"product","link":"https:\/\/shop.kustom.ch\/it\/prodotto\/freehold\/","title":{"rendered":"Libero professionista"},"content":{"rendered":"<p>Scoprite il massimo comfort e uno stile senza tempo con i nostri chino Freehold, realizzati in cotone organico 97% e spandex 3% per un'elasticit\u00e0 superiore e una vestibilit\u00e0 moderna. La vita \u00e8 dotata di bottoni a pressione nascosti, chiusura con gancio e occhiello, coulisse e pannelli elastici laterali per un maggiore comfort. Con due tasche anteriori e due posteriori, questo chino offre stile e funzionalit\u00e0. Con un'ampia gamma di taglie, per un totale di 16 taglie diverse, \u00e8 possibile trovare la vestibilit\u00e0 perfetta per tutti. Confezionato in un sacchetto biologico compostabile.<\/p>\n<p>Materiale: 97% cotone organico, 3% elastan.  230g\/m2<\/p>","protected":false},"excerpt":{"rendered":"<p>Entdecken Sie ultimativen Komfort und zeitlosen Stil mit unserem Freehold-Chino, das aus 97% Organic-Baumwolle und 3% Elasthan gefertigt ist, um eine hervorragende Dehnbarkeit und eine moderne Passform zu gew\u00e4hrleisten. Der Bund ist mit einem versteckten Druckknopf, einer Haken- und \u00d6sen-Verschluss, einem Kordelzug und seitlichen Elastikeins\u00e4tzen f\u00fcr zus\u00e4tzlichen Komfort ausgestattet. Mit zwei Vordertaschen und zwei Ges\u00e4sstaschen [&hellip;]<\/p>\n","protected":false},"featured_media":646497,"template":"","meta":[],"product_brand":[],"product_cat":[4185],"product_tag":[],"class_list":{"0":"post-646496","1":"product","2":"type-product","3":"status-publish","4":"has-post-thumbnail","6":"product_cat-hosen","7":"pa_brand-harvest","8":"pa_brand-type-workwear","9":"pa_filter-color-beige","10":"pa_filter-color-blau","11":"pa_filter-color-schwarz","13":"first","14":"instock","15":"sale","16":"taxable","17":"shipping-taxable","18":"purchasable","19":"product-type-variable","20":"add-to-wishlist-before_image"},"exclude_global_add_ons":[],"addons":[],"acf":[],"_links":{"self":[{"href":"https:\/\/shop.kustom.ch\/it\/wp-json\/wp\/v2\/product\/646496"}],"collection":[{"href":"https:\/\/shop.kustom.ch\/it\/wp-json\/wp\/v2\/product"}],"about":[{"href":"https:\/\/shop.kustom.ch\/it\/wp-json\/wp\/v2\/types\/product"}],"wp:featuredmedia":[{"embeddable":true,"href":"https:\/\/shop.kustom.ch\/it\/wp-json\/wp\/v2\/media\/646497"}],"wp:attachment":[{"href":"https:\/\/shop.kustom.ch\/it\/wp-json\/wp\/v2\/media?parent=646496"}],"wp:term":[{"taxonomy":"product_brand","embeddable":true,"href":"https:\/\/shop.kustom.ch\/it\/wp-json\/wp\/v2\/product_brand?post=646496"},{"taxonomy":"product_cat","embeddable":true,"href":"https:\/\/shop.kustom.ch\/it\/wp-json\/wp\/v2\/product_cat?post=646496"},{"taxonomy":"product_tag","embeddable":true,"href":"https:\/\/shop.kustom.ch\/it\/wp-json\/wp\/v2\/product_tag?post=646496"}],"curies":[{"name":"wp","href":"https:\/\/api.w.org\/{rel}","templated":true}]}}