{"id":646455,"date":"2025-04-05T01:26:28","date_gmt":"2025-04-05T00:26:28","guid":{"rendered":"https:\/\/shop.kustom.ch\/?post_type=product&#038;p=646455"},"modified":"2026-03-31T10:32:01","modified_gmt":"2026-03-31T09:32:01","slug":"scarsdale-polo-men","status":"publish","type":"product","link":"https:\/\/shop.kustom.ch\/it\/prodotto\/scarsdale-polo-men\/","title":{"rendered":"Scarsdale Polo Uomo"},"content":{"rendered":"<p>La nostra polo Scarsdale \u00e8 realizzata con una speciale struttura in piqu\u00e9 per un look elegante ma casual. Realizzata in cotone organico a fibra lunga e filato ad anelli (80%) e poliestere riciclato certificato (20%). Il colletto moderno e l'abbottonatura aperta senza bottoni aggiungono un tocco elegante e contemporaneo, mentre gli spacchi laterali migliorano la libert\u00e0 di movimento e il comfort.<\/p>\n<p>Materiale: 80% cotone organico, 20% poliestere riciclato<\/p>","protected":false},"excerpt":{"rendered":"<p>Unser Scarsdale Polo besteht aus einer speziellen Piqu\u00e9-Struktur f\u00fcr einen eleganten, aber l\u00e4ssigen Look. Hergestellt aus langstapeliger, ringgesponnener Bio-Baumwolle (80%) und zertifiziertem, recyceltem Polyester (20%). Der moderne Kragen und die offene Knopfleiste ohne Kn\u00f6pfe verleihen eine schlanke, zeitgem\u00e4sse Note, w\u00e4hrend seitliche Schlitze die Bewegungsfreiheit und Bequemlichkeit verbessern. Material: 80% Bio-Baumwolle, 20% recyceltes Polyester<\/p>","protected":false},"featured_media":646456,"template":"","meta":[],"product_brand":[],"product_cat":[4193],"product_tag":[],"class_list":{"0":"post-646455","1":"product","2":"type-product","3":"status-publish","4":"has-post-thumbnail","6":"product_cat-polos","7":"pa_brand-harvest","8":"pa_brand-type-workwear","9":"pa_filter-color-blau","10":"pa_filter-color-braun","11":"pa_filter-color-schwarz","12":"pa_filter-color-weiss","14":"first","15":"instock","16":"sale","17":"taxable","18":"shipping-taxable","19":"purchasable","20":"product-type-variable","21":"add-to-wishlist-before_image"},"exclude_global_add_ons":[],"addons":[],"acf":[],"_links":{"self":[{"href":"https:\/\/shop.kustom.ch\/it\/wp-json\/wp\/v2\/product\/646455"}],"collection":[{"href":"https:\/\/shop.kustom.ch\/it\/wp-json\/wp\/v2\/product"}],"about":[{"href":"https:\/\/shop.kustom.ch\/it\/wp-json\/wp\/v2\/types\/product"}],"wp:featuredmedia":[{"embeddable":true,"href":"https:\/\/shop.kustom.ch\/it\/wp-json\/wp\/v2\/media\/646456"}],"wp:attachment":[{"href":"https:\/\/shop.kustom.ch\/it\/wp-json\/wp\/v2\/media?parent=646455"}],"wp:term":[{"taxonomy":"product_brand","embeddable":true,"href":"https:\/\/shop.kustom.ch\/it\/wp-json\/wp\/v2\/product_brand?post=646455"},{"taxonomy":"product_cat","embeddable":true,"href":"https:\/\/shop.kustom.ch\/it\/wp-json\/wp\/v2\/product_cat?post=646455"},{"taxonomy":"product_tag","embeddable":true,"href":"https:\/\/shop.kustom.ch\/it\/wp-json\/wp\/v2\/product_tag?post=646455"}],"curies":[{"name":"wp","href":"https:\/\/api.w.org\/{rel}","templated":true}]}}