{"id":646302,"date":"2025-04-05T01:25:08","date_gmt":"2025-04-05T00:25:08","guid":{"rendered":"https:\/\/shop.kustom.ch\/?post_type=product&#038;p=646302"},"modified":"2026-03-31T10:37:18","modified_gmt":"2026-03-31T09:37:18","slug":"scarsdale-jacket-men","status":"publish","type":"product","link":"https:\/\/shop.kustom.ch\/it\/prodotto\/scarsdale-jacket-men\/","title":{"rendered":"Giacca Scarsdale Uomo"},"content":{"rendered":"<p>Ecco la giacca Scarsdale: un'interpretazione moderna dell'intramontabile look bomber. Realizzata in poliestere riciclato certificato, questa giacca leggera \u00e8 ideale per i mesi pi\u00f9 freddi e unisce stile e comfort. Come la sua controparte, il gilet, presenta eleganti impunture verticali per un look contemporaneo. Il morbido colletto, i polsini e l'orlo a coste con strisce a contrasto della palette di colori della collezione aggiungono un dettaglio elegante e di grande impatto. \u00c8 inoltre dotato di un rivestimento idrorepellente C0 Bionic Finish Eco.<\/p>\n<p>Materiale: Materiale esterno: 100% poliestere riciclato. Imbottitura: 95% poliestere riciclato, 5% poliestere, Bluesign. Fodera: 100% poliestere riciclato.<\/p>","protected":false},"excerpt":{"rendered":"<p>Lernen Sie die Scarsdale Jacke kennen \u2013 eine moderne Interpretation des zeitlosen Bomber-Looks. Aus zertifiziertem recyceltem Polyester gefertigt, ist diese leichte Jacke ideal f\u00fcr die k\u00fchleren Monate und vereint Stil und Komfort. Wie ihr Pendant, die Weste, besticht sie durch elegante vertikale Steppn\u00e4hte f\u00fcr einen zeitgem\u00e4ssen Look. Der weiche, gerippte Kragen, die B\u00fcndchen und der [&hellip;]<\/p>\n","protected":false},"featured_media":646339,"template":"","meta":[],"product_brand":[],"product_cat":[4186],"product_tag":[],"class_list":{"0":"post-646302","1":"product","2":"type-product","3":"status-publish","4":"has-post-thumbnail","6":"product_cat-jacken","7":"pa_brand-harvest","8":"pa_brand-type-workwear","9":"pa_filter-color-blau","10":"pa_filter-color-schwarz","12":"first","13":"instock","14":"sale","15":"taxable","16":"shipping-taxable","17":"purchasable","18":"product-type-variable","19":"add-to-wishlist-before_image"},"exclude_global_add_ons":[],"addons":[],"acf":[],"_links":{"self":[{"href":"https:\/\/shop.kustom.ch\/it\/wp-json\/wp\/v2\/product\/646302"}],"collection":[{"href":"https:\/\/shop.kustom.ch\/it\/wp-json\/wp\/v2\/product"}],"about":[{"href":"https:\/\/shop.kustom.ch\/it\/wp-json\/wp\/v2\/types\/product"}],"wp:featuredmedia":[{"embeddable":true,"href":"https:\/\/shop.kustom.ch\/it\/wp-json\/wp\/v2\/media\/646339"}],"wp:attachment":[{"href":"https:\/\/shop.kustom.ch\/it\/wp-json\/wp\/v2\/media?parent=646302"}],"wp:term":[{"taxonomy":"product_brand","embeddable":true,"href":"https:\/\/shop.kustom.ch\/it\/wp-json\/wp\/v2\/product_brand?post=646302"},{"taxonomy":"product_cat","embeddable":true,"href":"https:\/\/shop.kustom.ch\/it\/wp-json\/wp\/v2\/product_cat?post=646302"},{"taxonomy":"product_tag","embeddable":true,"href":"https:\/\/shop.kustom.ch\/it\/wp-json\/wp\/v2\/product_tag?post=646302"}],"curies":[{"name":"wp","href":"https:\/\/api.w.org\/{rel}","templated":true}]}}