{"id":646234,"date":"2025-04-05T01:24:39","date_gmt":"2025-04-05T00:24:39","guid":{"rendered":"https:\/\/shop.kustom.ch\/?post_type=product&#038;p=646234"},"modified":"2026-03-31T10:33:55","modified_gmt":"2026-03-31T09:33:55","slug":"meadows-vest","status":"publish","type":"product","link":"https:\/\/shop.kustom.ch\/it\/prodotto\/meadows-vest\/","title":{"rendered":"Gilet Meadows"},"content":{"rendered":"<p>Il gilet Meadows \u00e8 realizzato in resistente tessuto esterno ripstop, prodotto con poliammide riciclata certificata. Questo gilet moderno \u00e8 dotato di due tasche laterali con cerniera e di una tasca sul petto con cerniera per riporlo in modo pratico e sicuro. Il carr\u00e9 anteriore consente una facile personalizzazione, rendendo il gilet unico. I bordi elasticizzati nel giromanica assicurano una vestibilit\u00e0 aderente, mentre l'orlo regolabile con coulisse elastica offre un comfort individuale. Il gilet \u00e8 inoltre dotato di una tasca interna con chiusura a velcro e di una protezione per il mento per un maggiore comfort e protezione. Confezionato in un sacchetto biodegradabile e compostabile.<\/p>\n<p>Materiale: Materiale esterno: poliammide riciclata 100%, ripstop 38 g\/m2. Fodera: 100% poliestere riciclato 37 g\/m2. Imbottitura: qualit\u00e0 riciclata 180 g\/m2. Oeko-Tex Standard 100<\/p>","protected":false},"excerpt":{"rendered":"<p>Die Meadows Weste ist aus strapazierf\u00e4higem Ripstop-Aussenstoff gefertigt, der aus zertifiziertem Recycling-Polyamid besteht. Diese moderne Weste verf\u00fcgt \u00fcber zwei Reissverschlusstaschen an den Seiten und eine Reissverschluss-Brusttasche f\u00fcr bequeme und sichere Aufbewahrung. Die vordere Passe erm\u00f6glicht eine einfache Personalisierung, sodass die Weste einzigartig wird. Die elastische Einfassung an den Arml\u00f6chern sorgt f\u00fcr eine enge Passform, w\u00e4hrend [&hellip;]<\/p>\n","protected":false},"featured_media":646281,"template":"","meta":[],"product_brand":[],"product_cat":[4208],"product_tag":[],"class_list":{"0":"post-646234","1":"product","2":"type-product","3":"status-publish","4":"has-post-thumbnail","6":"product_cat-westen","7":"pa_brand-harvest","8":"pa_brand-type-workwear","9":"pa_filter-color-blau","10":"pa_filter-color-grau","11":"pa_filter-color-rot","12":"pa_filter-color-schwarz","14":"first","15":"instock","16":"sale","17":"taxable","18":"shipping-taxable","19":"purchasable","20":"product-type-variable","21":"add-to-wishlist-before_image"},"exclude_global_add_ons":[],"addons":[],"acf":[],"_links":{"self":[{"href":"https:\/\/shop.kustom.ch\/it\/wp-json\/wp\/v2\/product\/646234"}],"collection":[{"href":"https:\/\/shop.kustom.ch\/it\/wp-json\/wp\/v2\/product"}],"about":[{"href":"https:\/\/shop.kustom.ch\/it\/wp-json\/wp\/v2\/types\/product"}],"wp:featuredmedia":[{"embeddable":true,"href":"https:\/\/shop.kustom.ch\/it\/wp-json\/wp\/v2\/media\/646281"}],"wp:attachment":[{"href":"https:\/\/shop.kustom.ch\/it\/wp-json\/wp\/v2\/media?parent=646234"}],"wp:term":[{"taxonomy":"product_brand","embeddable":true,"href":"https:\/\/shop.kustom.ch\/it\/wp-json\/wp\/v2\/product_brand?post=646234"},{"taxonomy":"product_cat","embeddable":true,"href":"https:\/\/shop.kustom.ch\/it\/wp-json\/wp\/v2\/product_cat?post=646234"},{"taxonomy":"product_tag","embeddable":true,"href":"https:\/\/shop.kustom.ch\/it\/wp-json\/wp\/v2\/product_tag?post=646234"}],"curies":[{"name":"wp","href":"https:\/\/api.w.org\/{rel}","templated":true}]}}