{"id":646140,"date":"2025-04-05T01:23:55","date_gmt":"2025-04-05T00:23:55","guid":{"rendered":"https:\/\/shop.kustom.ch\/?post_type=product&#038;p=646140"},"modified":"2026-03-31T10:30:40","modified_gmt":"2026-03-31T09:30:40","slug":"northport","status":"publish","type":"product","link":"https:\/\/shop.kustom.ch\/it\/prodotto\/northport\/","title":{"rendered":"Northport"},"content":{"rendered":"<p>La nostra giacca Northport \u00e8 progettata per tenervi al caldo e all'asciutto nelle gelide giornate invernali. Realizzata in una miscela di poliestere riciclato certificato 62% e poliestere 38%, questa giacca di media lunghezza unisce durata e stile. Presenta una finitura idrorepellente (C0 Bionic Finish Eco), cerniere impermeabili e un cappuccio facilmente regolabile con cordoncino elastico per una protezione ottimale. Comfort e calore extra grazie alla morbida fodera delle spaziose tasche anteriori, alle maniche con polsini interni e fori per i pollici per tenere lontano il vento, mentre la cerniera bidirezionale e gli spacchi laterali consentono di muoversi senza fatica ovunque. Confezionato in un sacchetto biologico compostabile.<\/p>\n<p>Materiale: Materiale esterno: poliestere riciclato 62%, poliestere 38%, 195 g\/m\u00b2. WP 5000 \/ MVP 5000. imbottitura: 100% poliestere riciclato. Fodera: 100% poliammide riciclata, 38 g\/m\u00b2.<\/p>","protected":false},"excerpt":{"rendered":"<p>Unsere Northport-Jacke ist darauf ausgelegt, Sie an eisigen Wintertagen warm und trocken zu halten. Hergestellt aus einer Mischung von 62% zertifiziertem Recycling-Polyester und 38% Polyester, vereint diese mittellange Jacke Haltbarkeit und Stil. Sie verf\u00fcgt \u00fcber eine wasserabweisende Ausr\u00fcstung (C0 Bionic Finish Eco), wasserdichte Reissverschl\u00fcsse und eine leicht verstellbare Kapuze mit elastischem Kordelzug f\u00fcr optimalen Schutz. [&hellip;]<\/p>\n","protected":false},"featured_media":646142,"template":"","meta":[],"product_brand":[],"product_cat":[4186],"product_tag":[],"class_list":{"0":"post-646140","1":"product","2":"type-product","3":"status-publish","4":"has-post-thumbnail","6":"product_cat-jacken","7":"pa_brand-harvest","8":"pa_brand-type-workwear","9":"pa_filter-color-blau","10":"pa_filter-color-schwarz","12":"first","13":"instock","14":"sale","15":"taxable","16":"shipping-taxable","17":"purchasable","18":"product-type-variable","19":"add-to-wishlist-before_image"},"exclude_global_add_ons":[],"addons":[],"acf":[],"_links":{"self":[{"href":"https:\/\/shop.kustom.ch\/it\/wp-json\/wp\/v2\/product\/646140"}],"collection":[{"href":"https:\/\/shop.kustom.ch\/it\/wp-json\/wp\/v2\/product"}],"about":[{"href":"https:\/\/shop.kustom.ch\/it\/wp-json\/wp\/v2\/types\/product"}],"wp:featuredmedia":[{"embeddable":true,"href":"https:\/\/shop.kustom.ch\/it\/wp-json\/wp\/v2\/media\/646142"}],"wp:attachment":[{"href":"https:\/\/shop.kustom.ch\/it\/wp-json\/wp\/v2\/media?parent=646140"}],"wp:term":[{"taxonomy":"product_brand","embeddable":true,"href":"https:\/\/shop.kustom.ch\/it\/wp-json\/wp\/v2\/product_brand?post=646140"},{"taxonomy":"product_cat","embeddable":true,"href":"https:\/\/shop.kustom.ch\/it\/wp-json\/wp\/v2\/product_cat?post=646140"},{"taxonomy":"product_tag","embeddable":true,"href":"https:\/\/shop.kustom.ch\/it\/wp-json\/wp\/v2\/product_tag?post=646140"}],"curies":[{"name":"wp","href":"https:\/\/api.w.org\/{rel}","templated":true}]}}