{"id":646118,"date":"2025-04-04T20:43:50","date_gmt":"2025-04-04T19:43:50","guid":{"rendered":"https:\/\/shop.kustom.ch\/?post_type=product&#038;p=646118"},"modified":"2026-03-31T11:31:21","modified_gmt":"2026-03-31T10:31:21","slug":"wauna-cap-junior","status":"publish","type":"product","link":"https:\/\/shop.kustom.ch\/it\/prodotto\/wauna-cap-junior\/","title":{"rendered":"Wauna Cap Junior"},"content":{"rendered":"<p>Il nostro berretto performante - un berretto che si adatta perfettamente al vostro stile di vita attivo. La fascia elastica interna offre una vestibilit\u00e0 confortevole, ideale per le avventure di tutti i giorni. Che stiate correndo, giocando a golf o semplicemente godendovi la vita all'aria aperta, questo berretto rimarr\u00e0 al suo posto e fornir\u00e0 una protezione e una copertura affidabili.<\/p>\n<p>Materiale: 92% poliestere riciclato, 8% elastan<\/p>","protected":false},"excerpt":{"rendered":"<p>Unsere Performance-Kappe &#8211; eine Kappe, die nahtlos zu Ihrem aktiven Lebensstil passt. Das Stretchband im Inneren sorgt f\u00fcr eine bequeme Passform, die ideal f\u00fcr Ihre allt\u00e4glichen Abenteuer ist. Egal, ob Sie laufen, Golf spielen oder einfach die Natur geniessen, diese Kappe bleibt an Ort und Stelle und bietet zuverl\u00e4ssigen Schutz und Abdeckung. Material: 92% recyceltes [&hellip;]<\/p>\n","protected":false},"featured_media":646131,"template":"","meta":[],"product_brand":[],"product_cat":[4209,4177],"product_tag":[],"class_list":{"0":"post-646118","1":"product","2":"type-product","3":"status-publish","4":"has-post-thumbnail","6":"product_cat-zubehoer","7":"product_cat-caps-muetzen","8":"pa_brand-cutter-buck","9":"pa_brand-type-workwear","10":"pa_filter-color-blau","11":"pa_filter-color-grau","13":"first","14":"instock","15":"sale","16":"taxable","17":"shipping-taxable","18":"purchasable","19":"product-type-variable","20":"add-to-wishlist-before_image"},"exclude_global_add_ons":[],"addons":[],"acf":[],"_links":{"self":[{"href":"https:\/\/shop.kustom.ch\/it\/wp-json\/wp\/v2\/product\/646118"}],"collection":[{"href":"https:\/\/shop.kustom.ch\/it\/wp-json\/wp\/v2\/product"}],"about":[{"href":"https:\/\/shop.kustom.ch\/it\/wp-json\/wp\/v2\/types\/product"}],"wp:featuredmedia":[{"embeddable":true,"href":"https:\/\/shop.kustom.ch\/it\/wp-json\/wp\/v2\/media\/646131"}],"wp:attachment":[{"href":"https:\/\/shop.kustom.ch\/it\/wp-json\/wp\/v2\/media?parent=646118"}],"wp:term":[{"taxonomy":"product_brand","embeddable":true,"href":"https:\/\/shop.kustom.ch\/it\/wp-json\/wp\/v2\/product_brand?post=646118"},{"taxonomy":"product_cat","embeddable":true,"href":"https:\/\/shop.kustom.ch\/it\/wp-json\/wp\/v2\/product_cat?post=646118"},{"taxonomy":"product_tag","embeddable":true,"href":"https:\/\/shop.kustom.ch\/it\/wp-json\/wp\/v2\/product_tag?post=646118"}],"curies":[{"name":"wp","href":"https:\/\/api.w.org\/{rel}","templated":true}]}}