{"id":646059,"date":"2025-04-04T20:43:23","date_gmt":"2025-04-04T19:43:23","guid":{"rendered":"https:\/\/shop.kustom.ch\/?post_type=product&#038;p=646059"},"modified":"2026-03-31T11:41:35","modified_gmt":"2026-03-31T10:41:35","slug":"pemberton-hood-women","status":"publish","type":"product","link":"https:\/\/shop.kustom.ch\/it\/prodotto\/pemberton-hood-women\/","title":{"rendered":"Donne con cappuccio di Pemberton"},"content":{"rendered":"<p>Il Pemberton Hood \u00e8 un'aggiunta moderna e versatile alla gamma Pemberton, che unisce stile e comfort per l'uso quotidiano e il tempo libero. Questa versione pullover con cappuccio dell'iconico Pemberton Hood Full Zip combina un design classico con caratteristiche moderne. Realizzato in un leggero tessuto elasticizzato a doppia maglia in poliestere riciclato 66%, viscosa ed elastan, offre un calore eccezionale senza ingombro, ideale da indossare sotto una giacca o da solo. Decorato con il logo Cutter &amp; Buck ricamato lungo il bordo del cappuccio.<\/p>\n<p>Materiale: 66% poliestere riciclato, 4% poliestere, 26% viscosa, 4% elastan (99). 70% poliestere riciclato, 26% viscosa, 4% elastan (580)<\/p>","protected":false},"excerpt":{"rendered":"<p>Der Pemberton Hood ist eine moderne und vielseitige Erg\u00e4nzung zur Pemberton Serie, die Stil und Komfort f\u00fcr den t\u00e4glichen Gebrauch und die Freizeit kombiniert. Diese Pullover-Version mit Kapuze des ikonischen Pemberton Hood Full Zip vereint klassisches Design mit modernen Features. Hergestellt aus einem leichten, doppelt gestrickten Stretch-Stoff aus 66% Recycling-Polyester, Viskose und Elasthan, bietet es [&hellip;]<\/p>\n","protected":false},"featured_media":646103,"template":"","meta":[],"product_brand":[],"product_cat":[4184],"product_tag":[],"class_list":{"0":"post-646059","1":"product","2":"type-product","3":"status-publish","4":"has-post-thumbnail","6":"product_cat-hoodies-pullover","7":"pa_brand-cutter-buck","8":"pa_brand-type-workwear","9":"pa_filter-color-blau","10":"pa_filter-color-schwarz","12":"first","13":"instock","14":"sale","15":"taxable","16":"shipping-taxable","17":"purchasable","18":"product-type-variable","19":"add-to-wishlist-before_image"},"exclude_global_add_ons":[],"addons":[],"acf":[],"_links":{"self":[{"href":"https:\/\/shop.kustom.ch\/it\/wp-json\/wp\/v2\/product\/646059"}],"collection":[{"href":"https:\/\/shop.kustom.ch\/it\/wp-json\/wp\/v2\/product"}],"about":[{"href":"https:\/\/shop.kustom.ch\/it\/wp-json\/wp\/v2\/types\/product"}],"wp:featuredmedia":[{"embeddable":true,"href":"https:\/\/shop.kustom.ch\/it\/wp-json\/wp\/v2\/media\/646103"}],"wp:attachment":[{"href":"https:\/\/shop.kustom.ch\/it\/wp-json\/wp\/v2\/media?parent=646059"}],"wp:term":[{"taxonomy":"product_brand","embeddable":true,"href":"https:\/\/shop.kustom.ch\/it\/wp-json\/wp\/v2\/product_brand?post=646059"},{"taxonomy":"product_cat","embeddable":true,"href":"https:\/\/shop.kustom.ch\/it\/wp-json\/wp\/v2\/product_cat?post=646059"},{"taxonomy":"product_tag","embeddable":true,"href":"https:\/\/shop.kustom.ch\/it\/wp-json\/wp\/v2\/product_tag?post=646059"}],"curies":[{"name":"wp","href":"https:\/\/api.w.org\/{rel}","templated":true}]}}