{"id":646002,"date":"2025-04-04T20:42:54","date_gmt":"2025-04-04T19:42:54","guid":{"rendered":"https:\/\/shop.kustom.ch\/?post_type=product&#038;p=646002"},"modified":"2026-03-31T11:42:55","modified_gmt":"2026-03-31T10:42:55","slug":"hunts-point-fleece-men","status":"publish","type":"product","link":"https:\/\/shop.kustom.ch\/it\/prodotto\/hunts-point-fleece-men\/","title":{"rendered":"Pile Hunts Point Uomo"},"content":{"rendered":"<p>Il nostro iconico pile Hunts Point \u00e8 eccezionalmente morbido e il tessuto in pile con texture jacquard offre una maggiore termoregolazione e una traspirabilit\u00e0 superiore. Dotata di una versatile chiusura con bottoni a pressione, \u00e8 progettata per una versatilit\u00e0 eccezionale e diventer\u00e0 rapidamente la vostra camicia preferita per tutte le attivit\u00e0 attive come il golf, l'escursionismo, lo sci, i viaggi, lo sport, il lavoro o una serata in citt\u00e0. Hunts Point Fleece \u00e8 realizzato in un confortevole tessuto di poliestere riciclato di alta qualit\u00e0.<\/p>\n<p>Materiale: poliestere riciclato 100%<\/p>","protected":false},"excerpt":{"rendered":"<p>Unser ikonisches Hunts Point Fleece ist aussergew\u00f6hnlich weich, und das jacquard-texturierte Fleece-Material bietet verbesserte Thermoregulierung und \u00fcberlegene feuchtigkeitsableitende Atmungsaktivit\u00e4t. Ausgestattet mit einem vielseitigen Druckknopfverschluss, ist es f\u00fcr aussergew\u00f6hnliche Vielseitigkeit entwickelt worden und wird schnell Ihr Lieblingshemd f\u00fcr alle Ihre aktiven Unternehmungen wie Golf, Wandern, Skifahren, Reisen, Sport, Arbeit oder eine Nacht in der Stadt. Hunts [&hellip;]<\/p>\n","protected":false},"featured_media":646025,"template":"","meta":[],"product_brand":[],"product_cat":[4184],"product_tag":[],"class_list":{"0":"post-646002","1":"product","2":"type-product","3":"status-publish","4":"has-post-thumbnail","6":"product_cat-hoodies-pullover","7":"pa_brand-cutter-buck","8":"pa_brand-type-workwear","9":"pa_filter-color-blau","10":"pa_filter-color-grau","11":"pa_filter-color-gruen","12":"pa_filter-color-schwarz","14":"first","15":"instock","16":"sale","17":"taxable","18":"shipping-taxable","19":"purchasable","20":"product-type-variable","21":"add-to-wishlist-before_image"},"exclude_global_add_ons":[],"addons":[],"acf":[],"_links":{"self":[{"href":"https:\/\/shop.kustom.ch\/it\/wp-json\/wp\/v2\/product\/646002"}],"collection":[{"href":"https:\/\/shop.kustom.ch\/it\/wp-json\/wp\/v2\/product"}],"about":[{"href":"https:\/\/shop.kustom.ch\/it\/wp-json\/wp\/v2\/types\/product"}],"wp:featuredmedia":[{"embeddable":true,"href":"https:\/\/shop.kustom.ch\/it\/wp-json\/wp\/v2\/media\/646025"}],"wp:attachment":[{"href":"https:\/\/shop.kustom.ch\/it\/wp-json\/wp\/v2\/media?parent=646002"}],"wp:term":[{"taxonomy":"product_brand","embeddable":true,"href":"https:\/\/shop.kustom.ch\/it\/wp-json\/wp\/v2\/product_brand?post=646002"},{"taxonomy":"product_cat","embeddable":true,"href":"https:\/\/shop.kustom.ch\/it\/wp-json\/wp\/v2\/product_cat?post=646002"},{"taxonomy":"product_tag","embeddable":true,"href":"https:\/\/shop.kustom.ch\/it\/wp-json\/wp\/v2\/product_tag?post=646002"}],"curies":[{"name":"wp","href":"https:\/\/api.w.org\/{rel}","templated":true}]}}