{"id":646001,"date":"2025-04-04T20:42:54","date_gmt":"2025-04-04T19:42:54","guid":{"rendered":"https:\/\/shop.kustom.ch\/?post_type=product&#038;p=646001"},"modified":"2026-03-31T11:44:28","modified_gmt":"2026-03-31T10:44:28","slug":"pemberton-cardigan-full-zip-women","status":"publish","type":"product","link":"https:\/\/shop.kustom.ch\/it\/prodotto\/pemberton-cardigan-full-zip-women\/","title":{"rendered":"Pemberton Cardigan Full Zip Donna"},"content":{"rendered":"<p>Il Pemberton Full Zip, il nostro iconico cardigan, \u00e8 realizzato in un leggero tessuto elasticizzato a doppia maglia contenente fino a 70% di poliestere riciclato, rayon ed elastan per un maggiore comfort. Questo versatile capo da indossare tutto l'anno per uno stile di vita attivo \u00e8 dotato di tasche con zip, dettagli a coste e logo Cutter &amp; Buck 3D ricamato sul retro del collo. Per le donne, presenta un orlo curvo e una schiena leggermente allungata.<\/p>\n<p>Materiale: 66% poliestere riciclato, 4% poliestere, 26% viscosa, 4% elastan (colori 955\/99). 70% poliestere riciclato, 26% viscosa, 4% elastan (colore 580)<\/p>","protected":false},"excerpt":{"rendered":"<p>Pemberton Full Zip, unsere ikonische Strickjacke, besteht aus einem leichten, doppelt gestrickten Stretch-Stoff, der bis zu 70% recyceltem Polyester, Rayon und Elasthan f\u00fcr zus\u00e4tzlichen Komfort enth\u00e4lt. Dieses vielseitige Schichtst\u00fcck passt zu Ihrem aktiven Lebensstil das ganze Jahr \u00fcber, komplett mit Reissverschlusstaschen, Rippdetails und Cutter &amp; Buck 3D-Logo-Stickerei am hinteren Hals. F\u00fcr Frauen bietet es einen [&hellip;]<\/p>\n","protected":false},"featured_media":646004,"template":"","meta":[],"product_brand":[],"product_cat":[4191],"product_tag":[],"class_list":{"0":"post-646001","1":"product","2":"type-product","3":"status-publish","4":"has-post-thumbnail","6":"product_cat-longsleeves-sweatshirts","7":"pa_brand-cutter-buck","8":"pa_brand-type-workwear","9":"pa_filter-color-blau","10":"pa_filter-color-grau","11":"pa_filter-color-schwarz","13":"first","14":"instock","15":"sale","16":"taxable","17":"shipping-taxable","18":"purchasable","19":"product-type-variable","20":"add-to-wishlist-before_image"},"exclude_global_add_ons":[],"addons":[],"acf":[],"_links":{"self":[{"href":"https:\/\/shop.kustom.ch\/it\/wp-json\/wp\/v2\/product\/646001"}],"collection":[{"href":"https:\/\/shop.kustom.ch\/it\/wp-json\/wp\/v2\/product"}],"about":[{"href":"https:\/\/shop.kustom.ch\/it\/wp-json\/wp\/v2\/types\/product"}],"wp:featuredmedia":[{"embeddable":true,"href":"https:\/\/shop.kustom.ch\/it\/wp-json\/wp\/v2\/media\/646004"}],"wp:attachment":[{"href":"https:\/\/shop.kustom.ch\/it\/wp-json\/wp\/v2\/media?parent=646001"}],"wp:term":[{"taxonomy":"product_brand","embeddable":true,"href":"https:\/\/shop.kustom.ch\/it\/wp-json\/wp\/v2\/product_brand?post=646001"},{"taxonomy":"product_cat","embeddable":true,"href":"https:\/\/shop.kustom.ch\/it\/wp-json\/wp\/v2\/product_cat?post=646001"},{"taxonomy":"product_tag","embeddable":true,"href":"https:\/\/shop.kustom.ch\/it\/wp-json\/wp\/v2\/product_tag?post=646001"}],"curies":[{"name":"wp","href":"https:\/\/api.w.org\/{rel}","templated":true}]}}