{"id":645897,"date":"2025-04-04T20:41:56","date_gmt":"2025-04-04T19:41:56","guid":{"rendered":"https:\/\/shop.kustom.ch\/?post_type=product&#038;p=645897"},"modified":"2026-03-31T11:30:55","modified_gmt":"2026-03-31T10:30:55","slug":"adapt-half-zip-jacket-junior","status":"publish","type":"product","link":"https:\/\/shop.kustom.ch\/it\/prodotto\/adapt-half-zip-jacket-junior\/","title":{"rendered":"Giacca Adapt mezza zip Junior"},"content":{"rendered":"<p>Il nostro Adapt Half Zip Junior \u00e8 stato progettato pensando sia alla versatilit\u00e0 che allo stile. \u00c8 realizzata con materiali riciclati 88%. Il pile spazzolato sul retro \u00e8 ideale per essere indossato tutto l'anno. \u00c8 inoltre dotato di una tecnologia di gestione dell'umidit\u00e0 che aiuta a rimanere freschi e asciutti durante l'attivit\u00e0 fisica intensa.<\/p>\n<p>Materiale: 88% poliestere riciclato, 12% elastan<\/p>","protected":false},"excerpt":{"rendered":"<p>Unser Adapt Half Zip Junior wurde sowohl unter Ber\u00fccksichtigung von Vielseitigkeit als auch von Stil entwickelt. Sie besteht aus 88% Recycling-Materialien. Dem aufgeb\u00fcrsteten Fleece auf der R\u00fcckseite ist ideal f\u00fcr das Tragen das ganze Jahr \u00fcber zu bieten. Sie ist auch mit Feuchtigkeitsregulierungstechnologie ausgestattet, die Ihnen hilft, w\u00e4hrend intensiver k\u00f6rperlicher Aktivit\u00e4t k\u00fchl und trocken zu [&hellip;]<\/p>\n","protected":false},"featured_media":645898,"template":"","meta":[],"product_brand":[],"product_cat":[4191],"product_tag":[],"class_list":{"0":"post-645897","1":"product","2":"type-product","3":"status-publish","4":"has-post-thumbnail","6":"product_cat-longsleeves-sweatshirts","7":"pa_brand-cutter-buck","8":"pa_brand-type-workwear","9":"pa_filter-color-blau","10":"pa_filter-color-schwarz","12":"first","13":"instock","14":"sale","15":"taxable","16":"shipping-taxable","17":"purchasable","18":"product-type-variable","19":"add-to-wishlist-before_image"},"exclude_global_add_ons":[],"addons":[],"acf":[],"_links":{"self":[{"href":"https:\/\/shop.kustom.ch\/it\/wp-json\/wp\/v2\/product\/645897"}],"collection":[{"href":"https:\/\/shop.kustom.ch\/it\/wp-json\/wp\/v2\/product"}],"about":[{"href":"https:\/\/shop.kustom.ch\/it\/wp-json\/wp\/v2\/types\/product"}],"wp:featuredmedia":[{"embeddable":true,"href":"https:\/\/shop.kustom.ch\/it\/wp-json\/wp\/v2\/media\/645898"}],"wp:attachment":[{"href":"https:\/\/shop.kustom.ch\/it\/wp-json\/wp\/v2\/media?parent=645897"}],"wp:term":[{"taxonomy":"product_brand","embeddable":true,"href":"https:\/\/shop.kustom.ch\/it\/wp-json\/wp\/v2\/product_brand?post=645897"},{"taxonomy":"product_cat","embeddable":true,"href":"https:\/\/shop.kustom.ch\/it\/wp-json\/wp\/v2\/product_cat?post=645897"},{"taxonomy":"product_tag","embeddable":true,"href":"https:\/\/shop.kustom.ch\/it\/wp-json\/wp\/v2\/product_tag?post=645897"}],"curies":[{"name":"wp","href":"https:\/\/api.w.org\/{rel}","templated":true}]}}