{"id":645831,"date":"2025-04-04T20:41:29","date_gmt":"2025-04-04T19:41:29","guid":{"rendered":"https:\/\/shop.kustom.ch\/?post_type=product&#038;p=645831"},"modified":"2026-03-31T11:33:22","modified_gmt":"2026-03-31T10:33:22","slug":"edgemont-shorts-men","status":"publish","type":"product","link":"https:\/\/shop.kustom.ch\/it\/prodotto\/edgemont-shorts-men\/","title":{"rendered":"Pantaloncini Edgemont Uomo"},"content":{"rendered":"<p>I pantaloncini Edgemont combinano materiali di alta qualit\u00e0 - cotone, viscosa ed elastan - per creare un mix perfetto di morbidezza e resistenza in un design elegante. Il tessuto leggero ed elastico offre la massima flessibilit\u00e0 e garantisce una perfetta vestibilit\u00e0 che si adatta a tutti i tipi di corpo, ideale per ogni occasione.<\/p>\n<p>Materiale: 70% cotone, 25% viscosa, 5% elastan<\/p>","protected":false},"excerpt":{"rendered":"<p>Die Edgemont Shorts vereinen hochwertige Materialien \u2013 Baumwolle, Viskose und Elasthan \u2013 zu einer perfekten Mischung aus Weichheit und Haltbarkeit in einem eleganten Design. Der leichte, elastische Stoff bietet maximale Flexibilit\u00e4t und sorgt f\u00fcr eine perfekte Passform, die sich an alle K\u00f6rpertypen anpasst, ideal f\u00fcr jede Gelegenheit. Material: 70% Baumwolle, 25% Viskose, 5% Elasthan<\/p>","protected":false},"featured_media":645833,"template":"","meta":[],"product_brand":[],"product_cat":[4198],"product_tag":[],"class_list":{"0":"post-645831","1":"product","2":"type-product","3":"status-publish","4":"has-post-thumbnail","6":"product_cat-shorts","7":"pa_brand-cutter-buck","8":"pa_brand-type-workwear","9":"pa_filter-color-beige","10":"pa_filter-color-blau","11":"pa_filter-color-gruen","12":"pa_filter-color-schwarz","14":"first","15":"instock","16":"sale","17":"taxable","18":"shipping-taxable","19":"purchasable","20":"product-type-variable","21":"add-to-wishlist-before_image"},"exclude_global_add_ons":[],"addons":[],"acf":[],"_links":{"self":[{"href":"https:\/\/shop.kustom.ch\/it\/wp-json\/wp\/v2\/product\/645831"}],"collection":[{"href":"https:\/\/shop.kustom.ch\/it\/wp-json\/wp\/v2\/product"}],"about":[{"href":"https:\/\/shop.kustom.ch\/it\/wp-json\/wp\/v2\/types\/product"}],"wp:featuredmedia":[{"embeddable":true,"href":"https:\/\/shop.kustom.ch\/it\/wp-json\/wp\/v2\/media\/645833"}],"wp:attachment":[{"href":"https:\/\/shop.kustom.ch\/it\/wp-json\/wp\/v2\/media?parent=645831"}],"wp:term":[{"taxonomy":"product_brand","embeddable":true,"href":"https:\/\/shop.kustom.ch\/it\/wp-json\/wp\/v2\/product_brand?post=645831"},{"taxonomy":"product_cat","embeddable":true,"href":"https:\/\/shop.kustom.ch\/it\/wp-json\/wp\/v2\/product_cat?post=645831"},{"taxonomy":"product_tag","embeddable":true,"href":"https:\/\/shop.kustom.ch\/it\/wp-json\/wp\/v2\/product_tag?post=645831"}],"curies":[{"name":"wp","href":"https:\/\/api.w.org\/{rel}","templated":true}]}}