{"id":645533,"date":"2025-04-04T20:02:31","date_gmt":"2025-04-04T19:02:31","guid":{"rendered":"https:\/\/shop.kustom.ch\/?post_type=product&#038;p=645533"},"modified":"2026-03-31T11:33:05","modified_gmt":"2026-03-31T10:33:05","slug":"mount-adams-vest-men","status":"publish","type":"product","link":"https:\/\/shop.kustom.ch\/it\/prodotto\/mount-adams-vest-men\/","title":{"rendered":"Gilet Mount Adams Uomo"},"content":{"rendered":"<p>Il nostro gilet Mount Adams \u00e8 la combinazione perfetta di stile e funzionalit\u00e0. Progettato per la massima versatilit\u00e0, questa versione senza maniche della giacca Mount Adams \u00e8 ideale per essere indossata sotto l'abbigliamento esterno, mantenendo il calore essenziale. Realizzato con Gold Insulation Luxe\u2122 di PrimaLoft\u00ae, questo gilet \u00e8 imbottito con materiali riciclati 100%. L'innovativo isolamento imita la leggerezza, il calore e la morbidezza della piuma d'oca naturale e offre un comfort superiore senza compromessi. Il gilet \u00e8 dotato di un cappuccio staccabile con orlo elasticizzato, due ampie tasche anteriori e un'ulteriore tasca sul petto.<\/p>\n<p>Materiale: nylon riciclato 100%. Imbottitura: poliestere riciclato 100%. Fodera: 100% nylon riciclato.<\/p>","protected":false},"excerpt":{"rendered":"<p>Unsere Mount Adams Weste ist die perfekte Kombination aus Stil und Funktionalit\u00e4t. Diese \u00e4rmellose Version der Mount Adams Jacke wurde f\u00fcr maximale Vielseitigkeit entwickelt und ist ideal zum Tragen unter Ihrer Oberbekleidung, w\u00e4hrend sie die n\u00f6tige W\u00e4rme bewahrt. Gefertigt mit Gold Insulation Luxe\u2122 von PrimaLoft\u00ae, ist diese Weste mit 100% recycelten Materialien gef\u00fcllt. Die innovative [&hellip;]<\/p>\n","protected":false},"featured_media":645535,"template":"","meta":[],"product_brand":[],"product_cat":[4208],"product_tag":[],"class_list":{"0":"post-645533","1":"product","2":"type-product","3":"status-publish","4":"has-post-thumbnail","6":"product_cat-westen","7":"pa_brand-cutter-buck","8":"pa_brand-type-workwear","9":"pa_filter-color-blau","10":"pa_filter-color-schwarz","12":"first","13":"instock","14":"sale","15":"taxable","16":"shipping-taxable","17":"purchasable","18":"product-type-variable","19":"add-to-wishlist-before_image"},"exclude_global_add_ons":[],"addons":[],"acf":[],"_links":{"self":[{"href":"https:\/\/shop.kustom.ch\/it\/wp-json\/wp\/v2\/product\/645533"}],"collection":[{"href":"https:\/\/shop.kustom.ch\/it\/wp-json\/wp\/v2\/product"}],"about":[{"href":"https:\/\/shop.kustom.ch\/it\/wp-json\/wp\/v2\/types\/product"}],"wp:featuredmedia":[{"embeddable":true,"href":"https:\/\/shop.kustom.ch\/it\/wp-json\/wp\/v2\/media\/645535"}],"wp:attachment":[{"href":"https:\/\/shop.kustom.ch\/it\/wp-json\/wp\/v2\/media?parent=645533"}],"wp:term":[{"taxonomy":"product_brand","embeddable":true,"href":"https:\/\/shop.kustom.ch\/it\/wp-json\/wp\/v2\/product_brand?post=645533"},{"taxonomy":"product_cat","embeddable":true,"href":"https:\/\/shop.kustom.ch\/it\/wp-json\/wp\/v2\/product_cat?post=645533"},{"taxonomy":"product_tag","embeddable":true,"href":"https:\/\/shop.kustom.ch\/it\/wp-json\/wp\/v2\/product_tag?post=645533"}],"curies":[{"name":"wp","href":"https:\/\/api.w.org\/{rel}","templated":true}]}}