{"id":645308,"date":"2025-04-04T19:27:25","date_gmt":"2025-04-04T18:27:25","guid":{"rendered":"https:\/\/shop.kustom.ch\/?post_type=product&#038;p=645308"},"modified":"2026-03-31T10:16:35","modified_gmt":"2026-03-31T09:16:35","slug":"key-hood-unisex","status":"publish","type":"product","link":"https:\/\/shop.kustom.ch\/it\/prodotto\/key-hood-unisex\/","title":{"rendered":"Cappuccio a chiave Unisex"},"content":{"rendered":"<p>Felpa con cappuccio in materiale confortevole, morbido e leggermente pi\u00f9 pesante, con fodera interna spazzolata. Cappuccio con coulisse e dettagli in metallo color argento antico. Cappuccio con doppia cucitura in tessuto a doppio strato. Maglia a coste 2\u00d72 su maniche, orlo e bordo inferiore.<\/p>\n<p>Materiale: 85% cotone organico Fairtrade, 15% poliestere riciclato<\/p>","protected":false},"excerpt":{"rendered":"<p>Hoodie aus einem bequemen, weichen und etwas schwereren Material mit geb\u00fcrstetem Innenfutter. Kapuze mit Kordel und Details aus antik-silbernem Metall. Doppelt gen\u00e4hte Kapuze aus doppellagigem Stoff. 2&#215;2 Rippstrick an den \u00c4rmeln, am Saum und am unteren Rand. Material: 85% \u00f6kologisch Baumwolle Fairtrade, 15% recyceltes Polyester<\/p>","protected":false},"featured_media":645309,"template":"","meta":[],"product_brand":[],"product_cat":[4184],"product_tag":[],"class_list":{"0":"post-645308","1":"product","2":"type-product","3":"status-publish","4":"has-post-thumbnail","6":"product_cat-hoodies-pullover","7":"pa_brand-cottover","8":"pa_brand-type-workwear","9":"pa_filter-color-beige","10":"pa_filter-color-blau","11":"pa_filter-color-grau","12":"pa_filter-color-gruen","13":"pa_filter-color-rot","14":"pa_filter-color-schwarz","16":"first","17":"instock","18":"sale","19":"taxable","20":"shipping-taxable","21":"purchasable","22":"product-type-variable","23":"add-to-wishlist-before_image"},"exclude_global_add_ons":[],"addons":[],"acf":[],"_links":{"self":[{"href":"https:\/\/shop.kustom.ch\/it\/wp-json\/wp\/v2\/product\/645308"}],"collection":[{"href":"https:\/\/shop.kustom.ch\/it\/wp-json\/wp\/v2\/product"}],"about":[{"href":"https:\/\/shop.kustom.ch\/it\/wp-json\/wp\/v2\/types\/product"}],"wp:featuredmedia":[{"embeddable":true,"href":"https:\/\/shop.kustom.ch\/it\/wp-json\/wp\/v2\/media\/645309"}],"wp:attachment":[{"href":"https:\/\/shop.kustom.ch\/it\/wp-json\/wp\/v2\/media?parent=645308"}],"wp:term":[{"taxonomy":"product_brand","embeddable":true,"href":"https:\/\/shop.kustom.ch\/it\/wp-json\/wp\/v2\/product_brand?post=645308"},{"taxonomy":"product_cat","embeddable":true,"href":"https:\/\/shop.kustom.ch\/it\/wp-json\/wp\/v2\/product_cat?post=645308"},{"taxonomy":"product_tag","embeddable":true,"href":"https:\/\/shop.kustom.ch\/it\/wp-json\/wp\/v2\/product_tag?post=645308"}],"curies":[{"name":"wp","href":"https:\/\/api.w.org\/{rel}","templated":true}]}}