{"id":645092,"date":"2025-04-04T19:26:28","date_gmt":"2025-04-04T18:26:28","guid":{"rendered":"https:\/\/shop.kustom.ch\/?post_type=product&#038;p=645092"},"modified":"2026-03-31T10:15:02","modified_gmt":"2026-03-31T09:15:02","slug":"poplin-comfort-man","status":"publish","type":"product","link":"https:\/\/shop.kustom.ch\/it\/prodotto\/poplin-comfort-man\/","title":{"rendered":"Popeline Comfort Uomo"},"content":{"rendered":"<p>Elegante camicia in tessuto popeline con elementi elasticizzati, le cui propriet\u00e0 assicurano una sensazione di elasticit\u00e0 e morbidezza. Con colletto classico. Comfort e vestibilit\u00e0 slim per l'uomo. Il modello da donna \u00e8 leggermente sartoriale.<\/p>\n<p>Materiale: 97% cotone equo e solidale da agricoltura biologica, 3% elastan<\/p>","protected":false},"excerpt":{"rendered":"<p>Elegantes Hemd aus Popeline-Stoff mit Stretchelementen, deren Eigenschaften f\u00fcr ein geschmeidiges und weiches Tragegef\u00fchl sorgen. Mit klassischem Kragen. Komfort- und Slim-Fit f\u00fcr M\u00e4nner. Das Damenmodell ist leicht tailliert. Material: 97% \u00f6kologisch angebaute Baumwolle Fairtrade, 3% Elasthan<\/p>","protected":false},"featured_media":645139,"template":"","meta":[],"product_brand":[],"product_cat":[9874],"product_tag":[],"class_list":{"0":"post-645092","1":"product","2":"type-product","3":"status-publish","4":"has-post-thumbnail","6":"product_cat-hemden","7":"pa_brand-cottover","8":"pa_brand-type-workwear","9":"pa_filter-color-schwarz","10":"pa_filter-color-weiss","12":"first","13":"instock","14":"sale","15":"taxable","16":"shipping-taxable","17":"purchasable","18":"product-type-variable","19":"add-to-wishlist-before_image"},"exclude_global_add_ons":[],"addons":[],"acf":[],"_links":{"self":[{"href":"https:\/\/shop.kustom.ch\/it\/wp-json\/wp\/v2\/product\/645092"}],"collection":[{"href":"https:\/\/shop.kustom.ch\/it\/wp-json\/wp\/v2\/product"}],"about":[{"href":"https:\/\/shop.kustom.ch\/it\/wp-json\/wp\/v2\/types\/product"}],"wp:featuredmedia":[{"embeddable":true,"href":"https:\/\/shop.kustom.ch\/it\/wp-json\/wp\/v2\/media\/645139"}],"wp:attachment":[{"href":"https:\/\/shop.kustom.ch\/it\/wp-json\/wp\/v2\/media?parent=645092"}],"wp:term":[{"taxonomy":"product_brand","embeddable":true,"href":"https:\/\/shop.kustom.ch\/it\/wp-json\/wp\/v2\/product_brand?post=645092"},{"taxonomy":"product_cat","embeddable":true,"href":"https:\/\/shop.kustom.ch\/it\/wp-json\/wp\/v2\/product_cat?post=645092"},{"taxonomy":"product_tag","embeddable":true,"href":"https:\/\/shop.kustom.ch\/it\/wp-json\/wp\/v2\/product_tag?post=645092"}],"curies":[{"name":"wp","href":"https:\/\/api.w.org\/{rel}","templated":true}]}}