{"id":645090,"date":"2025-04-04T19:26:28","date_gmt":"2025-04-04T18:26:28","guid":{"rendered":"https:\/\/shop.kustom.ch\/?post_type=product&#038;p=645090"},"modified":"2026-03-31T10:17:32","modified_gmt":"2026-03-31T09:17:32","slug":"oversize-t-shirt","status":"publish","type":"product","link":"https:\/\/shop.kustom.ch\/it\/prodotto\/oversize-t-shirt\/","title":{"rendered":"Maglietta oversize"},"content":{"rendered":"<p>T-shirt casual unisex in cotone biologico equosolidale 100%<\/p>\n<p>Materiale: cotone biologico equosolidale 100%<\/p>","protected":false},"excerpt":{"rendered":"<p>L\u00e4ssiges Unisex-T-Shirt aus 100% \u00f6kologischer Fairtrade-Baumwolle Material: 100% \u00f6kologische Fairtrade-Baumwolle<\/p>","protected":false},"featured_media":645093,"template":"","meta":[],"product_brand":[],"product_cat":[4201],"product_tag":[],"class_list":{"0":"post-645090","1":"product","2":"type-product","3":"status-publish","4":"has-post-thumbnail","6":"product_cat-t-shirts","7":"pa_brand-cottover","8":"pa_brand-type-workwear","9":"pa_filter-color-blau","10":"pa_filter-color-grau","11":"pa_filter-color-schwarz","13":"first","14":"instock","15":"sale","16":"taxable","17":"shipping-taxable","18":"purchasable","19":"product-type-variable","20":"add-to-wishlist-before_image"},"exclude_global_add_ons":[],"addons":[],"acf":[],"_links":{"self":[{"href":"https:\/\/shop.kustom.ch\/it\/wp-json\/wp\/v2\/product\/645090"}],"collection":[{"href":"https:\/\/shop.kustom.ch\/it\/wp-json\/wp\/v2\/product"}],"about":[{"href":"https:\/\/shop.kustom.ch\/it\/wp-json\/wp\/v2\/types\/product"}],"wp:featuredmedia":[{"embeddable":true,"href":"https:\/\/shop.kustom.ch\/it\/wp-json\/wp\/v2\/media\/645093"}],"wp:attachment":[{"href":"https:\/\/shop.kustom.ch\/it\/wp-json\/wp\/v2\/media?parent=645090"}],"wp:term":[{"taxonomy":"product_brand","embeddable":true,"href":"https:\/\/shop.kustom.ch\/it\/wp-json\/wp\/v2\/product_brand?post=645090"},{"taxonomy":"product_cat","embeddable":true,"href":"https:\/\/shop.kustom.ch\/it\/wp-json\/wp\/v2\/product_cat?post=645090"},{"taxonomy":"product_tag","embeddable":true,"href":"https:\/\/shop.kustom.ch\/it\/wp-json\/wp\/v2\/product_tag?post=645090"}],"curies":[{"name":"wp","href":"https:\/\/api.w.org\/{rel}","templated":true}]}}