{"id":644754,"date":"2025-04-04T19:15:21","date_gmt":"2025-04-04T18:15:21","guid":{"rendered":"https:\/\/shop.kustom.ch\/?post_type=product&#038;p=644754"},"modified":"2026-03-31T13:14:47","modified_gmt":"2026-03-31T12:14:47","slug":"miami-pro-roundneck","status":"publish","type":"product","link":"https:\/\/shop.kustom.ch\/it\/prodotto\/miami-pro-roundneck\/","title":{"rendered":"Miami PRO Collo rotondo"},"content":{"rendered":"<p>Felpa unisex a girocollo in spugna francese, realizzata in misto cotone e poliestere riciclato. Presenta maniche raglan e una maglia a coste 2\u00d72 elasticizzata con cuciture singole su scollo, polsini e orlo. Include un nastro twill a contrasto sul collo e un'etichetta facilmente rimovibile per il rebranding. Il tessuto morbido e stabilizzato \u00e8 progettato per lavaggi frequenti e ha propriet\u00e0 anti-pilling.<\/p>\n<p>Materiale: 80% cotone, 20% poliestere riciclato<\/p>","protected":false},"excerpt":{"rendered":"<p>Ein Unisex Rundhals Sweatshirt in French-Terry-Qualit\u00e4t, aus einer Mischung aus Baumwolle und recyceltem Polyester. Er verf\u00fcgt \u00fcber Raglan\u00e4rmel und einen elastischen 2&#215;2-Rippstrick mit einfacher Naht am Halsausschnitt, an den \u00c4rmelb\u00fcndchen und am Saum. Inklusive Nackenband aus Twill in Kontrastfarbe und einem leicht entfernbaren Etikett f\u00fcr Rebranding-Zwecke. Der weiche, stabilisierte Stoff ist f\u00fcr h\u00e4ufiges Waschen ausgelegt [&hellip;]<\/p>\n","protected":false},"featured_media":644814,"template":"","meta":[],"product_brand":[],"product_cat":[4191],"product_tag":[],"class_list":{"0":"post-644754","1":"product","2":"type-product","3":"status-publish","4":"has-post-thumbnail","6":"product_cat-longsleeves-sweatshirts","7":"pa_brand-clique","8":"pa_brand-type-workwear","9":"pa_filter-color-blau","10":"pa_filter-color-grau","11":"pa_filter-color-schwarz","13":"first","14":"instock","15":"sale","16":"taxable","17":"shipping-taxable","18":"purchasable","19":"product-type-variable","20":"add-to-wishlist-before_image"},"exclude_global_add_ons":[],"addons":[],"acf":[],"_links":{"self":[{"href":"https:\/\/shop.kustom.ch\/it\/wp-json\/wp\/v2\/product\/644754"}],"collection":[{"href":"https:\/\/shop.kustom.ch\/it\/wp-json\/wp\/v2\/product"}],"about":[{"href":"https:\/\/shop.kustom.ch\/it\/wp-json\/wp\/v2\/types\/product"}],"wp:featuredmedia":[{"embeddable":true,"href":"https:\/\/shop.kustom.ch\/it\/wp-json\/wp\/v2\/media\/644814"}],"wp:attachment":[{"href":"https:\/\/shop.kustom.ch\/it\/wp-json\/wp\/v2\/media?parent=644754"}],"wp:term":[{"taxonomy":"product_brand","embeddable":true,"href":"https:\/\/shop.kustom.ch\/it\/wp-json\/wp\/v2\/product_brand?post=644754"},{"taxonomy":"product_cat","embeddable":true,"href":"https:\/\/shop.kustom.ch\/it\/wp-json\/wp\/v2\/product_cat?post=644754"},{"taxonomy":"product_tag","embeddable":true,"href":"https:\/\/shop.kustom.ch\/it\/wp-json\/wp\/v2\/product_tag?post=644754"}],"curies":[{"name":"wp","href":"https:\/\/api.w.org\/{rel}","templated":true}]}}