{"id":644753,"date":"2025-04-04T19:15:21","date_gmt":"2025-04-04T18:15:21","guid":{"rendered":"https:\/\/shop.kustom.ch\/?post_type=product&#038;p=644753"},"modified":"2026-03-31T13:17:04","modified_gmt":"2026-03-31T12:17:04","slug":"miami-pro-hoody-full-zip","status":"publish","type":"product","link":"https:\/\/shop.kustom.ch\/it\/prodotto\/miami-pro-hoody-full-zip\/","title":{"rendered":"Felpa con cappuccio Miami PRO con zip integrale"},"content":{"rendered":"<p>Felpa unisex con cappuccio e zip a tutta lunghezza, realizzata in tessuto French terry e misto cotone e poliestere riciclato. Presenta maniche raglan, una tasca a canguro e una linguetta di protezione sulla parte superiore della zip in metallo. La felpa con cappuccio ha un doppio strato di tessuto per una maggiore stabilit\u00e0. Le estremit\u00e0 del cordino e gli occhielli sono in metallo. La maglia elasticizzata a costine 2\u00d72 \u00e8 rifinita con cuciture singole su scollo, polsini e orlo. Include un nastro twill a contrasto per il collo, un occhiello per appenderlo e un'etichetta facilmente rimovibile per il rebranding. Il tessuto morbido e stabilizzato \u00e8 progettato per lavaggi frequenti e ha propriet\u00e0 anti-pilling.<\/p>\n<p>Materiale: 80% cotone, 20% poliestere riciclato<\/p>","protected":false},"excerpt":{"rendered":"<p>Ein Unisex Hoodie mit durchgehendem Reissverschluss, aus French-Terry-Qualit\u00e4t und einer Mischung aus Baumwolle und recyceltem Polyester. Er verf\u00fcgt \u00fcber Raglan\u00e4rmel, eine K\u00e4ngurutasche und eine Schutzlasche am oberen Ende des Metallreissverschlusses. Der Hoodie hat eine doppelte Stofflage f\u00fcr zus\u00e4tzliche Stabilit\u00e4t. Die Kordelenden und \u00d6sen sind aus Metall gefertigt. Der elastische 2&#215;2-Rippstrick ist mit einfacher Naht am [&hellip;]<\/p>\n","protected":false},"featured_media":644778,"template":"","meta":[],"product_brand":[],"product_cat":[4191],"product_tag":[],"class_list":{"0":"post-644753","1":"product","2":"type-product","3":"status-publish","4":"has-post-thumbnail","6":"product_cat-longsleeves-sweatshirts","7":"pa_brand-clique","8":"pa_brand-type-workwear","9":"pa_filter-color-blau","10":"pa_filter-color-grau","11":"pa_filter-color-schwarz","13":"first","14":"instock","15":"sale","16":"taxable","17":"shipping-taxable","18":"purchasable","19":"product-type-variable","20":"add-to-wishlist-before_image"},"exclude_global_add_ons":[],"addons":[],"acf":[],"_links":{"self":[{"href":"https:\/\/shop.kustom.ch\/it\/wp-json\/wp\/v2\/product\/644753"}],"collection":[{"href":"https:\/\/shop.kustom.ch\/it\/wp-json\/wp\/v2\/product"}],"about":[{"href":"https:\/\/shop.kustom.ch\/it\/wp-json\/wp\/v2\/types\/product"}],"wp:featuredmedia":[{"embeddable":true,"href":"https:\/\/shop.kustom.ch\/it\/wp-json\/wp\/v2\/media\/644778"}],"wp:attachment":[{"href":"https:\/\/shop.kustom.ch\/it\/wp-json\/wp\/v2\/media?parent=644753"}],"wp:term":[{"taxonomy":"product_brand","embeddable":true,"href":"https:\/\/shop.kustom.ch\/it\/wp-json\/wp\/v2\/product_brand?post=644753"},{"taxonomy":"product_cat","embeddable":true,"href":"https:\/\/shop.kustom.ch\/it\/wp-json\/wp\/v2\/product_cat?post=644753"},{"taxonomy":"product_tag","embeddable":true,"href":"https:\/\/shop.kustom.ch\/it\/wp-json\/wp\/v2\/product_tag?post=644753"}],"curies":[{"name":"wp","href":"https:\/\/api.w.org\/{rel}","templated":true}]}}