{"id":644652,"date":"2025-04-04T19:14:34","date_gmt":"2025-04-04T18:14:34","guid":{"rendered":"https:\/\/shop.kustom.ch\/?post_type=product&#038;p=644652"},"modified":"2026-03-31T13:05:51","modified_gmt":"2026-03-31T12:05:51","slug":"miami-cardigan","status":"publish","type":"product","link":"https:\/\/shop.kustom.ch\/it\/prodotto\/miami-cardigan\/","title":{"rendered":"Cardigan Miami"},"content":{"rendered":"<p>Cardigan unisex con zip a tutta lunghezza, realizzato in misto cotone e poliestere riciclato. Presenta un collo alto per un maggiore comfort, una cerniera SBS in metallo e due tasche anteriori con cerniera. La maglia elasticizzata a coste 2\u00d72 \u00e8 rifinita con doppie cuciture sui polsini e sull'orlo. Include un nastro per il collo in twill, un passante per appendere e un'etichetta facilmente rimovibile per il rebranding. Il tessuto morbido e stabilizzato \u00e8 progettato per lavaggi frequenti e ha propriet\u00e0 anti-pilling.<\/p>\n<p>Materiale: 80% cotone, 20% poliestere riciclato<\/p>","protected":false},"excerpt":{"rendered":"<p>Ein Unisex Cardigan mit durchgehendem Reissverschluss, aus einer Mischung aus Baumwolle und recyceltem Polyester. Er verf\u00fcgt \u00fcber einen hohen Kragen f\u00fcr zus\u00e4tzlichen Komfort, einen SBS-Reissverschluss in Metalloptik und zwei Fronttaschen mit Reissverschluss. Der elastische 2&#215;2-Rippstrick ist mit doppelten N\u00e4hten an den \u00c4rmelb\u00fcndchen und am Saum versehen. Inklusive Nackenband aus Twill, einer Aufh\u00e4ngeschlaufe und einem leicht [&hellip;]<\/p>\n","protected":false},"featured_media":644654,"template":"","meta":[],"product_brand":[],"product_cat":[4191],"product_tag":[],"class_list":{"0":"post-644652","1":"product","2":"type-product","3":"status-publish","4":"has-post-thumbnail","6":"product_cat-longsleeves-sweatshirts","7":"pa_brand-clique","8":"pa_brand-type-workwear","9":"pa_filter-color-blau","10":"pa_filter-color-grau","11":"pa_filter-color-schwarz","13":"first","14":"instock","15":"sale","16":"taxable","17":"shipping-taxable","18":"purchasable","19":"product-type-variable","20":"add-to-wishlist-before_image"},"exclude_global_add_ons":[],"addons":[],"acf":[],"_links":{"self":[{"href":"https:\/\/shop.kustom.ch\/it\/wp-json\/wp\/v2\/product\/644652"}],"collection":[{"href":"https:\/\/shop.kustom.ch\/it\/wp-json\/wp\/v2\/product"}],"about":[{"href":"https:\/\/shop.kustom.ch\/it\/wp-json\/wp\/v2\/types\/product"}],"wp:featuredmedia":[{"embeddable":true,"href":"https:\/\/shop.kustom.ch\/it\/wp-json\/wp\/v2\/media\/644654"}],"wp:attachment":[{"href":"https:\/\/shop.kustom.ch\/it\/wp-json\/wp\/v2\/media?parent=644652"}],"wp:term":[{"taxonomy":"product_brand","embeddable":true,"href":"https:\/\/shop.kustom.ch\/it\/wp-json\/wp\/v2\/product_brand?post=644652"},{"taxonomy":"product_cat","embeddable":true,"href":"https:\/\/shop.kustom.ch\/it\/wp-json\/wp\/v2\/product_cat?post=644652"},{"taxonomy":"product_tag","embeddable":true,"href":"https:\/\/shop.kustom.ch\/it\/wp-json\/wp\/v2\/product_tag?post=644652"}],"curies":[{"name":"wp","href":"https:\/\/api.w.org\/{rel}","templated":true}]}}