{"id":644419,"date":"2025-04-03T21:56:21","date_gmt":"2025-04-03T20:56:21","guid":{"rendered":"https:\/\/shop.kustom.ch\/?post_type=product&#038;p=644419"},"modified":"2026-03-31T11:22:14","modified_gmt":"2026-03-31T10:22:14","slug":"yoke-fleece-half-zip-woman","status":"publish","type":"product","link":"https:\/\/shop.kustom.ch\/it\/prodotto\/yoke-fleece-half-zip-woman\/","title":{"rendered":"Pile carr\u00e9 mezza zip donna"},"content":{"rendered":"<p>Una giacca in pile con mezza zip e un design senza tempo che vi terr\u00e0 al caldo tutto l'anno. Si adatta perfettamente a una giacca shell o pu\u00f2 essere indossata separatamente nelle giornate pi\u00f9 fresche. Abbinata ai jeans o a uno dei nostri pantaloni da outdoor, \u00e8 perfetta per creare un look completo. \u00c8 dotato di un'elegante zip sul collo per regolare la temperatura e di due tasche con zip sul davanti per riporre il cellulare e le chiavi. Presenta inoltre un discreto logo Tenson sul braccio. La Yoke Half Zip \u00e8 perfetta come giacca per i giorni feriali in citt\u00e0 e per i fine settimana all'aperto.<\/p>\n<p>Materiale: poliestere riciclato 100%<\/p>","protected":false},"excerpt":{"rendered":"<p>Eine Fleecejacke mit Halbreissverschluss und zeitlosem Design, der Sie das ganze Jahr \u00fcber warm h\u00e4lt. Sie passt perfekt unter eine Shell-Jacke oder kann an k\u00fchlen Tagen auch separat getragen werden. Kombiniert mit Jeans oder einer unserer Outdoor-Hosen sieht sie grossartig aus und sorgt f\u00fcr einen kompletten Look. Sie hat am Hals als stylisches Detail einen [&hellip;]<\/p>\n","protected":false},"featured_media":644461,"template":"","meta":[],"product_brand":[],"product_cat":[4191],"product_tag":[],"class_list":{"0":"post-644419","1":"product","2":"type-product","3":"status-publish","4":"has-post-thumbnail","6":"product_cat-longsleeves-sweatshirts","7":"pa_brand-tenson","8":"pa_brand-type-sportswear","9":"pa_filter-color-beige","10":"pa_filter-color-schwarz","12":"first","13":"instock","14":"sale","15":"taxable","16":"shipping-taxable","17":"purchasable","18":"product-type-variable","19":"add-to-wishlist-before_image"},"exclude_global_add_ons":[],"addons":[],"acf":[],"_links":{"self":[{"href":"https:\/\/shop.kustom.ch\/it\/wp-json\/wp\/v2\/product\/644419"}],"collection":[{"href":"https:\/\/shop.kustom.ch\/it\/wp-json\/wp\/v2\/product"}],"about":[{"href":"https:\/\/shop.kustom.ch\/it\/wp-json\/wp\/v2\/types\/product"}],"wp:featuredmedia":[{"embeddable":true,"href":"https:\/\/shop.kustom.ch\/it\/wp-json\/wp\/v2\/media\/644461"}],"wp:attachment":[{"href":"https:\/\/shop.kustom.ch\/it\/wp-json\/wp\/v2\/media?parent=644419"}],"wp:term":[{"taxonomy":"product_brand","embeddable":true,"href":"https:\/\/shop.kustom.ch\/it\/wp-json\/wp\/v2\/product_brand?post=644419"},{"taxonomy":"product_cat","embeddable":true,"href":"https:\/\/shop.kustom.ch\/it\/wp-json\/wp\/v2\/product_cat?post=644419"},{"taxonomy":"product_tag","embeddable":true,"href":"https:\/\/shop.kustom.ch\/it\/wp-json\/wp\/v2\/product_tag?post=644419"}],"curies":[{"name":"wp","href":"https:\/\/api.w.org\/{rel}","templated":true}]}}